{"id":6924,"date":"2025-08-15T13:59:23","date_gmt":"2025-08-15T11:59:23","guid":{"rendered":"https:\/\/www.industridraperier.se\/produkter\/stoydemping\/stoyskjermer-2\/"},"modified":"2025-08-29T10:34:08","modified_gmt":"2025-08-29T08:34:08","slug":"stoyskjermer","status":"publish","type":"page","link":"https:\/\/www.industridraperier.se\/no\/produkter\/stoydemping\/stoyskjermer\/","title":{"rendered":"St\u00f8yskjermer"},"content":{"rendered":"[vc_row type=&#8221;in_container&#8221; full_screen_row_position=&#8221;middle&#8221; column_margin=&#8221;default&#8221; column_direction=&#8221;default&#8221; column_direction_tablet=&#8221;default&#8221; column_direction_phone=&#8221;default&#8221; scene_position=&#8221;center&#8221; text_color=&#8221;dark&#8221; text_align=&#8221;left&#8221; row_border_radius=&#8221;none&#8221; row_border_radius_applies=&#8221;bg&#8221; overflow=&#8221;visible&#8221; overlay_strength=&#8221;0.3&#8243; gradient_direction=&#8221;left_to_right&#8221; shape_divider_position=&#8221;bottom&#8221; bg_image_animation=&#8221;none&#8221;][vc_column column_padding=&#8221;no-extra-padding&#8221; column_padding_tablet=&#8221;inherit&#8221; column_padding_phone=&#8221;inherit&#8221; column_padding_position=&#8221;all&#8221; column_element_direction_desktop=&#8221;default&#8221; column_element_spacing=&#8221;default&#8221; desktop_text_alignment=&#8221;default&#8221; tablet_text_alignment=&#8221;default&#8221; phone_text_alignment=&#8221;default&#8221; background_color_opacity=&#8221;1&#8243; background_hover_color_opacity=&#8221;1&#8243; column_backdrop_filter=&#8221;none&#8221; column_shadow=&#8221;none&#8221; column_border_radius=&#8221;none&#8221; column_link_target=&#8221;_self&#8221; column_position=&#8221;default&#8221; gradient_direction=&#8221;left_to_right&#8221; overlay_strength=&#8221;0.3&#8243; width=&#8221;1\/2&#8243; tablet_width_inherit=&#8221;default&#8221; animation_type=&#8221;default&#8221; bg_image_animation=&#8221;none&#8221; border_type=&#8221;simple&#8221; column_border_width=&#8221;none&#8221; column_border_style=&#8221;solid&#8221;][image_with_animation image_url=&#8221;2144&#8243; image_size=&#8221;regular&#8221; animation_type=&#8221;entrance&#8221; animation=&#8221;None&#8221; animation_movement_type=&#8221;transform_y&#8221; hover_animation=&#8221;none&#8221; alignment=&#8221;&#8221; border_radius=&#8221;none&#8221; box_shadow=&#8221;none&#8221; image_loading=&#8221;default&#8221; max_width=&#8221;75%&#8221; max_width_mobile=&#8221;default&#8221;][\/vc_column][vc_column column_padding=&#8221;no-extra-padding&#8221; column_padding_tablet=&#8221;inherit&#8221; column_padding_phone=&#8221;inherit&#8221; column_padding_position=&#8221;all&#8221; column_element_direction_desktop=&#8221;default&#8221; column_element_spacing=&#8221;default&#8221; desktop_text_alignment=&#8221;default&#8221; tablet_text_alignment=&#8221;default&#8221; phone_text_alignment=&#8221;default&#8221; background_color_opacity=&#8221;1&#8243; background_hover_color_opacity=&#8221;1&#8243; column_backdrop_filter=&#8221;none&#8221; column_shadow=&#8221;none&#8221; column_border_radius=&#8221;none&#8221; column_link_target=&#8221;_self&#8221; column_position=&#8221;default&#8221; gradient_direction=&#8221;left_to_right&#8221; overlay_strength=&#8221;0.3&#8243; width=&#8221;1\/2&#8243; tablet_width_inherit=&#8221;default&#8221; animation_type=&#8221;default&#8221; bg_image_animation=&#8221;none&#8221; border_type=&#8221;simple&#8221; column_border_width=&#8221;none&#8221; column_border_style=&#8221;solid&#8221;][vc_column_text]\n<h3 class=\"p1\">Effektive st\u00f8yskjermer for industrien<\/h3>\n<p class=\"p1\">Industridraperier tilbyr et omfattende utvalg av st\u00f8yskjermer som er designet for \u00e5 effektivt redusere st\u00f8yniv\u00e5et i ulike milj\u00f8er. V\u00e5re st\u00f8yskjermer er laget av h\u00f8ykvalitetsmaterialer som ikke bare absorberer st\u00f8y, men ogs\u00e5 er slitesterke og holdbare. Enten du trenger st\u00f8yskjermer for industrielle anlegg, verksteder, lager- eller logisthaller eller andre omr\u00e5der hvor st\u00f8y er et problem, har vi l\u00f8sningen.<\/p>\n<h3 class=\"p1\">Fleksible og tilpassbare st\u00f8yskjermer<\/h3>\n<p class=\"p1\">V\u00e5re st\u00f8yskjermer kan brukes for \u00e5 skape avskilte arbeidsomr\u00e5der, redusere lydrefleksjoner eller beskytte mot h\u00f8ye st\u00f8yniv\u00e5er fra prosesser, maskiner eller annet utstyr. Med fleksibelt design er v\u00e5re st\u00f8yskjermer enkle \u00e5 montere og kan skreddersys for \u00e5 m\u00f8te ulike behov. I tillegg tilbyr vi st\u00f8yskjermer i ulike st\u00f8rrelser og konfigurasjoner, slik at du kan velge det alternativet som passer best for din arbeidsplass.<\/p>\n<h3 class=\"p1\">Forbedre arbeidsmilj\u00f8et<\/h3>\n<p class=\"p1\">Vi streber etter \u00e5 tilby produkter som forbedrer arbeidsmilj\u00f8et og \u00f8ker produktiviteten ved \u00e5 skape en roligere og mer trivelig arbeidsplass. Kontakt oss for \u00e5 l\u00e6re mer om v\u00e5rt utvalg av st\u00f8yskjermer og hvordan vi kan hjelpe deg med \u00e5 redusere st\u00f8yen p\u00e5 din arbeidsplass.<\/p>\n[\/vc_column_text][nectar_cta btn_style=&#8221;see-through&#8221; heading_tag=&#8221;h6&#8243; button_color=&#8221;default&#8221; text_color=&#8221;#0f56a2&#8243; text_color_hover=&#8221;#f39d00&#8243; button_border_thickness=&#8221;0px&#8221; link_type=&#8221;regular&#8221; alignment=&#8221;left&#8221; alignment_tablet=&#8221;default&#8221; alignment_phone=&#8221;default&#8221; display=&#8221;block&#8221; display_tablet=&#8221;inherit&#8221; display_phone=&#8221;inherit&#8221; link_text=&#8221;Les mer om hvordan vi demper st\u00f8y&#8221; url=&#8221;https:\/\/www.industridraperier.se\/no\/produkter\/stoydemping\/hvordan-demper-vi-stoy\/&#8221;][\/vc_column][\/vc_row][vc_row type=&#8221;in_container&#8221; full_screen_row_position=&#8221;middle&#8221; column_margin=&#8221;default&#8221; column_direction=&#8221;default&#8221; column_direction_tablet=&#8221;default&#8221; column_direction_phone=&#8221;default&#8221; scene_position=&#8221;center&#8221; text_color=&#8221;dark&#8221; text_align=&#8221;left&#8221; row_border_radius=&#8221;none&#8221; row_border_radius_applies=&#8221;bg&#8221; overflow=&#8221;visible&#8221; overlay_strength=&#8221;0.3&#8243; gradient_direction=&#8221;left_to_right&#8221; shape_divider_position=&#8221;bottom&#8221; bg_image_animation=&#8221;none&#8221;][vc_column column_padding=&#8221;no-extra-padding&#8221; column_padding_tablet=&#8221;inherit&#8221; column_padding_phone=&#8221;inherit&#8221; column_padding_position=&#8221;all&#8221; column_element_direction_desktop=&#8221;default&#8221; column_element_spacing=&#8221;default&#8221; desktop_text_alignment=&#8221;default&#8221; tablet_text_alignment=&#8221;default&#8221; phone_text_alignment=&#8221;default&#8221; background_color_opacity=&#8221;1&#8243; background_hover_color_opacity=&#8221;1&#8243; column_backdrop_filter=&#8221;none&#8221; column_shadow=&#8221;none&#8221; column_border_radius=&#8221;none&#8221; column_link_target=&#8221;_self&#8221; column_position=&#8221;default&#8221; gradient_direction=&#8221;left_to_right&#8221; overlay_strength=&#8221;0.3&#8243; width=&#8221;1\/4&#8243; tablet_width_inherit=&#8221;default&#8221; animation_type=&#8221;default&#8221; bg_image_animation=&#8221;none&#8221; border_type=&#8221;simple&#8221; column_border_width=&#8221;none&#8221; column_border_style=&#8221;solid&#8221;][image_with_animation image_url=&#8221;5771&#8243; image_size=&#8221;full&#8221; animation_type=&#8221;entrance&#8221; animation=&#8221;None&#8221; animation_movement_type=&#8221;transform_y&#8221; hover_animation=&#8221;none&#8221; alignment=&#8221;&#8221; border_radius=&#8221;none&#8221; box_shadow=&#8221;none&#8221; image_loading=&#8221;default&#8221; max_width=&#8221;100%&#8221; max_width_mobile=&#8221;default&#8221;][\/vc_column][vc_column column_padding=&#8221;no-extra-padding&#8221; column_padding_tablet=&#8221;inherit&#8221; column_padding_phone=&#8221;inherit&#8221; column_padding_position=&#8221;all&#8221; column_element_direction_desktop=&#8221;default&#8221; column_element_spacing=&#8221;default&#8221; desktop_text_alignment=&#8221;default&#8221; tablet_text_alignment=&#8221;default&#8221; phone_text_alignment=&#8221;default&#8221; background_color_opacity=&#8221;1&#8243; background_hover_color_opacity=&#8221;1&#8243; column_backdrop_filter=&#8221;none&#8221; column_shadow=&#8221;none&#8221; column_border_radius=&#8221;none&#8221; column_link_target=&#8221;_self&#8221; column_position=&#8221;default&#8221; gradient_direction=&#8221;left_to_right&#8221; overlay_strength=&#8221;0.3&#8243; width=&#8221;3\/4&#8243; tablet_width_inherit=&#8221;default&#8221; animation_type=&#8221;default&#8221; bg_image_animation=&#8221;none&#8221; border_type=&#8221;simple&#8221; column_border_width=&#8221;none&#8221; column_border_style=&#8221;solid&#8221;][vc_column_text]\n<h3 class=\"p1\">Maxibell \u2013 st\u00f8ydemping med funksjon og estetikk<\/h3>\n<p class=\"p1\">Hos en av verdens ledende leverand\u00f8rer av prosess- og pakkel\u00f8sninger for mat og drikke har Industridraperier implementert innovative l\u00f8sninger for st\u00f8ydemping. Med skreddersydde Maxibell A50-paneler har vi forbedret lydmilj\u00f8et og skapt en estetisk tiltalende l\u00f8sning som skjuler r\u00f8r og ledninger i en stor monteringshall.<\/p>\n[\/vc_column_text][nectar_cta btn_style=&#8221;see-through&#8221; heading_tag=&#8221;h6&#8243; button_color=&#8221;default&#8221; text_color=&#8221;#0f56a2&#8243; text_color_hover=&#8221;#f39d00&#8243; button_border_thickness=&#8221;0px&#8221; link_type=&#8221;regular&#8221; alignment=&#8221;left&#8221; alignment_tablet=&#8221;default&#8221; alignment_phone=&#8221;default&#8221; display=&#8221;block&#8221; display_tablet=&#8221;inherit&#8221; display_phone=&#8221;inherit&#8221; link_text=&#8221;Les mer her&#8221; url=&#8221;https:\/\/www.industridraperier.se\/no\/maxibell-stoydemping-med-funksjon-og-estetikk\/&#8221;][\/vc_column][\/vc_row]\n","protected":false},"excerpt":{"rendered":"<p>[vc_row type=&#8221;in_container&#8221; full_screen_row_position=&#8221;middle&#8221; column_margin=&#8221;default&#8221; column_direction=&#8221;default&#8221; column_direction_tablet=&#8221;default&#8221; column_direction_phone=&#8221;default&#8221; scene_position=&#8221;center&#8221; text_color=&#8221;dark&#8221; text_align=&#8221;left&#8221; row_border_radius=&#8221;none&#8221; row_border_radius_applies=&#8221;bg&#8221; overflow=&#8221;visible&#8221; overlay_strength=&#8221;0.3&#8243; gradient_direction=&#8221;left_to_right&#8221; shape_divider_position=&#8221;bottom&#8221; bg_image_animation=&#8221;none&#8221;][vc_column column_padding=&#8221;no-extra-padding&#8221; column_padding_tablet=&#8221;inherit&#8221; column_padding_phone=&#8221;inherit&#8221; column_padding_position=&#8221;all&#8221; column_element_direction_desktop=&#8221;default&#8221; column_element_spacing=&#8221;default&#8221; desktop_text_alignment=&#8221;default&#8221; tablet_text_alignment=&#8221;default&#8221; phone_text_alignment=&#8221;default&#8221; background_color_opacity=&#8221;1&#8243; background_hover_color_opacity=&#8221;1&#8243; column_backdrop_filter=&#8221;none&#8221; column_shadow=&#8221;none&#8221;&#8230;<\/p>\n","protected":false},"author":10,"featured_media":0,"parent":7156,"menu_order":0,"comment_status":"closed","ping_status":"closed","template":"page-left-sidebar.php","meta":{"_acf_changed":false,"footnotes":""},"class_list":["post-6924","page","type-page","status-publish"],"acf":[],"yoast_head":"<!-- This site is optimized with the Yoast SEO plugin v27.2 - https:\/\/yoast.com\/product\/yoast-seo-wordpress\/ -->\n<title>St\u00f8yskjermer \u2013 Fleksibel st\u00f8ydemping for industri &amp; verksted | Industridraperier<\/title>\n<meta name=\"description\" content=\"Effektive og fleksible st\u00f8yskjermer fra Industridraperier \u2013 reduserer st\u00f8yniv\u00e5er i industri-, verksteds- og lagerlokaler. Holdbart, tilpassbart og enkelt \u00e5 montere.\" \/>\n<meta name=\"robots\" content=\"index, follow, max-snippet:-1, max-image-preview:large, max-video-preview:-1\" \/>\n<link rel=\"canonical\" href=\"https:\/\/www.industridraperier.se\/no\/produkter\/stoydemping\/stoyskjermer\/\" \/>\n<meta property=\"og:locale\" content=\"nb_NO\" \/>\n<meta property=\"og:type\" content=\"article\" \/>\n<meta property=\"og:title\" content=\"St\u00f8yskjermer \u2013 Fleksibel st\u00f8ydemping for industri &amp; verksted | Industridraperier\" \/>\n<meta property=\"og:description\" content=\"Effektive og fleksible st\u00f8yskjermer fra Industridraperier \u2013 reduserer st\u00f8yniv\u00e5er i industri-, verksteds- og lagerlokaler. Holdbart, tilpassbart og enkelt \u00e5 montere.\" \/>\n<meta property=\"og:url\" content=\"https:\/\/www.industridraperier.se\/no\/produkter\/stoydemping\/stoyskjermer\/\" \/>\n<meta property=\"og:site_name\" content=\"Industridraperier\" \/>\n<meta property=\"article:publisher\" content=\"https:\/\/www.facebook.com\/pages\/Industridraperier-AB\/121686584597179\" \/>\n<meta property=\"article:modified_time\" content=\"2025-08-29T08:34:08+00:00\" \/>\n<meta name=\"twitter:label1\" content=\"Ansl. lesetid\" \/>\n\t<meta name=\"twitter:data1\" content=\"2 minutter\" \/>\n<script type=\"application\/ld+json\" class=\"yoast-schema-graph\">{\"@context\":\"https:\/\/schema.org\",\"@graph\":[{\"@type\":\"WebPage\",\"@id\":\"https:\/\/www.industridraperier.se\/no\/produkter\/stoydemping\/stoyskjermer\/\",\"url\":\"https:\/\/www.industridraperier.se\/no\/produkter\/stoydemping\/stoyskjermer\/\",\"name\":\"St\u00f8yskjermer \u2013 Fleksibel st\u00f8ydemping for industri & verksted | Industridraperier\",\"isPartOf\":{\"@id\":\"https:\/\/www.industridraperier.se\/#website\"},\"datePublished\":\"2025-08-15T11:59:23+00:00\",\"dateModified\":\"2025-08-29T08:34:08+00:00\",\"description\":\"Effektive og fleksible st\u00f8yskjermer fra Industridraperier \u2013 reduserer st\u00f8yniv\u00e5er i industri-, verksteds- og lagerlokaler. Holdbart, tilpassbart og enkelt \u00e5 montere.\",\"breadcrumb\":{\"@id\":\"https:\/\/www.industridraperier.se\/no\/produkter\/stoydemping\/stoyskjermer\/#breadcrumb\"},\"inLanguage\":\"nb-NO\",\"potentialAction\":[{\"@type\":\"ReadAction\",\"target\":[\"https:\/\/www.industridraperier.se\/no\/produkter\/stoydemping\/stoyskjermer\/\"]}]},{\"@type\":\"BreadcrumbList\",\"@id\":\"https:\/\/www.industridraperier.se\/no\/produkter\/stoydemping\/stoyskjermer\/#breadcrumb\",\"itemListElement\":[{\"@type\":\"ListItem\",\"position\":1,\"name\":\"Hem\",\"item\":\"https:\/\/www.industridraperier.se\/no\/\"},{\"@type\":\"ListItem\",\"position\":2,\"name\":\"Produkter og tjenester\",\"item\":\"https:\/\/www.industridraperier.se\/no\/produkter\/\"},{\"@type\":\"ListItem\",\"position\":3,\"name\":\"St\u00f8ydemping\",\"item\":\"https:\/\/www.industridraperier.se\/no\/produkter\/stoydemping\/\"},{\"@type\":\"ListItem\",\"position\":4,\"name\":\"St\u00f8yskjermer\"}]},{\"@type\":\"WebSite\",\"@id\":\"https:\/\/www.industridraperier.se\/#website\",\"url\":\"https:\/\/www.industridraperier.se\/\",\"name\":\"Industridraperier\",\"description\":\"Slogan\",\"potentialAction\":[{\"@type\":\"SearchAction\",\"target\":{\"@type\":\"EntryPoint\",\"urlTemplate\":\"https:\/\/www.industridraperier.se\/?s={search_term_string}\"},\"query-input\":{\"@type\":\"PropertyValueSpecification\",\"valueRequired\":true,\"valueName\":\"search_term_string\"}}],\"inLanguage\":\"nb-NO\"}]}<\/script>\n<!-- \/ Yoast SEO plugin. -->","yoast_head_json":{"title":"St\u00f8yskjermer \u2013 Fleksibel st\u00f8ydemping for industri & verksted | Industridraperier","description":"Effektive og fleksible st\u00f8yskjermer fra Industridraperier \u2013 reduserer st\u00f8yniv\u00e5er i industri-, verksteds- og lagerlokaler. Holdbart, tilpassbart og enkelt \u00e5 montere.","robots":{"index":"index","follow":"follow","max-snippet":"max-snippet:-1","max-image-preview":"max-image-preview:large","max-video-preview":"max-video-preview:-1"},"canonical":"https:\/\/www.industridraperier.se\/no\/produkter\/stoydemping\/stoyskjermer\/","og_locale":"nb_NO","og_type":"article","og_title":"St\u00f8yskjermer \u2013 Fleksibel st\u00f8ydemping for industri & verksted | Industridraperier","og_description":"Effektive og fleksible st\u00f8yskjermer fra Industridraperier \u2013 reduserer st\u00f8yniv\u00e5er i industri-, verksteds- og lagerlokaler. Holdbart, tilpassbart og enkelt \u00e5 montere.","og_url":"https:\/\/www.industridraperier.se\/no\/produkter\/stoydemping\/stoyskjermer\/","og_site_name":"Industridraperier","article_publisher":"https:\/\/www.facebook.com\/pages\/Industridraperier-AB\/121686584597179","article_modified_time":"2025-08-29T08:34:08+00:00","twitter_misc":{"Ansl. lesetid":"2 minutter"},"schema":{"@context":"https:\/\/schema.org","@graph":[{"@type":"WebPage","@id":"https:\/\/www.industridraperier.se\/no\/produkter\/stoydemping\/stoyskjermer\/","url":"https:\/\/www.industridraperier.se\/no\/produkter\/stoydemping\/stoyskjermer\/","name":"St\u00f8yskjermer \u2013 Fleksibel st\u00f8ydemping for industri & verksted | Industridraperier","isPartOf":{"@id":"https:\/\/www.industridraperier.se\/#website"},"datePublished":"2025-08-15T11:59:23+00:00","dateModified":"2025-08-29T08:34:08+00:00","description":"Effektive og fleksible st\u00f8yskjermer fra Industridraperier \u2013 reduserer st\u00f8yniv\u00e5er i industri-, verksteds- og lagerlokaler. Holdbart, tilpassbart og enkelt \u00e5 montere.","breadcrumb":{"@id":"https:\/\/www.industridraperier.se\/no\/produkter\/stoydemping\/stoyskjermer\/#breadcrumb"},"inLanguage":"nb-NO","potentialAction":[{"@type":"ReadAction","target":["https:\/\/www.industridraperier.se\/no\/produkter\/stoydemping\/stoyskjermer\/"]}]},{"@type":"BreadcrumbList","@id":"https:\/\/www.industridraperier.se\/no\/produkter\/stoydemping\/stoyskjermer\/#breadcrumb","itemListElement":[{"@type":"ListItem","position":1,"name":"Hem","item":"https:\/\/www.industridraperier.se\/no\/"},{"@type":"ListItem","position":2,"name":"Produkter og tjenester","item":"https:\/\/www.industridraperier.se\/no\/produkter\/"},{"@type":"ListItem","position":3,"name":"St\u00f8ydemping","item":"https:\/\/www.industridraperier.se\/no\/produkter\/stoydemping\/"},{"@type":"ListItem","position":4,"name":"St\u00f8yskjermer"}]},{"@type":"WebSite","@id":"https:\/\/www.industridraperier.se\/#website","url":"https:\/\/www.industridraperier.se\/","name":"Industridraperier","description":"Slogan","potentialAction":[{"@type":"SearchAction","target":{"@type":"EntryPoint","urlTemplate":"https:\/\/www.industridraperier.se\/?s={search_term_string}"},"query-input":{"@type":"PropertyValueSpecification","valueRequired":true,"valueName":"search_term_string"}}],"inLanguage":"nb-NO"}]}},"_links":{"self":[{"href":"https:\/\/www.industridraperier.se\/no\/wp-json\/wp\/v2\/pages\/6924","targetHints":{"allow":["GET"]}}],"collection":[{"href":"https:\/\/www.industridraperier.se\/no\/wp-json\/wp\/v2\/pages"}],"about":[{"href":"https:\/\/www.industridraperier.se\/no\/wp-json\/wp\/v2\/types\/page"}],"author":[{"embeddable":true,"href":"https:\/\/www.industridraperier.se\/no\/wp-json\/wp\/v2\/users\/10"}],"replies":[{"embeddable":true,"href":"https:\/\/www.industridraperier.se\/no\/wp-json\/wp\/v2\/comments?post=6924"}],"version-history":[{"count":3,"href":"https:\/\/www.industridraperier.se\/no\/wp-json\/wp\/v2\/pages\/6924\/revisions"}],"predecessor-version":[{"id":7552,"href":"https:\/\/www.industridraperier.se\/no\/wp-json\/wp\/v2\/pages\/6924\/revisions\/7552"}],"up":[{"embeddable":true,"href":"https:\/\/www.industridraperier.se\/no\/wp-json\/wp\/v2\/pages\/7156"}],"wp:attachment":[{"href":"https:\/\/www.industridraperier.se\/no\/wp-json\/wp\/v2\/media?parent=6924"}],"curies":[{"name":"wp","href":"https:\/\/api.w.org\/{rel}","templated":true}]}}