{"id":137,"date":"2014-08-27T13:13:48","date_gmt":"2014-08-27T11:13:48","guid":{"rendered":"http:\/\/industridraperier.se\/wp\/?page_id=137"},"modified":"2025-11-27T11:49:35","modified_gmt":"2025-11-27T10:49:35","slug":"om-oss","status":"publish","type":"page","link":"https:\/\/www.industridraperier.se\/no\/om-oss\/","title":{"rendered":"Om oss"},"content":{"rendered":"[vc_row type=&#8221;in_container&#8221; full_screen_row_position=&#8221;middle&#8221; column_margin=&#8221;default&#8221; column_direction=&#8221;default&#8221; column_direction_tablet=&#8221;default&#8221; column_direction_phone=&#8221;default&#8221; scene_position=&#8221;center&#8221; text_color=&#8221;dark&#8221; text_align=&#8221;left&#8221; row_border_radius=&#8221;none&#8221; row_border_radius_applies=&#8221;bg&#8221; overflow=&#8221;visible&#8221; overlay_strength=&#8221;0.3&#8243; gradient_direction=&#8221;left_to_right&#8221; shape_divider_position=&#8221;bottom&#8221; bg_image_animation=&#8221;none&#8221;][vc_column column_padding=&#8221;no-extra-padding&#8221; column_padding_tablet=&#8221;inherit&#8221; column_padding_phone=&#8221;inherit&#8221; column_padding_position=&#8221;all&#8221; column_element_direction_desktop=&#8221;default&#8221; column_element_spacing=&#8221;default&#8221; desktop_text_alignment=&#8221;default&#8221; tablet_text_alignment=&#8221;default&#8221; phone_text_alignment=&#8221;default&#8221; background_color_opacity=&#8221;1&#8243; background_hover_color_opacity=&#8221;1&#8243; column_backdrop_filter=&#8221;none&#8221; column_shadow=&#8221;none&#8221; column_border_radius=&#8221;none&#8221; column_link_target=&#8221;_self&#8221; column_position=&#8221;default&#8221; gradient_direction=&#8221;left_to_right&#8221; overlay_strength=&#8221;0.3&#8243; width=&#8221;1\/2&#8243; tablet_width_inherit=&#8221;default&#8221; animation_type=&#8221;default&#8221; bg_image_animation=&#8221;none&#8221; border_type=&#8221;simple&#8221; column_border_width=&#8221;none&#8221; column_border_style=&#8221;solid&#8221;][vc_column_text]\n<p class=\"p1\"><b>Industridraperier ble grunnlagt i 1998 og har sitt hovedkontor, lager og produksjon i \u00d6rebro. Vi leverer l\u00f8sninger og produkter som gj\u00f8r hverdagen enklere for v\u00e5re kunder \u2013 ved \u00e5 forbedre arbeidsmilj\u00f8et, spare energi og p\u00e5 ulike m\u00e5ter bidra til \u00f8kt livskvalitet for en aktiv fritid. V\u00e5re kunder finnes innen industrien, forsvar, basseng samt sport og fritid.<\/b><b><\/b><\/p>\n<p class=\"p3\">I v\u00e5rt sortiment inng\u00e5r blant annet arbeidsplassvegger, PVC-gardiner, st\u00f8ykabiner, lydabsorberende tak og vegger, draperier og skjermer for avskjerming, poolliners og bassengbeskyttelse samt teltl\u00f8sninger for milit\u00e6re form\u00e5l. Produktene omfatter et bredt spekter av myke og harde, faste og bevegelige beskyttelser og avskjerminger.<\/p>\n<p class=\"p3\">Vi prosjekterer og konstruerer produktene i tett samarbeid med v\u00e5re kunder, som hovedsakelig finnes innen verksteds- og bilindustrien, lager og logistikk, industrielle arbeidsplasser samt forsvarsindustrien. V\u00e5re l\u00f8sninger skaper et bedre, mer effektivt og sikrere arbeidsmilj\u00f8, noe som igjen gir \u00f8kt trivsel og rett og slett bedre arbeidsplasser for v\u00e5re kunder.<\/p>\n<p class=\"p3\">Vi \u00f8nsker \u00e5 lede bransjen med fokus p\u00e5 enkelhet, innovasjon, h\u00f8y kvalitet og raske leveranser. I tillegg til produkter tilbyr vi ogs\u00e5 tjenester innen produktutvikling, kontraktsproduksjon og montering.<\/p>\n<p class=\"p1\"><b>V\u00e5rt m\u00e5l er \u00e5 skape et enkelt, b\u00e6rekraftig, l\u00f8nnsomt og positivt samarbeid. Hos Industridraperier streber vi etter \u00e5 v\u00e6re en trygg og langsiktig partner med vennlig service, h\u00f8y kvalitet og kunden i fokus.<\/b><\/p>\n[\/vc_column_text][vc_column_text css=&#8221;.vc_custom_1755150925358{margin-top: 35px !important;}&#8221;]\n<h3 class=\"p1\">V\u00e5rt tilbud<\/h3>\n<p class=\"p3\">Hos Industridraperier f\u00e5r du mer enn bare produkter \u2013 du f\u00e5r en partner som bryr seg om din virksomhet og dine behov. Vi tror p\u00e5 enkelhet, b\u00e6rekraft og langsiktighet, og v\u00e5rt m\u00e5l er \u00e5 gj\u00f8re arbeidet ditt b\u00e5de tryggere og mer l\u00f8nnsomt.<\/p>\n<p class=\"p3\">Gjennom smarte og innovative l\u00f8sninger hjelper vi deg med \u00e5 skape et bedre arbeidsmilj\u00f8, spare energi og \u00f8ke livskvaliteten \u2013 enten det gjelder industri, forsvar, basseng eller fritid.<\/p>\n<p class=\"p3\">Vi streber etter \u00e5 v\u00e6re en stabil og p\u00e5litelig samarbeidspartner som alltid leverer h\u00f8y kvalitet, holder det vi lover og setter deg som kunde i fokus. Sammen gj\u00f8r vi en forskjell \u2013 for din hverdag, din virksomhet og din fremtid.<\/p>\n[\/vc_column_text][nectar_single_testimonial testimonial_style=&#8221;basic&#8221; text_color=&#8221;#f39d00&#8243; quote=&#8221;H\u00e4r \u00e4r den norska \u00f6vers\u00e4ttningen:  \u2e3b  Industridraperier streber etter \u00e5 v\u00e6re en trygg og langsiktig partner med innovative l\u00f8sninger, gode produkter og kunden i fokus.&#8221; name=&#8221;Vidar Reuterwall&#8221; subtitle=&#8221;Grundare av Industridraperier&#8221;][\/vc_column][vc_column column_padding=&#8221;no-extra-padding&#8221; column_padding_tablet=&#8221;inherit&#8221; column_padding_phone=&#8221;inherit&#8221; column_padding_position=&#8221;all&#8221; column_element_direction_desktop=&#8221;default&#8221; column_element_spacing=&#8221;default&#8221; desktop_text_alignment=&#8221;default&#8221; tablet_text_alignment=&#8221;default&#8221; phone_text_alignment=&#8221;default&#8221; background_color_opacity=&#8221;1&#8243; background_hover_color_opacity=&#8221;1&#8243; column_backdrop_filter=&#8221;none&#8221; column_shadow=&#8221;none&#8221; column_border_radius=&#8221;none&#8221; column_link_target=&#8221;_self&#8221; column_position=&#8221;default&#8221; gradient_direction=&#8221;left_to_right&#8221; overlay_strength=&#8221;0.3&#8243; width=&#8221;1\/2&#8243; tablet_width_inherit=&#8221;default&#8221; animation_type=&#8221;default&#8221; bg_image_animation=&#8221;none&#8221; border_type=&#8221;simple&#8221; column_border_width=&#8221;none&#8221; column_border_style=&#8221;solid&#8221;][image_with_animation image_url=&#8221;1782&#8243; image_size=&#8221;full&#8221; animation_type=&#8221;entrance&#8221; animation=&#8221;None&#8221; animation_movement_type=&#8221;transform_y&#8221; hover_animation=&#8221;none&#8221; alignment=&#8221;&#8221; border_radius=&#8221;none&#8221; box_shadow=&#8221;none&#8221; image_loading=&#8221;default&#8221; max_width=&#8221;100%&#8221; max_width_mobile=&#8221;default&#8221;][\/vc_column][\/vc_row][vc_row type=&#8221;in_container&#8221; full_screen_row_position=&#8221;middle&#8221; column_margin=&#8221;default&#8221; column_direction=&#8221;default&#8221; column_direction_tablet=&#8221;default&#8221; column_direction_phone=&#8221;default&#8221; scene_position=&#8221;center&#8221; text_color=&#8221;dark&#8221; text_align=&#8221;left&#8221; row_border_radius=&#8221;none&#8221; row_border_radius_applies=&#8221;bg&#8221; overflow=&#8221;visible&#8221; overlay_strength=&#8221;0.3&#8243; gradient_direction=&#8221;left_to_right&#8221; shape_divider_position=&#8221;bottom&#8221; bg_image_animation=&#8221;none&#8221;][vc_column column_padding=&#8221;no-extra-padding&#8221; column_padding_tablet=&#8221;inherit&#8221; column_padding_phone=&#8221;inherit&#8221; column_padding_position=&#8221;all&#8221; column_element_direction_desktop=&#8221;default&#8221; column_element_spacing=&#8221;default&#8221; desktop_text_alignment=&#8221;default&#8221; tablet_text_alignment=&#8221;default&#8221; phone_text_alignment=&#8221;default&#8221; background_color_opacity=&#8221;1&#8243; background_hover_color_opacity=&#8221;1&#8243; column_backdrop_filter=&#8221;none&#8221; column_shadow=&#8221;none&#8221; column_border_radius=&#8221;none&#8221; column_link_target=&#8221;_self&#8221; column_position=&#8221;default&#8221; gradient_direction=&#8221;left_to_right&#8221; overlay_strength=&#8221;0.3&#8243; width=&#8221;1\/1&#8243; tablet_width_inherit=&#8221;default&#8221; animation_type=&#8221;default&#8221; bg_image_animation=&#8221;none&#8221; border_type=&#8221;simple&#8221; column_border_width=&#8221;none&#8221; column_border_style=&#8221;solid&#8221;][divider line_type=&#8221;Full Width Line&#8221; line_thickness=&#8221;3&#8243; divider_color=&#8221;accent-color&#8221; custom_height=&#8221;50&#8243;][vc_column_text]\n<h2 class=\"p1\"><b>Siste innlegg<\/b><\/h2>\n[\/vc_column_text][recent_posts style=&#8221;title_only&#8221; columns=&#8221;4&#8243; category=&#8221;all&#8221; order=&#8221;DESC&#8221; orderby=&#8221;date&#8221; posts_per_page=&#8221;8&#8243;][\/vc_column][\/vc_row]\n","protected":false},"excerpt":{"rendered":"<p>[vc_row type=&#8221;in_container&#8221; full_screen_row_position=&#8221;middle&#8221; column_margin=&#8221;default&#8221; column_direction=&#8221;default&#8221; column_direction_tablet=&#8221;default&#8221; column_direction_phone=&#8221;default&#8221; scene_position=&#8221;center&#8221; text_color=&#8221;dark&#8221; text_align=&#8221;left&#8221; row_border_radius=&#8221;none&#8221; row_border_radius_applies=&#8221;bg&#8221; overflow=&#8221;visible&#8221; overlay_strength=&#8221;0.3&#8243; gradient_direction=&#8221;left_to_right&#8221; shape_divider_position=&#8221;bottom&#8221; bg_image_animation=&#8221;none&#8221;][vc_column column_padding=&#8221;no-extra-padding&#8221; column_padding_tablet=&#8221;inherit&#8221; column_padding_phone=&#8221;inherit&#8221; column_padding_position=&#8221;all&#8221; column_element_direction_desktop=&#8221;default&#8221; column_element_spacing=&#8221;default&#8221; desktop_text_alignment=&#8221;default&#8221; tablet_text_alignment=&#8221;default&#8221; phone_text_alignment=&#8221;default&#8221; background_color_opacity=&#8221;1&#8243; background_hover_color_opacity=&#8221;1&#8243; column_backdrop_filter=&#8221;none&#8221; column_shadow=&#8221;none&#8221;&#8230;<\/p>\n","protected":false},"author":10,"featured_media":1782,"parent":0,"menu_order":0,"comment_status":"closed","ping_status":"closed","template":"","meta":{"_acf_changed":false,"footnotes":""},"class_list":["post-137","page","type-page","status-publish","has-post-thumbnail"],"acf":[],"yoast_head":"<!-- This site is optimized with the Yoast SEO plugin v27.2 - https:\/\/yoast.com\/product\/yoast-seo-wordpress\/ -->\n<title>Bullerd\u00e4mpning &amp; PVC-rid\u00e5er \u2013 Effektiva Arbetsmilj\u00f6l\u00f6sningar | Industridraperier<\/title>\n<meta name=\"description\" content=\"Industrigardiner tilbyr st\u00f8ydempende l\u00f8sninger, PVC-gardiner, arbeidsplassvegger og teltl\u00f8sninger. Forbedre arbeidsmilj\u00f8et med kvalitet og raske leveranser.\" \/>\n<meta name=\"robots\" content=\"index, follow, max-snippet:-1, max-image-preview:large, max-video-preview:-1\" \/>\n<link rel=\"canonical\" href=\"https:\/\/www.industridraperier.se\/no\/om-oss\/\" \/>\n<meta property=\"og:locale\" content=\"nb_NO\" \/>\n<meta property=\"og:type\" content=\"article\" \/>\n<meta property=\"og:title\" content=\"Bullerd\u00e4mpning &amp; PVC-rid\u00e5er \u2013 Effektiva Arbetsmilj\u00f6l\u00f6sningar | Industridraperier\" \/>\n<meta property=\"og:description\" content=\"Industrigardiner tilbyr st\u00f8ydempende l\u00f8sninger, PVC-gardiner, arbeidsplassvegger og teltl\u00f8sninger. Forbedre arbeidsmilj\u00f8et med kvalitet og raske leveranser.\" \/>\n<meta property=\"og:url\" content=\"https:\/\/www.industridraperier.se\/no\/om-oss\/\" \/>\n<meta property=\"og:site_name\" content=\"Industridraperier\" \/>\n<meta property=\"article:publisher\" content=\"https:\/\/www.facebook.com\/pages\/Industridraperier-AB\/121686584597179\" \/>\n<meta property=\"article:modified_time\" content=\"2025-11-27T10:49:35+00:00\" \/>\n<meta property=\"og:image\" content=\"https:\/\/www.industridraperier.se\/wp\/wp-content\/uploads\/2014\/10\/Om-Foretaget_2.jpg\" \/>\n\t<meta property=\"og:image:width\" content=\"720\" \/>\n\t<meta property=\"og:image:height\" content=\"394\" \/>\n\t<meta property=\"og:image:type\" content=\"image\/jpeg\" \/>\n<meta name=\"twitter:label1\" content=\"Ansl. lesetid\" \/>\n\t<meta name=\"twitter:data1\" content=\"4 minutter\" \/>\n<script type=\"application\/ld+json\" class=\"yoast-schema-graph\">{\"@context\":\"https:\/\/schema.org\",\"@graph\":[{\"@type\":\"WebPage\",\"@id\":\"https:\/\/www.industridraperier.se\/no\/om-oss\/\",\"url\":\"https:\/\/www.industridraperier.se\/no\/om-oss\/\",\"name\":\"Bullerd\u00e4mpning & PVC-rid\u00e5er \u2013 Effektiva Arbetsmilj\u00f6l\u00f6sningar | Industridraperier\",\"isPartOf\":{\"@id\":\"https:\/\/www.industridraperier.se\/#website\"},\"primaryImageOfPage\":{\"@id\":\"https:\/\/www.industridraperier.se\/no\/om-oss\/#primaryimage\"},\"image\":{\"@id\":\"https:\/\/www.industridraperier.se\/no\/om-oss\/#primaryimage\"},\"thumbnailUrl\":\"https:\/\/www.industridraperier.se\/wp\/wp-content\/uploads\/2014\/10\/Om-Foretaget_2.jpg\",\"datePublished\":\"2014-08-27T11:13:48+00:00\",\"dateModified\":\"2025-11-27T10:49:35+00:00\",\"description\":\"Industrigardiner tilbyr st\u00f8ydempende l\u00f8sninger, PVC-gardiner, arbeidsplassvegger og teltl\u00f8sninger. Forbedre arbeidsmilj\u00f8et med kvalitet og raske leveranser.\",\"breadcrumb\":{\"@id\":\"https:\/\/www.industridraperier.se\/no\/om-oss\/#breadcrumb\"},\"inLanguage\":\"nb-NO\",\"potentialAction\":[{\"@type\":\"ReadAction\",\"target\":[\"https:\/\/www.industridraperier.se\/no\/om-oss\/\"]}]},{\"@type\":\"ImageObject\",\"inLanguage\":\"nb-NO\",\"@id\":\"https:\/\/www.industridraperier.se\/no\/om-oss\/#primaryimage\",\"url\":\"https:\/\/www.industridraperier.se\/wp\/wp-content\/uploads\/2014\/10\/Om-Foretaget_2.jpg\",\"contentUrl\":\"https:\/\/www.industridraperier.se\/wp\/wp-content\/uploads\/2014\/10\/Om-Foretaget_2.jpg\",\"width\":720,\"height\":394},{\"@type\":\"BreadcrumbList\",\"@id\":\"https:\/\/www.industridraperier.se\/no\/om-oss\/#breadcrumb\",\"itemListElement\":[{\"@type\":\"ListItem\",\"position\":1,\"name\":\"Hem\",\"item\":\"https:\/\/www.industridraperier.se\/no\/\"},{\"@type\":\"ListItem\",\"position\":2,\"name\":\"Om oss\"}]},{\"@type\":\"WebSite\",\"@id\":\"https:\/\/www.industridraperier.se\/#website\",\"url\":\"https:\/\/www.industridraperier.se\/\",\"name\":\"Industridraperier\",\"description\":\"Slogan\",\"potentialAction\":[{\"@type\":\"SearchAction\",\"target\":{\"@type\":\"EntryPoint\",\"urlTemplate\":\"https:\/\/www.industridraperier.se\/?s={search_term_string}\"},\"query-input\":{\"@type\":\"PropertyValueSpecification\",\"valueRequired\":true,\"valueName\":\"search_term_string\"}}],\"inLanguage\":\"nb-NO\"}]}<\/script>\n<!-- \/ Yoast SEO plugin. -->","yoast_head_json":{"title":"Bullerd\u00e4mpning & PVC-rid\u00e5er \u2013 Effektiva Arbetsmilj\u00f6l\u00f6sningar | Industridraperier","description":"Industrigardiner tilbyr st\u00f8ydempende l\u00f8sninger, PVC-gardiner, arbeidsplassvegger og teltl\u00f8sninger. Forbedre arbeidsmilj\u00f8et med kvalitet og raske leveranser.","robots":{"index":"index","follow":"follow","max-snippet":"max-snippet:-1","max-image-preview":"max-image-preview:large","max-video-preview":"max-video-preview:-1"},"canonical":"https:\/\/www.industridraperier.se\/no\/om-oss\/","og_locale":"nb_NO","og_type":"article","og_title":"Bullerd\u00e4mpning & PVC-rid\u00e5er \u2013 Effektiva Arbetsmilj\u00f6l\u00f6sningar | Industridraperier","og_description":"Industrigardiner tilbyr st\u00f8ydempende l\u00f8sninger, PVC-gardiner, arbeidsplassvegger og teltl\u00f8sninger. Forbedre arbeidsmilj\u00f8et med kvalitet og raske leveranser.","og_url":"https:\/\/www.industridraperier.se\/no\/om-oss\/","og_site_name":"Industridraperier","article_publisher":"https:\/\/www.facebook.com\/pages\/Industridraperier-AB\/121686584597179","article_modified_time":"2025-11-27T10:49:35+00:00","og_image":[{"width":720,"height":394,"url":"https:\/\/www.industridraperier.se\/wp\/wp-content\/uploads\/2014\/10\/Om-Foretaget_2.jpg","type":"image\/jpeg"}],"twitter_misc":{"Ansl. lesetid":"4 minutter"},"schema":{"@context":"https:\/\/schema.org","@graph":[{"@type":"WebPage","@id":"https:\/\/www.industridraperier.se\/no\/om-oss\/","url":"https:\/\/www.industridraperier.se\/no\/om-oss\/","name":"Bullerd\u00e4mpning & PVC-rid\u00e5er \u2013 Effektiva Arbetsmilj\u00f6l\u00f6sningar | Industridraperier","isPartOf":{"@id":"https:\/\/www.industridraperier.se\/#website"},"primaryImageOfPage":{"@id":"https:\/\/www.industridraperier.se\/no\/om-oss\/#primaryimage"},"image":{"@id":"https:\/\/www.industridraperier.se\/no\/om-oss\/#primaryimage"},"thumbnailUrl":"https:\/\/www.industridraperier.se\/wp\/wp-content\/uploads\/2014\/10\/Om-Foretaget_2.jpg","datePublished":"2014-08-27T11:13:48+00:00","dateModified":"2025-11-27T10:49:35+00:00","description":"Industrigardiner tilbyr st\u00f8ydempende l\u00f8sninger, PVC-gardiner, arbeidsplassvegger og teltl\u00f8sninger. Forbedre arbeidsmilj\u00f8et med kvalitet og raske leveranser.","breadcrumb":{"@id":"https:\/\/www.industridraperier.se\/no\/om-oss\/#breadcrumb"},"inLanguage":"nb-NO","potentialAction":[{"@type":"ReadAction","target":["https:\/\/www.industridraperier.se\/no\/om-oss\/"]}]},{"@type":"ImageObject","inLanguage":"nb-NO","@id":"https:\/\/www.industridraperier.se\/no\/om-oss\/#primaryimage","url":"https:\/\/www.industridraperier.se\/wp\/wp-content\/uploads\/2014\/10\/Om-Foretaget_2.jpg","contentUrl":"https:\/\/www.industridraperier.se\/wp\/wp-content\/uploads\/2014\/10\/Om-Foretaget_2.jpg","width":720,"height":394},{"@type":"BreadcrumbList","@id":"https:\/\/www.industridraperier.se\/no\/om-oss\/#breadcrumb","itemListElement":[{"@type":"ListItem","position":1,"name":"Hem","item":"https:\/\/www.industridraperier.se\/no\/"},{"@type":"ListItem","position":2,"name":"Om oss"}]},{"@type":"WebSite","@id":"https:\/\/www.industridraperier.se\/#website","url":"https:\/\/www.industridraperier.se\/","name":"Industridraperier","description":"Slogan","potentialAction":[{"@type":"SearchAction","target":{"@type":"EntryPoint","urlTemplate":"https:\/\/www.industridraperier.se\/?s={search_term_string}"},"query-input":{"@type":"PropertyValueSpecification","valueRequired":true,"valueName":"search_term_string"}}],"inLanguage":"nb-NO"}]}},"_links":{"self":[{"href":"https:\/\/www.industridraperier.se\/no\/wp-json\/wp\/v2\/pages\/137","targetHints":{"allow":["GET"]}}],"collection":[{"href":"https:\/\/www.industridraperier.se\/no\/wp-json\/wp\/v2\/pages"}],"about":[{"href":"https:\/\/www.industridraperier.se\/no\/wp-json\/wp\/v2\/types\/page"}],"author":[{"embeddable":true,"href":"https:\/\/www.industridraperier.se\/no\/wp-json\/wp\/v2\/users\/10"}],"replies":[{"embeddable":true,"href":"https:\/\/www.industridraperier.se\/no\/wp-json\/wp\/v2\/comments?post=137"}],"version-history":[{"count":11,"href":"https:\/\/www.industridraperier.se\/no\/wp-json\/wp\/v2\/pages\/137\/revisions"}],"predecessor-version":[{"id":8353,"href":"https:\/\/www.industridraperier.se\/no\/wp-json\/wp\/v2\/pages\/137\/revisions\/8353"}],"wp:featuredmedia":[{"embeddable":true,"href":"https:\/\/www.industridraperier.se\/no\/wp-json\/wp\/v2\/media\/1782"}],"wp:attachment":[{"href":"https:\/\/www.industridraperier.se\/no\/wp-json\/wp\/v2\/media?parent=137"}],"curies":[{"name":"wp","href":"https:\/\/api.w.org\/{rel}","templated":true}]}}