{"id":1282,"date":"2014-09-04T10:33:02","date_gmt":"2014-09-04T08:33:02","guid":{"rendered":"http:\/\/industridraperier.se\/wp\/produkter\/industri-och-lagervaggar\/dorr-och-lassystem\/"},"modified":"2019-03-06T11:39:22","modified_gmt":"2019-03-06T10:39:22","slug":"dorr-och-lassystem","status":"publish","type":"page","link":"https:\/\/www.industridraperier.se\/no\/produkter\/industri-och-lagervaggar\/dorr-och-lassystem\/","title":{"rendered":"D\u00f8r- og l\u00e5ssystemer"},"content":{"rendered":"<p>X-Store bygger p\u00e5 en gjennomtenkt konstruksjon der du enkelt kan gj\u00f8re om en av nettveggene til en d\u00f8rseksjon. Velg en av d\u00f8rpakkene nedenfor. Kompletter gjerne med et l\u00e5ssystem for \u00f8kt sikkerhet.<\/p>\n","protected":false},"excerpt":{"rendered":"<p>X-Store bygger p\u00e5 en gjennomtenkt konstruksjon der du enkelt kan gj\u00f8re om en av nettveggene til en d\u00f8rseksjon. Velg en av d\u00f8rpakkene nedenfor. Kompletter gjerne med et l\u00e5ssystem for \u00f8kt&#8230;<\/p>\n","protected":false},"author":2,"featured_media":2577,"parent":1273,"menu_order":0,"comment_status":"closed","ping_status":"closed","template":"page-left-sidebar.php","meta":{"_acf_changed":false,"footnotes":""},"class_list":["post-1282","page","type-page","status-publish","has-post-thumbnail"],"acf":[],"yoast_head":"<!-- This site is optimized with the Yoast SEO plugin v27.2 - https:\/\/yoast.com\/product\/yoast-seo-wordpress\/ -->\n<title>D\u00f8r- og l\u00e5ssystemer - Industridraperier<\/title>\n<meta name=\"robots\" content=\"index, follow, max-snippet:-1, max-image-preview:large, max-video-preview:-1\" \/>\n<link rel=\"canonical\" href=\"https:\/\/www.industridraperier.se\/no\/produkter\/industri-och-lagervaggar\/dorr-och-lassystem\/\" \/>\n<meta property=\"og:locale\" content=\"nb_NO\" \/>\n<meta property=\"og:type\" content=\"article\" \/>\n<meta property=\"og:title\" content=\"D\u00f8r- og l\u00e5ssystemer - Industridraperier\" \/>\n<meta property=\"og:description\" content=\"X-Store bygger p\u00e5 en gjennomtenkt konstruksjon der du enkelt kan gj\u00f8re om en av nettveggene til en d\u00f8rseksjon. Velg en av d\u00f8rpakkene nedenfor. Kompletter gjerne med et l\u00e5ssystem for \u00f8kt...\" \/>\n<meta property=\"og:url\" content=\"https:\/\/www.industridraperier.se\/no\/produkter\/industri-och-lagervaggar\/dorr-och-lassystem\/\" \/>\n<meta property=\"og:site_name\" content=\"Industridraperier\" \/>\n<meta property=\"article:publisher\" content=\"https:\/\/www.facebook.com\/pages\/Industridraperier-AB\/121686584597179\" \/>\n<meta property=\"article:modified_time\" content=\"2019-03-06T10:39:22+00:00\" \/>\n<meta property=\"og:image\" content=\"https:\/\/www.industridraperier.se\/wp\/wp-content\/uploads\/2014\/09\/Dorr-och-lassystem5.jpg\" \/>\n\t<meta property=\"og:image:width\" content=\"272\" \/>\n\t<meta property=\"og:image:height\" content=\"400\" \/>\n\t<meta property=\"og:image:type\" content=\"image\/jpeg\" \/>\n<script type=\"application\/ld+json\" class=\"yoast-schema-graph\">{\"@context\":\"https:\/\/schema.org\",\"@graph\":[{\"@type\":\"WebPage\",\"@id\":\"https:\/\/www.industridraperier.se\/no\/produkter\/industri-och-lagervaggar\/dorr-och-lassystem\/\",\"url\":\"https:\/\/www.industridraperier.se\/no\/produkter\/industri-och-lagervaggar\/dorr-och-lassystem\/\",\"name\":\"D\u00f8r- og l\u00e5ssystemer - Industridraperier\",\"isPartOf\":{\"@id\":\"https:\/\/www.industridraperier.se\/#website\"},\"primaryImageOfPage\":{\"@id\":\"https:\/\/www.industridraperier.se\/no\/produkter\/industri-och-lagervaggar\/dorr-och-lassystem\/#primaryimage\"},\"image\":{\"@id\":\"https:\/\/www.industridraperier.se\/no\/produkter\/industri-och-lagervaggar\/dorr-och-lassystem\/#primaryimage\"},\"thumbnailUrl\":\"https:\/\/www.industridraperier.se\/wp\/wp-content\/uploads\/2014\/09\/Dorr-och-lassystem5.jpg\",\"datePublished\":\"2014-09-04T08:33:02+00:00\",\"dateModified\":\"2019-03-06T10:39:22+00:00\",\"breadcrumb\":{\"@id\":\"https:\/\/www.industridraperier.se\/no\/produkter\/industri-och-lagervaggar\/dorr-och-lassystem\/#breadcrumb\"},\"inLanguage\":\"nb-NO\",\"potentialAction\":[{\"@type\":\"ReadAction\",\"target\":[\"https:\/\/www.industridraperier.se\/no\/produkter\/industri-och-lagervaggar\/dorr-och-lassystem\/\"]}]},{\"@type\":\"ImageObject\",\"inLanguage\":\"nb-NO\",\"@id\":\"https:\/\/www.industridraperier.se\/no\/produkter\/industri-och-lagervaggar\/dorr-och-lassystem\/#primaryimage\",\"url\":\"https:\/\/www.industridraperier.se\/wp\/wp-content\/uploads\/2014\/09\/Dorr-och-lassystem5.jpg\",\"contentUrl\":\"https:\/\/www.industridraperier.se\/wp\/wp-content\/uploads\/2014\/09\/Dorr-och-lassystem5.jpg\",\"width\":272,\"height\":400},{\"@type\":\"BreadcrumbList\",\"@id\":\"https:\/\/www.industridraperier.se\/no\/produkter\/industri-och-lagervaggar\/dorr-och-lassystem\/#breadcrumb\",\"itemListElement\":[{\"@type\":\"ListItem\",\"position\":1,\"name\":\"Hem\",\"item\":\"https:\/\/www.industridraperier.se\/no\/\"},{\"@type\":\"ListItem\",\"position\":2,\"name\":\"Produkter og tjenester\",\"item\":\"https:\/\/www.industridraperier.se\/no\/produkter\/\"},{\"@type\":\"ListItem\",\"position\":3,\"name\":\"Industri- og lagervegger\",\"item\":\"https:\/\/www.industridraperier.se\/no\/produkter\/industri-och-lagervaggar\/\"},{\"@type\":\"ListItem\",\"position\":4,\"name\":\"D\u00f8r- og l\u00e5ssystemer\"}]},{\"@type\":\"WebSite\",\"@id\":\"https:\/\/www.industridraperier.se\/#website\",\"url\":\"https:\/\/www.industridraperier.se\/\",\"name\":\"Industridraperier\",\"description\":\"Slogan\",\"potentialAction\":[{\"@type\":\"SearchAction\",\"target\":{\"@type\":\"EntryPoint\",\"urlTemplate\":\"https:\/\/www.industridraperier.se\/?s={search_term_string}\"},\"query-input\":{\"@type\":\"PropertyValueSpecification\",\"valueRequired\":true,\"valueName\":\"search_term_string\"}}],\"inLanguage\":\"nb-NO\"}]}<\/script>\n<!-- \/ Yoast SEO plugin. -->","yoast_head_json":{"title":"D\u00f8r- og l\u00e5ssystemer - Industridraperier","robots":{"index":"index","follow":"follow","max-snippet":"max-snippet:-1","max-image-preview":"max-image-preview:large","max-video-preview":"max-video-preview:-1"},"canonical":"https:\/\/www.industridraperier.se\/no\/produkter\/industri-och-lagervaggar\/dorr-och-lassystem\/","og_locale":"nb_NO","og_type":"article","og_title":"D\u00f8r- og l\u00e5ssystemer - Industridraperier","og_description":"X-Store bygger p\u00e5 en gjennomtenkt konstruksjon der du enkelt kan gj\u00f8re om en av nettveggene til en d\u00f8rseksjon. Velg en av d\u00f8rpakkene nedenfor. Kompletter gjerne med et l\u00e5ssystem for \u00f8kt...","og_url":"https:\/\/www.industridraperier.se\/no\/produkter\/industri-och-lagervaggar\/dorr-och-lassystem\/","og_site_name":"Industridraperier","article_publisher":"https:\/\/www.facebook.com\/pages\/Industridraperier-AB\/121686584597179","article_modified_time":"2019-03-06T10:39:22+00:00","og_image":[{"width":272,"height":400,"url":"https:\/\/www.industridraperier.se\/wp\/wp-content\/uploads\/2014\/09\/Dorr-och-lassystem5.jpg","type":"image\/jpeg"}],"schema":{"@context":"https:\/\/schema.org","@graph":[{"@type":"WebPage","@id":"https:\/\/www.industridraperier.se\/no\/produkter\/industri-och-lagervaggar\/dorr-och-lassystem\/","url":"https:\/\/www.industridraperier.se\/no\/produkter\/industri-och-lagervaggar\/dorr-och-lassystem\/","name":"D\u00f8r- og l\u00e5ssystemer - Industridraperier","isPartOf":{"@id":"https:\/\/www.industridraperier.se\/#website"},"primaryImageOfPage":{"@id":"https:\/\/www.industridraperier.se\/no\/produkter\/industri-och-lagervaggar\/dorr-och-lassystem\/#primaryimage"},"image":{"@id":"https:\/\/www.industridraperier.se\/no\/produkter\/industri-och-lagervaggar\/dorr-och-lassystem\/#primaryimage"},"thumbnailUrl":"https:\/\/www.industridraperier.se\/wp\/wp-content\/uploads\/2014\/09\/Dorr-och-lassystem5.jpg","datePublished":"2014-09-04T08:33:02+00:00","dateModified":"2019-03-06T10:39:22+00:00","breadcrumb":{"@id":"https:\/\/www.industridraperier.se\/no\/produkter\/industri-och-lagervaggar\/dorr-och-lassystem\/#breadcrumb"},"inLanguage":"nb-NO","potentialAction":[{"@type":"ReadAction","target":["https:\/\/www.industridraperier.se\/no\/produkter\/industri-och-lagervaggar\/dorr-och-lassystem\/"]}]},{"@type":"ImageObject","inLanguage":"nb-NO","@id":"https:\/\/www.industridraperier.se\/no\/produkter\/industri-och-lagervaggar\/dorr-och-lassystem\/#primaryimage","url":"https:\/\/www.industridraperier.se\/wp\/wp-content\/uploads\/2014\/09\/Dorr-och-lassystem5.jpg","contentUrl":"https:\/\/www.industridraperier.se\/wp\/wp-content\/uploads\/2014\/09\/Dorr-och-lassystem5.jpg","width":272,"height":400},{"@type":"BreadcrumbList","@id":"https:\/\/www.industridraperier.se\/no\/produkter\/industri-och-lagervaggar\/dorr-och-lassystem\/#breadcrumb","itemListElement":[{"@type":"ListItem","position":1,"name":"Hem","item":"https:\/\/www.industridraperier.se\/no\/"},{"@type":"ListItem","position":2,"name":"Produkter og tjenester","item":"https:\/\/www.industridraperier.se\/no\/produkter\/"},{"@type":"ListItem","position":3,"name":"Industri- og lagervegger","item":"https:\/\/www.industridraperier.se\/no\/produkter\/industri-och-lagervaggar\/"},{"@type":"ListItem","position":4,"name":"D\u00f8r- og l\u00e5ssystemer"}]},{"@type":"WebSite","@id":"https:\/\/www.industridraperier.se\/#website","url":"https:\/\/www.industridraperier.se\/","name":"Industridraperier","description":"Slogan","potentialAction":[{"@type":"SearchAction","target":{"@type":"EntryPoint","urlTemplate":"https:\/\/www.industridraperier.se\/?s={search_term_string}"},"query-input":{"@type":"PropertyValueSpecification","valueRequired":true,"valueName":"search_term_string"}}],"inLanguage":"nb-NO"}]}},"_links":{"self":[{"href":"https:\/\/www.industridraperier.se\/no\/wp-json\/wp\/v2\/pages\/1282","targetHints":{"allow":["GET"]}}],"collection":[{"href":"https:\/\/www.industridraperier.se\/no\/wp-json\/wp\/v2\/pages"}],"about":[{"href":"https:\/\/www.industridraperier.se\/no\/wp-json\/wp\/v2\/types\/page"}],"author":[{"embeddable":true,"href":"https:\/\/www.industridraperier.se\/no\/wp-json\/wp\/v2\/users\/2"}],"replies":[{"embeddable":true,"href":"https:\/\/www.industridraperier.se\/no\/wp-json\/wp\/v2\/comments?post=1282"}],"version-history":[{"count":0,"href":"https:\/\/www.industridraperier.se\/no\/wp-json\/wp\/v2\/pages\/1282\/revisions"}],"up":[{"embeddable":true,"href":"https:\/\/www.industridraperier.se\/no\/wp-json\/wp\/v2\/pages\/1273"}],"wp:featuredmedia":[{"embeddable":true,"href":"https:\/\/www.industridraperier.se\/no\/wp-json\/wp\/v2\/media\/2577"}],"wp:attachment":[{"href":"https:\/\/www.industridraperier.se\/no\/wp-json\/wp\/v2\/media?parent=1282"}],"curies":[{"name":"wp","href":"https:\/\/api.w.org\/{rel}","templated":true}]}}