{"id":1273,"date":"2014-09-04T10:14:14","date_gmt":"2014-09-04T08:14:14","guid":{"rendered":"http:\/\/industridraperier.se\/wp\/produkter\/industri-och-lagervaggar\/"},"modified":"2018-10-16T08:15:26","modified_gmt":"2018-10-16T06:15:26","slug":"industri-och-lagervaggar","status":"publish","type":"page","link":"https:\/\/www.industridraperier.se\/no\/produkter\/industri-och-lagervaggar\/","title":{"rendered":"Industri- og lagervegger"},"content":{"rendered":"<h3>X-Store \u2013 enkelt \u00e5 dele av og gjerde inn<\/h3>\n<p>X-Store er et komplett system av industri- og lagervegger. Det er tilpasset for \u00e5 oppfylle kravene som stilles til sikkerhet og funksjonalitet i industrien. Veggene best\u00e5r av nettvegger og stolper som er enkle \u00e5 montere. Du kan dele av, gjerde inn, endre eller lage nytt helt etter \u00f8nske.<\/p>\n","protected":false},"excerpt":{"rendered":"<p>X-Store \u2013 enkelt \u00e5 dele av og gjerde inn X-Store er et komplett system av industri- og lagervegger. Det er tilpasset for \u00e5 oppfylle kravene som stilles til sikkerhet og&#8230;<\/p>\n","protected":false},"author":2,"featured_media":2947,"parent":152,"menu_order":6,"comment_status":"closed","ping_status":"closed","template":"page-left-sidebar.php","meta":{"_acf_changed":false,"footnotes":""},"class_list":["post-1273","page","type-page","status-publish","has-post-thumbnail"],"acf":[],"yoast_head":"<!-- This site is optimized with the Yoast SEO plugin v27.2 - https:\/\/yoast.com\/product\/yoast-seo-wordpress\/ -->\n<title>Industri- og lagervegger - Industridraperier<\/title>\n<meta name=\"robots\" content=\"index, follow, max-snippet:-1, max-image-preview:large, max-video-preview:-1\" \/>\n<link rel=\"canonical\" href=\"https:\/\/www.industridraperier.se\/no\/produkter\/industri-och-lagervaggar\/\" \/>\n<meta property=\"og:locale\" content=\"nb_NO\" \/>\n<meta property=\"og:type\" content=\"article\" \/>\n<meta property=\"og:title\" content=\"Industri- og lagervegger - Industridraperier\" \/>\n<meta property=\"og:description\" content=\"X-Store \u2013 enkelt \u00e5 dele av og gjerde inn X-Store er et komplett system av industri- og lagervegger. Det er tilpasset for \u00e5 oppfylle kravene som stilles til sikkerhet og...\" \/>\n<meta property=\"og:url\" content=\"https:\/\/www.industridraperier.se\/no\/produkter\/industri-och-lagervaggar\/\" \/>\n<meta property=\"og:site_name\" content=\"Industridraperier\" \/>\n<meta property=\"article:publisher\" content=\"https:\/\/www.facebook.com\/pages\/Industridraperier-AB\/121686584597179\" \/>\n<meta property=\"article:modified_time\" content=\"2018-10-16T06:15:26+00:00\" \/>\n<meta property=\"og:image\" content=\"https:\/\/www.industridraperier.se\/wp\/wp-content\/uploads\/2014\/09\/Industri-och-lagervaggar_3.jpg\" \/>\n\t<meta property=\"og:image:width\" content=\"720\" \/>\n\t<meta property=\"og:image:height\" content=\"360\" \/>\n\t<meta property=\"og:image:type\" content=\"image\/jpeg\" \/>\n<script type=\"application\/ld+json\" class=\"yoast-schema-graph\">{\"@context\":\"https:\/\/schema.org\",\"@graph\":[{\"@type\":\"WebPage\",\"@id\":\"https:\/\/www.industridraperier.se\/no\/produkter\/industri-och-lagervaggar\/\",\"url\":\"https:\/\/www.industridraperier.se\/no\/produkter\/industri-och-lagervaggar\/\",\"name\":\"Industri- og lagervegger - Industridraperier\",\"isPartOf\":{\"@id\":\"https:\/\/www.industridraperier.se\/#website\"},\"primaryImageOfPage\":{\"@id\":\"https:\/\/www.industridraperier.se\/no\/produkter\/industri-och-lagervaggar\/#primaryimage\"},\"image\":{\"@id\":\"https:\/\/www.industridraperier.se\/no\/produkter\/industri-och-lagervaggar\/#primaryimage\"},\"thumbnailUrl\":\"https:\/\/www.industridraperier.se\/wp\/wp-content\/uploads\/2014\/09\/Industri-och-lagervaggar_3.jpg\",\"datePublished\":\"2014-09-04T08:14:14+00:00\",\"dateModified\":\"2018-10-16T06:15:26+00:00\",\"breadcrumb\":{\"@id\":\"https:\/\/www.industridraperier.se\/no\/produkter\/industri-och-lagervaggar\/#breadcrumb\"},\"inLanguage\":\"nb-NO\",\"potentialAction\":[{\"@type\":\"ReadAction\",\"target\":[\"https:\/\/www.industridraperier.se\/no\/produkter\/industri-och-lagervaggar\/\"]}]},{\"@type\":\"ImageObject\",\"inLanguage\":\"nb-NO\",\"@id\":\"https:\/\/www.industridraperier.se\/no\/produkter\/industri-och-lagervaggar\/#primaryimage\",\"url\":\"https:\/\/www.industridraperier.se\/wp\/wp-content\/uploads\/2014\/09\/Industri-och-lagervaggar_3.jpg\",\"contentUrl\":\"https:\/\/www.industridraperier.se\/wp\/wp-content\/uploads\/2014\/09\/Industri-och-lagervaggar_3.jpg\",\"width\":720,\"height\":360},{\"@type\":\"BreadcrumbList\",\"@id\":\"https:\/\/www.industridraperier.se\/no\/produkter\/industri-och-lagervaggar\/#breadcrumb\",\"itemListElement\":[{\"@type\":\"ListItem\",\"position\":1,\"name\":\"Hem\",\"item\":\"https:\/\/www.industridraperier.se\/no\/\"},{\"@type\":\"ListItem\",\"position\":2,\"name\":\"Produkter og tjenester\",\"item\":\"https:\/\/www.industridraperier.se\/no\/produkter\/\"},{\"@type\":\"ListItem\",\"position\":3,\"name\":\"Industri- og lagervegger\"}]},{\"@type\":\"WebSite\",\"@id\":\"https:\/\/www.industridraperier.se\/#website\",\"url\":\"https:\/\/www.industridraperier.se\/\",\"name\":\"Industridraperier\",\"description\":\"Slogan\",\"potentialAction\":[{\"@type\":\"SearchAction\",\"target\":{\"@type\":\"EntryPoint\",\"urlTemplate\":\"https:\/\/www.industridraperier.se\/?s={search_term_string}\"},\"query-input\":{\"@type\":\"PropertyValueSpecification\",\"valueRequired\":true,\"valueName\":\"search_term_string\"}}],\"inLanguage\":\"nb-NO\"}]}<\/script>\n<!-- \/ Yoast SEO plugin. -->","yoast_head_json":{"title":"Industri- og lagervegger - Industridraperier","robots":{"index":"index","follow":"follow","max-snippet":"max-snippet:-1","max-image-preview":"max-image-preview:large","max-video-preview":"max-video-preview:-1"},"canonical":"https:\/\/www.industridraperier.se\/no\/produkter\/industri-och-lagervaggar\/","og_locale":"nb_NO","og_type":"article","og_title":"Industri- og lagervegger - Industridraperier","og_description":"X-Store \u2013 enkelt \u00e5 dele av og gjerde inn X-Store er et komplett system av industri- og lagervegger. Det er tilpasset for \u00e5 oppfylle kravene som stilles til sikkerhet og...","og_url":"https:\/\/www.industridraperier.se\/no\/produkter\/industri-och-lagervaggar\/","og_site_name":"Industridraperier","article_publisher":"https:\/\/www.facebook.com\/pages\/Industridraperier-AB\/121686584597179","article_modified_time":"2018-10-16T06:15:26+00:00","og_image":[{"width":720,"height":360,"url":"https:\/\/www.industridraperier.se\/wp\/wp-content\/uploads\/2014\/09\/Industri-och-lagervaggar_3.jpg","type":"image\/jpeg"}],"schema":{"@context":"https:\/\/schema.org","@graph":[{"@type":"WebPage","@id":"https:\/\/www.industridraperier.se\/no\/produkter\/industri-och-lagervaggar\/","url":"https:\/\/www.industridraperier.se\/no\/produkter\/industri-och-lagervaggar\/","name":"Industri- og lagervegger - Industridraperier","isPartOf":{"@id":"https:\/\/www.industridraperier.se\/#website"},"primaryImageOfPage":{"@id":"https:\/\/www.industridraperier.se\/no\/produkter\/industri-och-lagervaggar\/#primaryimage"},"image":{"@id":"https:\/\/www.industridraperier.se\/no\/produkter\/industri-och-lagervaggar\/#primaryimage"},"thumbnailUrl":"https:\/\/www.industridraperier.se\/wp\/wp-content\/uploads\/2014\/09\/Industri-och-lagervaggar_3.jpg","datePublished":"2014-09-04T08:14:14+00:00","dateModified":"2018-10-16T06:15:26+00:00","breadcrumb":{"@id":"https:\/\/www.industridraperier.se\/no\/produkter\/industri-och-lagervaggar\/#breadcrumb"},"inLanguage":"nb-NO","potentialAction":[{"@type":"ReadAction","target":["https:\/\/www.industridraperier.se\/no\/produkter\/industri-och-lagervaggar\/"]}]},{"@type":"ImageObject","inLanguage":"nb-NO","@id":"https:\/\/www.industridraperier.se\/no\/produkter\/industri-och-lagervaggar\/#primaryimage","url":"https:\/\/www.industridraperier.se\/wp\/wp-content\/uploads\/2014\/09\/Industri-och-lagervaggar_3.jpg","contentUrl":"https:\/\/www.industridraperier.se\/wp\/wp-content\/uploads\/2014\/09\/Industri-och-lagervaggar_3.jpg","width":720,"height":360},{"@type":"BreadcrumbList","@id":"https:\/\/www.industridraperier.se\/no\/produkter\/industri-och-lagervaggar\/#breadcrumb","itemListElement":[{"@type":"ListItem","position":1,"name":"Hem","item":"https:\/\/www.industridraperier.se\/no\/"},{"@type":"ListItem","position":2,"name":"Produkter og tjenester","item":"https:\/\/www.industridraperier.se\/no\/produkter\/"},{"@type":"ListItem","position":3,"name":"Industri- og lagervegger"}]},{"@type":"WebSite","@id":"https:\/\/www.industridraperier.se\/#website","url":"https:\/\/www.industridraperier.se\/","name":"Industridraperier","description":"Slogan","potentialAction":[{"@type":"SearchAction","target":{"@type":"EntryPoint","urlTemplate":"https:\/\/www.industridraperier.se\/?s={search_term_string}"},"query-input":{"@type":"PropertyValueSpecification","valueRequired":true,"valueName":"search_term_string"}}],"inLanguage":"nb-NO"}]}},"_links":{"self":[{"href":"https:\/\/www.industridraperier.se\/no\/wp-json\/wp\/v2\/pages\/1273","targetHints":{"allow":["GET"]}}],"collection":[{"href":"https:\/\/www.industridraperier.se\/no\/wp-json\/wp\/v2\/pages"}],"about":[{"href":"https:\/\/www.industridraperier.se\/no\/wp-json\/wp\/v2\/types\/page"}],"author":[{"embeddable":true,"href":"https:\/\/www.industridraperier.se\/no\/wp-json\/wp\/v2\/users\/2"}],"replies":[{"embeddable":true,"href":"https:\/\/www.industridraperier.se\/no\/wp-json\/wp\/v2\/comments?post=1273"}],"version-history":[{"count":0,"href":"https:\/\/www.industridraperier.se\/no\/wp-json\/wp\/v2\/pages\/1273\/revisions"}],"up":[{"embeddable":true,"href":"https:\/\/www.industridraperier.se\/no\/wp-json\/wp\/v2\/pages\/152"}],"wp:featuredmedia":[{"embeddable":true,"href":"https:\/\/www.industridraperier.se\/no\/wp-json\/wp\/v2\/media\/2947"}],"wp:attachment":[{"href":"https:\/\/www.industridraperier.se\/no\/wp-json\/wp\/v2\/media?parent=1273"}],"curies":[{"name":"wp","href":"https:\/\/api.w.org\/{rel}","templated":true}]}}