{"id":1260,"date":"2014-09-04T09:48:38","date_gmt":"2014-09-04T07:48:38","guid":{"rendered":"http:\/\/industridraperier.se\/wp\/produkter\/maskinskydd\/las-och-tillbehor\/"},"modified":"2018-10-16T08:02:24","modified_gmt":"2018-10-16T06:02:24","slug":"las-och-tillbehor","status":"publish","type":"page","link":"https:\/\/www.industridraperier.se\/no\/produkter\/maskinskydd\/las-och-tillbehor\/","title":{"rendered":"L\u00e5ser og tilbeh\u00f8r"},"content":{"rendered":"<p>X-Guard f\u00e5s med ulike l\u00e5salternativer, alle med menneskers sikkerhet i fokus. L\u00e5spakken leveres sammen med d\u00f8r- og nettseksjoner. Som en ekstra sikkerhetsdetalj f\u00e5s ogs\u00e5 en sikkerhetsbryter som sl\u00e5r av maskinen innenfor nettbeskyttelsen f\u00f8r operat\u00f8ren kommer i kontakt med den.<\/p>\n<h3>Tilbeh\u00f8r<\/h3>\n<p>Velg rett tilbeh\u00f8r for \u00e5 f\u00e5 det meste og beste ut av din maskinbeskyttelse. Du finner mer informasjon om l\u00e5salternativene og tilbeh\u00f8ret nedenfor.<\/p>\n","protected":false},"excerpt":{"rendered":"<p>X-Guard f\u00e5s med ulike l\u00e5salternativer, alle med menneskers sikkerhet i fokus. L\u00e5spakken leveres sammen med d\u00f8r- og nettseksjoner. Som en ekstra sikkerhetsdetalj f\u00e5s ogs\u00e5 en sikkerhetsbryter som sl\u00e5r av maskinen&#8230;<\/p>\n","protected":false},"author":2,"featured_media":2496,"parent":1241,"menu_order":0,"comment_status":"closed","ping_status":"closed","template":"page-left-sidebar.php","meta":{"_acf_changed":false,"footnotes":""},"class_list":["post-1260","page","type-page","status-publish","has-post-thumbnail"],"acf":[],"yoast_head":"<!-- This site is optimized with the Yoast SEO plugin v27.2 - https:\/\/yoast.com\/product\/yoast-seo-wordpress\/ -->\n<title>L\u00e5ser og tilbeh\u00f8r - Industridraperier<\/title>\n<meta name=\"robots\" content=\"index, follow, max-snippet:-1, max-image-preview:large, max-video-preview:-1\" \/>\n<link rel=\"canonical\" href=\"https:\/\/www.industridraperier.se\/no\/produkter\/maskinskydd\/las-och-tillbehor\/\" \/>\n<meta property=\"og:locale\" content=\"nb_NO\" \/>\n<meta property=\"og:type\" content=\"article\" \/>\n<meta property=\"og:title\" content=\"L\u00e5ser og tilbeh\u00f8r - Industridraperier\" \/>\n<meta property=\"og:description\" content=\"X-Guard f\u00e5s med ulike l\u00e5salternativer, alle med menneskers sikkerhet i fokus. L\u00e5spakken leveres sammen med d\u00f8r- og nettseksjoner. Som en ekstra sikkerhetsdetalj f\u00e5s ogs\u00e5 en sikkerhetsbryter som sl\u00e5r av maskinen...\" \/>\n<meta property=\"og:url\" content=\"https:\/\/www.industridraperier.se\/no\/produkter\/maskinskydd\/las-och-tillbehor\/\" \/>\n<meta property=\"og:site_name\" content=\"Industridraperier\" \/>\n<meta property=\"article:publisher\" content=\"https:\/\/www.facebook.com\/pages\/Industridraperier-AB\/121686584597179\" \/>\n<meta property=\"article:modified_time\" content=\"2018-10-16T06:02:24+00:00\" \/>\n<meta property=\"og:image\" content=\"https:\/\/www.industridraperier.se\/wp\/wp-content\/uploads\/2014\/09\/X-key_rod.jpg\" \/>\n\t<meta property=\"og:image:width\" content=\"500\" \/>\n\t<meta property=\"og:image:height\" content=\"350\" \/>\n\t<meta property=\"og:image:type\" content=\"image\/jpeg\" \/>\n<script type=\"application\/ld+json\" class=\"yoast-schema-graph\">{\"@context\":\"https:\/\/schema.org\",\"@graph\":[{\"@type\":\"WebPage\",\"@id\":\"https:\/\/www.industridraperier.se\/no\/produkter\/maskinskydd\/las-och-tillbehor\/\",\"url\":\"https:\/\/www.industridraperier.se\/no\/produkter\/maskinskydd\/las-och-tillbehor\/\",\"name\":\"L\u00e5ser og tilbeh\u00f8r - Industridraperier\",\"isPartOf\":{\"@id\":\"https:\/\/www.industridraperier.se\/#website\"},\"primaryImageOfPage\":{\"@id\":\"https:\/\/www.industridraperier.se\/no\/produkter\/maskinskydd\/las-och-tillbehor\/#primaryimage\"},\"image\":{\"@id\":\"https:\/\/www.industridraperier.se\/no\/produkter\/maskinskydd\/las-och-tillbehor\/#primaryimage\"},\"thumbnailUrl\":\"https:\/\/www.industridraperier.se\/wp\/wp-content\/uploads\/2014\/09\/X-key_rod.jpg\",\"datePublished\":\"2014-09-04T07:48:38+00:00\",\"dateModified\":\"2018-10-16T06:02:24+00:00\",\"breadcrumb\":{\"@id\":\"https:\/\/www.industridraperier.se\/no\/produkter\/maskinskydd\/las-och-tillbehor\/#breadcrumb\"},\"inLanguage\":\"nb-NO\",\"potentialAction\":[{\"@type\":\"ReadAction\",\"target\":[\"https:\/\/www.industridraperier.se\/no\/produkter\/maskinskydd\/las-och-tillbehor\/\"]}]},{\"@type\":\"ImageObject\",\"inLanguage\":\"nb-NO\",\"@id\":\"https:\/\/www.industridraperier.se\/no\/produkter\/maskinskydd\/las-och-tillbehor\/#primaryimage\",\"url\":\"https:\/\/www.industridraperier.se\/wp\/wp-content\/uploads\/2014\/09\/X-key_rod.jpg\",\"contentUrl\":\"https:\/\/www.industridraperier.se\/wp\/wp-content\/uploads\/2014\/09\/X-key_rod.jpg\",\"width\":500,\"height\":350},{\"@type\":\"BreadcrumbList\",\"@id\":\"https:\/\/www.industridraperier.se\/no\/produkter\/maskinskydd\/las-och-tillbehor\/#breadcrumb\",\"itemListElement\":[{\"@type\":\"ListItem\",\"position\":1,\"name\":\"Hem\",\"item\":\"https:\/\/www.industridraperier.se\/no\/\"},{\"@type\":\"ListItem\",\"position\":2,\"name\":\"Produkter og tjenester\",\"item\":\"https:\/\/www.industridraperier.se\/no\/produkter\/\"},{\"@type\":\"ListItem\",\"position\":3,\"name\":\"Maskinbeskyttelse\",\"item\":\"https:\/\/www.industridraperier.se\/no\/produkter\/maskinskydd\/\"},{\"@type\":\"ListItem\",\"position\":4,\"name\":\"L\u00e5ser og tilbeh\u00f8r\"}]},{\"@type\":\"WebSite\",\"@id\":\"https:\/\/www.industridraperier.se\/#website\",\"url\":\"https:\/\/www.industridraperier.se\/\",\"name\":\"Industridraperier\",\"description\":\"Slogan\",\"potentialAction\":[{\"@type\":\"SearchAction\",\"target\":{\"@type\":\"EntryPoint\",\"urlTemplate\":\"https:\/\/www.industridraperier.se\/?s={search_term_string}\"},\"query-input\":{\"@type\":\"PropertyValueSpecification\",\"valueRequired\":true,\"valueName\":\"search_term_string\"}}],\"inLanguage\":\"nb-NO\"}]}<\/script>\n<!-- \/ Yoast SEO plugin. -->","yoast_head_json":{"title":"L\u00e5ser og tilbeh\u00f8r - Industridraperier","robots":{"index":"index","follow":"follow","max-snippet":"max-snippet:-1","max-image-preview":"max-image-preview:large","max-video-preview":"max-video-preview:-1"},"canonical":"https:\/\/www.industridraperier.se\/no\/produkter\/maskinskydd\/las-och-tillbehor\/","og_locale":"nb_NO","og_type":"article","og_title":"L\u00e5ser og tilbeh\u00f8r - Industridraperier","og_description":"X-Guard f\u00e5s med ulike l\u00e5salternativer, alle med menneskers sikkerhet i fokus. L\u00e5spakken leveres sammen med d\u00f8r- og nettseksjoner. Som en ekstra sikkerhetsdetalj f\u00e5s ogs\u00e5 en sikkerhetsbryter som sl\u00e5r av maskinen...","og_url":"https:\/\/www.industridraperier.se\/no\/produkter\/maskinskydd\/las-och-tillbehor\/","og_site_name":"Industridraperier","article_publisher":"https:\/\/www.facebook.com\/pages\/Industridraperier-AB\/121686584597179","article_modified_time":"2018-10-16T06:02:24+00:00","og_image":[{"width":500,"height":350,"url":"https:\/\/www.industridraperier.se\/wp\/wp-content\/uploads\/2014\/09\/X-key_rod.jpg","type":"image\/jpeg"}],"schema":{"@context":"https:\/\/schema.org","@graph":[{"@type":"WebPage","@id":"https:\/\/www.industridraperier.se\/no\/produkter\/maskinskydd\/las-och-tillbehor\/","url":"https:\/\/www.industridraperier.se\/no\/produkter\/maskinskydd\/las-och-tillbehor\/","name":"L\u00e5ser og tilbeh\u00f8r - Industridraperier","isPartOf":{"@id":"https:\/\/www.industridraperier.se\/#website"},"primaryImageOfPage":{"@id":"https:\/\/www.industridraperier.se\/no\/produkter\/maskinskydd\/las-och-tillbehor\/#primaryimage"},"image":{"@id":"https:\/\/www.industridraperier.se\/no\/produkter\/maskinskydd\/las-och-tillbehor\/#primaryimage"},"thumbnailUrl":"https:\/\/www.industridraperier.se\/wp\/wp-content\/uploads\/2014\/09\/X-key_rod.jpg","datePublished":"2014-09-04T07:48:38+00:00","dateModified":"2018-10-16T06:02:24+00:00","breadcrumb":{"@id":"https:\/\/www.industridraperier.se\/no\/produkter\/maskinskydd\/las-och-tillbehor\/#breadcrumb"},"inLanguage":"nb-NO","potentialAction":[{"@type":"ReadAction","target":["https:\/\/www.industridraperier.se\/no\/produkter\/maskinskydd\/las-och-tillbehor\/"]}]},{"@type":"ImageObject","inLanguage":"nb-NO","@id":"https:\/\/www.industridraperier.se\/no\/produkter\/maskinskydd\/las-och-tillbehor\/#primaryimage","url":"https:\/\/www.industridraperier.se\/wp\/wp-content\/uploads\/2014\/09\/X-key_rod.jpg","contentUrl":"https:\/\/www.industridraperier.se\/wp\/wp-content\/uploads\/2014\/09\/X-key_rod.jpg","width":500,"height":350},{"@type":"BreadcrumbList","@id":"https:\/\/www.industridraperier.se\/no\/produkter\/maskinskydd\/las-och-tillbehor\/#breadcrumb","itemListElement":[{"@type":"ListItem","position":1,"name":"Hem","item":"https:\/\/www.industridraperier.se\/no\/"},{"@type":"ListItem","position":2,"name":"Produkter og tjenester","item":"https:\/\/www.industridraperier.se\/no\/produkter\/"},{"@type":"ListItem","position":3,"name":"Maskinbeskyttelse","item":"https:\/\/www.industridraperier.se\/no\/produkter\/maskinskydd\/"},{"@type":"ListItem","position":4,"name":"L\u00e5ser og tilbeh\u00f8r"}]},{"@type":"WebSite","@id":"https:\/\/www.industridraperier.se\/#website","url":"https:\/\/www.industridraperier.se\/","name":"Industridraperier","description":"Slogan","potentialAction":[{"@type":"SearchAction","target":{"@type":"EntryPoint","urlTemplate":"https:\/\/www.industridraperier.se\/?s={search_term_string}"},"query-input":{"@type":"PropertyValueSpecification","valueRequired":true,"valueName":"search_term_string"}}],"inLanguage":"nb-NO"}]}},"_links":{"self":[{"href":"https:\/\/www.industridraperier.se\/no\/wp-json\/wp\/v2\/pages\/1260","targetHints":{"allow":["GET"]}}],"collection":[{"href":"https:\/\/www.industridraperier.se\/no\/wp-json\/wp\/v2\/pages"}],"about":[{"href":"https:\/\/www.industridraperier.se\/no\/wp-json\/wp\/v2\/types\/page"}],"author":[{"embeddable":true,"href":"https:\/\/www.industridraperier.se\/no\/wp-json\/wp\/v2\/users\/2"}],"replies":[{"embeddable":true,"href":"https:\/\/www.industridraperier.se\/no\/wp-json\/wp\/v2\/comments?post=1260"}],"version-history":[{"count":0,"href":"https:\/\/www.industridraperier.se\/no\/wp-json\/wp\/v2\/pages\/1260\/revisions"}],"up":[{"embeddable":true,"href":"https:\/\/www.industridraperier.se\/no\/wp-json\/wp\/v2\/pages\/1241"}],"wp:featuredmedia":[{"embeddable":true,"href":"https:\/\/www.industridraperier.se\/no\/wp-json\/wp\/v2\/media\/2496"}],"wp:attachment":[{"href":"https:\/\/www.industridraperier.se\/no\/wp-json\/wp\/v2\/media?parent=1260"}],"curies":[{"name":"wp","href":"https:\/\/api.w.org\/{rel}","templated":true}]}}