{"id":1251,"date":"2014-09-03T17:51:30","date_gmt":"2014-09-03T15:51:30","guid":{"rendered":"http:\/\/industridraperier.se\/wp\/produkter\/maskinskydd\/dorrar-och-portar\/"},"modified":"2014-09-11T08:55:30","modified_gmt":"2014-09-11T06:55:30","slug":"dorrar-och-portar","status":"publish","type":"page","link":"https:\/\/www.industridraperier.se\/no\/produkter\/maskinskydd\/dorrar-och-portar\/","title":{"rendered":"D\u00f8rer og porter"},"content":{"rendered":"<p>Til X-Guard maskinbeskyttelse finnes det et stort utvalg av robuste d\u00f8ralternativer. Det muliggj\u00f8r fleksible og sikre passasjer for mennesker, lastevogner og trucker m.m.<\/p>\n","protected":false},"excerpt":{"rendered":"<p>Til X-Guard maskinbeskyttelse finnes det et stort utvalg av robuste d\u00f8ralternativer. Det muliggj\u00f8r fleksible og sikre passasjer for mennesker, lastevogner og trucker m.m.<\/p>\n","protected":false},"author":2,"featured_media":458,"parent":1241,"menu_order":0,"comment_status":"closed","ping_status":"closed","template":"page-left-sidebar.php","meta":{"_acf_changed":false,"footnotes":""},"class_list":["post-1251","page","type-page","status-publish","has-post-thumbnail"],"acf":[],"yoast_head":"<!-- This site is optimized with the Yoast SEO plugin v27.2 - https:\/\/yoast.com\/product\/yoast-seo-wordpress\/ -->\n<title>D\u00f8rer og porter - Industridraperier<\/title>\n<meta name=\"robots\" content=\"index, follow, max-snippet:-1, max-image-preview:large, max-video-preview:-1\" \/>\n<link rel=\"canonical\" href=\"https:\/\/www.industridraperier.se\/no\/produkter\/maskinskydd\/dorrar-och-portar\/\" \/>\n<meta property=\"og:locale\" content=\"nb_NO\" \/>\n<meta property=\"og:type\" content=\"article\" \/>\n<meta property=\"og:title\" content=\"D\u00f8rer og porter - Industridraperier\" \/>\n<meta property=\"og:description\" content=\"Til X-Guard maskinbeskyttelse finnes det et stort utvalg av robuste d\u00f8ralternativer. Det muliggj\u00f8r fleksible og sikre passasjer for mennesker, lastevogner og trucker m.m.\" \/>\n<meta property=\"og:url\" content=\"https:\/\/www.industridraperier.se\/no\/produkter\/maskinskydd\/dorrar-och-portar\/\" \/>\n<meta property=\"og:site_name\" content=\"Industridraperier\" \/>\n<meta property=\"article:publisher\" content=\"https:\/\/www.facebook.com\/pages\/Industridraperier-AB\/121686584597179\" \/>\n<meta property=\"article:modified_time\" content=\"2014-09-11T06:55:30+00:00\" \/>\n<meta property=\"og:image\" content=\"https:\/\/www.industridraperier.se\/wp\/wp-content\/uploads\/2014\/09\/Dorrar-och-portar.jpg\" \/>\n\t<meta property=\"og:image:width\" content=\"480\" \/>\n\t<meta property=\"og:image:height\" content=\"295\" \/>\n\t<meta property=\"og:image:type\" content=\"image\/jpeg\" \/>\n<script type=\"application\/ld+json\" class=\"yoast-schema-graph\">{\"@context\":\"https:\/\/schema.org\",\"@graph\":[{\"@type\":\"WebPage\",\"@id\":\"https:\/\/www.industridraperier.se\/no\/produkter\/maskinskydd\/dorrar-och-portar\/\",\"url\":\"https:\/\/www.industridraperier.se\/no\/produkter\/maskinskydd\/dorrar-och-portar\/\",\"name\":\"D\u00f8rer og porter - Industridraperier\",\"isPartOf\":{\"@id\":\"https:\/\/www.industridraperier.se\/#website\"},\"primaryImageOfPage\":{\"@id\":\"https:\/\/www.industridraperier.se\/no\/produkter\/maskinskydd\/dorrar-och-portar\/#primaryimage\"},\"image\":{\"@id\":\"https:\/\/www.industridraperier.se\/no\/produkter\/maskinskydd\/dorrar-och-portar\/#primaryimage\"},\"thumbnailUrl\":\"https:\/\/www.industridraperier.se\/wp\/wp-content\/uploads\/2014\/09\/Dorrar-och-portar.jpg\",\"datePublished\":\"2014-09-03T15:51:30+00:00\",\"dateModified\":\"2014-09-11T06:55:30+00:00\",\"breadcrumb\":{\"@id\":\"https:\/\/www.industridraperier.se\/no\/produkter\/maskinskydd\/dorrar-och-portar\/#breadcrumb\"},\"inLanguage\":\"nb-NO\",\"potentialAction\":[{\"@type\":\"ReadAction\",\"target\":[\"https:\/\/www.industridraperier.se\/no\/produkter\/maskinskydd\/dorrar-och-portar\/\"]}]},{\"@type\":\"ImageObject\",\"inLanguage\":\"nb-NO\",\"@id\":\"https:\/\/www.industridraperier.se\/no\/produkter\/maskinskydd\/dorrar-och-portar\/#primaryimage\",\"url\":\"https:\/\/www.industridraperier.se\/wp\/wp-content\/uploads\/2014\/09\/Dorrar-och-portar.jpg\",\"contentUrl\":\"https:\/\/www.industridraperier.se\/wp\/wp-content\/uploads\/2014\/09\/Dorrar-och-portar.jpg\",\"width\":480,\"height\":295},{\"@type\":\"BreadcrumbList\",\"@id\":\"https:\/\/www.industridraperier.se\/no\/produkter\/maskinskydd\/dorrar-och-portar\/#breadcrumb\",\"itemListElement\":[{\"@type\":\"ListItem\",\"position\":1,\"name\":\"Hem\",\"item\":\"https:\/\/www.industridraperier.se\/no\/\"},{\"@type\":\"ListItem\",\"position\":2,\"name\":\"Produkter og tjenester\",\"item\":\"https:\/\/www.industridraperier.se\/no\/produkter\/\"},{\"@type\":\"ListItem\",\"position\":3,\"name\":\"Maskinbeskyttelse\",\"item\":\"https:\/\/www.industridraperier.se\/no\/produkter\/maskinskydd\/\"},{\"@type\":\"ListItem\",\"position\":4,\"name\":\"D\u00f8rer og porter\"}]},{\"@type\":\"WebSite\",\"@id\":\"https:\/\/www.industridraperier.se\/#website\",\"url\":\"https:\/\/www.industridraperier.se\/\",\"name\":\"Industridraperier\",\"description\":\"Slogan\",\"potentialAction\":[{\"@type\":\"SearchAction\",\"target\":{\"@type\":\"EntryPoint\",\"urlTemplate\":\"https:\/\/www.industridraperier.se\/?s={search_term_string}\"},\"query-input\":{\"@type\":\"PropertyValueSpecification\",\"valueRequired\":true,\"valueName\":\"search_term_string\"}}],\"inLanguage\":\"nb-NO\"}]}<\/script>\n<!-- \/ Yoast SEO plugin. -->","yoast_head_json":{"title":"D\u00f8rer og porter - Industridraperier","robots":{"index":"index","follow":"follow","max-snippet":"max-snippet:-1","max-image-preview":"max-image-preview:large","max-video-preview":"max-video-preview:-1"},"canonical":"https:\/\/www.industridraperier.se\/no\/produkter\/maskinskydd\/dorrar-och-portar\/","og_locale":"nb_NO","og_type":"article","og_title":"D\u00f8rer og porter - Industridraperier","og_description":"Til X-Guard maskinbeskyttelse finnes det et stort utvalg av robuste d\u00f8ralternativer. Det muliggj\u00f8r fleksible og sikre passasjer for mennesker, lastevogner og trucker m.m.","og_url":"https:\/\/www.industridraperier.se\/no\/produkter\/maskinskydd\/dorrar-och-portar\/","og_site_name":"Industridraperier","article_publisher":"https:\/\/www.facebook.com\/pages\/Industridraperier-AB\/121686584597179","article_modified_time":"2014-09-11T06:55:30+00:00","og_image":[{"width":480,"height":295,"url":"https:\/\/www.industridraperier.se\/wp\/wp-content\/uploads\/2014\/09\/Dorrar-och-portar.jpg","type":"image\/jpeg"}],"schema":{"@context":"https:\/\/schema.org","@graph":[{"@type":"WebPage","@id":"https:\/\/www.industridraperier.se\/no\/produkter\/maskinskydd\/dorrar-och-portar\/","url":"https:\/\/www.industridraperier.se\/no\/produkter\/maskinskydd\/dorrar-och-portar\/","name":"D\u00f8rer og porter - Industridraperier","isPartOf":{"@id":"https:\/\/www.industridraperier.se\/#website"},"primaryImageOfPage":{"@id":"https:\/\/www.industridraperier.se\/no\/produkter\/maskinskydd\/dorrar-och-portar\/#primaryimage"},"image":{"@id":"https:\/\/www.industridraperier.se\/no\/produkter\/maskinskydd\/dorrar-och-portar\/#primaryimage"},"thumbnailUrl":"https:\/\/www.industridraperier.se\/wp\/wp-content\/uploads\/2014\/09\/Dorrar-och-portar.jpg","datePublished":"2014-09-03T15:51:30+00:00","dateModified":"2014-09-11T06:55:30+00:00","breadcrumb":{"@id":"https:\/\/www.industridraperier.se\/no\/produkter\/maskinskydd\/dorrar-och-portar\/#breadcrumb"},"inLanguage":"nb-NO","potentialAction":[{"@type":"ReadAction","target":["https:\/\/www.industridraperier.se\/no\/produkter\/maskinskydd\/dorrar-och-portar\/"]}]},{"@type":"ImageObject","inLanguage":"nb-NO","@id":"https:\/\/www.industridraperier.se\/no\/produkter\/maskinskydd\/dorrar-och-portar\/#primaryimage","url":"https:\/\/www.industridraperier.se\/wp\/wp-content\/uploads\/2014\/09\/Dorrar-och-portar.jpg","contentUrl":"https:\/\/www.industridraperier.se\/wp\/wp-content\/uploads\/2014\/09\/Dorrar-och-portar.jpg","width":480,"height":295},{"@type":"BreadcrumbList","@id":"https:\/\/www.industridraperier.se\/no\/produkter\/maskinskydd\/dorrar-och-portar\/#breadcrumb","itemListElement":[{"@type":"ListItem","position":1,"name":"Hem","item":"https:\/\/www.industridraperier.se\/no\/"},{"@type":"ListItem","position":2,"name":"Produkter og tjenester","item":"https:\/\/www.industridraperier.se\/no\/produkter\/"},{"@type":"ListItem","position":3,"name":"Maskinbeskyttelse","item":"https:\/\/www.industridraperier.se\/no\/produkter\/maskinskydd\/"},{"@type":"ListItem","position":4,"name":"D\u00f8rer og porter"}]},{"@type":"WebSite","@id":"https:\/\/www.industridraperier.se\/#website","url":"https:\/\/www.industridraperier.se\/","name":"Industridraperier","description":"Slogan","potentialAction":[{"@type":"SearchAction","target":{"@type":"EntryPoint","urlTemplate":"https:\/\/www.industridraperier.se\/?s={search_term_string}"},"query-input":{"@type":"PropertyValueSpecification","valueRequired":true,"valueName":"search_term_string"}}],"inLanguage":"nb-NO"}]}},"_links":{"self":[{"href":"https:\/\/www.industridraperier.se\/no\/wp-json\/wp\/v2\/pages\/1251","targetHints":{"allow":["GET"]}}],"collection":[{"href":"https:\/\/www.industridraperier.se\/no\/wp-json\/wp\/v2\/pages"}],"about":[{"href":"https:\/\/www.industridraperier.se\/no\/wp-json\/wp\/v2\/types\/page"}],"author":[{"embeddable":true,"href":"https:\/\/www.industridraperier.se\/no\/wp-json\/wp\/v2\/users\/2"}],"replies":[{"embeddable":true,"href":"https:\/\/www.industridraperier.se\/no\/wp-json\/wp\/v2\/comments?post=1251"}],"version-history":[{"count":0,"href":"https:\/\/www.industridraperier.se\/no\/wp-json\/wp\/v2\/pages\/1251\/revisions"}],"up":[{"embeddable":true,"href":"https:\/\/www.industridraperier.se\/no\/wp-json\/wp\/v2\/pages\/1241"}],"wp:featuredmedia":[{"embeddable":true,"href":"https:\/\/www.industridraperier.se\/no\/wp-json\/wp\/v2\/media\/458"}],"wp:attachment":[{"href":"https:\/\/www.industridraperier.se\/no\/wp-json\/wp\/v2\/media?parent=1251"}],"curies":[{"name":"wp","href":"https:\/\/api.w.org\/{rel}","templated":true}]}}