{"id":1243,"date":"2014-09-03T17:32:19","date_gmt":"2014-09-03T15:32:19","guid":{"rendered":"http:\/\/industridraperier.se\/wp\/produkter\/maskinskydd\/natvaggar-och-stolpar\/"},"modified":"2019-03-06T11:29:20","modified_gmt":"2019-03-06T10:29:20","slug":"natvaggar-och-stolpar","status":"publish","type":"page","link":"https:\/\/www.industridraperier.se\/no\/produkter\/maskinskydd\/natvaggar-och-stolpar\/","title":{"rendered":"Nettvegger og stolper"},"content":{"rendered":"<p>X-Guard er et unikt system for maskinbeskyttelse som bygges sammen av nettvegger og stolper. Systemet er smidig og enkelt \u00e5 montere, bygge om og komplettere. Beskyttelsesavstanden er kun 200 mm. Det gj\u00f8r at nettveggene kan monteres sv\u00e6rt n\u00e6rt bevegelige deler, f.eks. en sveiserobot.<\/p>\n<p>Kompletter med egnede <a title=\"D\u00f8rer og porter\" href=\"http:\/\/www.industridraperier.se\/no\/produkter\/maskinskydd\/dorrar-och-portar\/\">d\u00f8rer<\/a>, <a title=\"L\u00e5ser og tilbeh\u00f8r\" href=\"http:\/\/www.industridraperier.se\/no\/produkter\/maskinskydd\/las-och-tillbehor\/\">l\u00e5ser og tilbeh\u00f8r<\/a> s\u00e5 f\u00e5r du en fleksibel og funksjonell maskinbeskyttelse.<\/p>\n","protected":false},"excerpt":{"rendered":"<p>X-Guard er et unikt system for maskinbeskyttelse som bygges sammen av nettvegger og stolper. Systemet er smidig og enkelt \u00e5 montere, bygge om og komplettere. Beskyttelsesavstanden er kun 200 mm&#8230;.<\/p>\n","protected":false},"author":2,"featured_media":2515,"parent":1241,"menu_order":0,"comment_status":"closed","ping_status":"closed","template":"page-left-sidebar.php","meta":{"_acf_changed":false,"footnotes":""},"class_list":["post-1243","page","type-page","status-publish","has-post-thumbnail"],"acf":[],"yoast_head":"<!-- This site is optimized with the Yoast SEO plugin v27.2 - https:\/\/yoast.com\/product\/yoast-seo-wordpress\/ -->\n<title>Nettvegger og stolper - Industridraperier<\/title>\n<meta name=\"robots\" content=\"index, follow, max-snippet:-1, max-image-preview:large, max-video-preview:-1\" \/>\n<link rel=\"canonical\" href=\"https:\/\/www.industridraperier.se\/no\/produkter\/maskinskydd\/natvaggar-och-stolpar\/\" \/>\n<meta property=\"og:locale\" content=\"nb_NO\" \/>\n<meta property=\"og:type\" content=\"article\" \/>\n<meta property=\"og:title\" content=\"Nettvegger og stolper - Industridraperier\" \/>\n<meta property=\"og:description\" content=\"X-Guard er et unikt system for maskinbeskyttelse som bygges sammen av nettvegger og stolper. Systemet er smidig og enkelt \u00e5 montere, bygge om og komplettere. Beskyttelsesavstanden er kun 200 mm....\" \/>\n<meta property=\"og:url\" content=\"https:\/\/www.industridraperier.se\/no\/produkter\/maskinskydd\/natvaggar-och-stolpar\/\" \/>\n<meta property=\"og:site_name\" content=\"Industridraperier\" \/>\n<meta property=\"article:publisher\" content=\"https:\/\/www.facebook.com\/pages\/Industridraperier-AB\/121686584597179\" \/>\n<meta property=\"article:modified_time\" content=\"2019-03-06T10:29:20+00:00\" \/>\n<meta property=\"og:image\" content=\"https:\/\/www.industridraperier.se\/wp\/wp-content\/uploads\/2014\/09\/Maskinskydd_3Dmodell_ingangssida1.jpg\" \/>\n\t<meta property=\"og:image:width\" content=\"720\" \/>\n\t<meta property=\"og:image:height\" content=\"348\" \/>\n\t<meta property=\"og:image:type\" content=\"image\/jpeg\" \/>\n<script type=\"application\/ld+json\" class=\"yoast-schema-graph\">{\"@context\":\"https:\/\/schema.org\",\"@graph\":[{\"@type\":\"WebPage\",\"@id\":\"https:\/\/www.industridraperier.se\/no\/produkter\/maskinskydd\/natvaggar-och-stolpar\/\",\"url\":\"https:\/\/www.industridraperier.se\/no\/produkter\/maskinskydd\/natvaggar-och-stolpar\/\",\"name\":\"Nettvegger og stolper - Industridraperier\",\"isPartOf\":{\"@id\":\"https:\/\/www.industridraperier.se\/#website\"},\"primaryImageOfPage\":{\"@id\":\"https:\/\/www.industridraperier.se\/no\/produkter\/maskinskydd\/natvaggar-och-stolpar\/#primaryimage\"},\"image\":{\"@id\":\"https:\/\/www.industridraperier.se\/no\/produkter\/maskinskydd\/natvaggar-och-stolpar\/#primaryimage\"},\"thumbnailUrl\":\"https:\/\/www.industridraperier.se\/wp\/wp-content\/uploads\/2014\/09\/Maskinskydd_3Dmodell_ingangssida1.jpg\",\"datePublished\":\"2014-09-03T15:32:19+00:00\",\"dateModified\":\"2019-03-06T10:29:20+00:00\",\"breadcrumb\":{\"@id\":\"https:\/\/www.industridraperier.se\/no\/produkter\/maskinskydd\/natvaggar-och-stolpar\/#breadcrumb\"},\"inLanguage\":\"nb-NO\",\"potentialAction\":[{\"@type\":\"ReadAction\",\"target\":[\"https:\/\/www.industridraperier.se\/no\/produkter\/maskinskydd\/natvaggar-och-stolpar\/\"]}]},{\"@type\":\"ImageObject\",\"inLanguage\":\"nb-NO\",\"@id\":\"https:\/\/www.industridraperier.se\/no\/produkter\/maskinskydd\/natvaggar-och-stolpar\/#primaryimage\",\"url\":\"https:\/\/www.industridraperier.se\/wp\/wp-content\/uploads\/2014\/09\/Maskinskydd_3Dmodell_ingangssida1.jpg\",\"contentUrl\":\"https:\/\/www.industridraperier.se\/wp\/wp-content\/uploads\/2014\/09\/Maskinskydd_3Dmodell_ingangssida1.jpg\",\"width\":720,\"height\":348},{\"@type\":\"BreadcrumbList\",\"@id\":\"https:\/\/www.industridraperier.se\/no\/produkter\/maskinskydd\/natvaggar-och-stolpar\/#breadcrumb\",\"itemListElement\":[{\"@type\":\"ListItem\",\"position\":1,\"name\":\"Hem\",\"item\":\"https:\/\/www.industridraperier.se\/no\/\"},{\"@type\":\"ListItem\",\"position\":2,\"name\":\"Produkter og tjenester\",\"item\":\"https:\/\/www.industridraperier.se\/no\/produkter\/\"},{\"@type\":\"ListItem\",\"position\":3,\"name\":\"Maskinbeskyttelse\",\"item\":\"https:\/\/www.industridraperier.se\/no\/produkter\/maskinskydd\/\"},{\"@type\":\"ListItem\",\"position\":4,\"name\":\"Nettvegger og stolper\"}]},{\"@type\":\"WebSite\",\"@id\":\"https:\/\/www.industridraperier.se\/#website\",\"url\":\"https:\/\/www.industridraperier.se\/\",\"name\":\"Industridraperier\",\"description\":\"Slogan\",\"potentialAction\":[{\"@type\":\"SearchAction\",\"target\":{\"@type\":\"EntryPoint\",\"urlTemplate\":\"https:\/\/www.industridraperier.se\/?s={search_term_string}\"},\"query-input\":{\"@type\":\"PropertyValueSpecification\",\"valueRequired\":true,\"valueName\":\"search_term_string\"}}],\"inLanguage\":\"nb-NO\"}]}<\/script>\n<!-- \/ Yoast SEO plugin. -->","yoast_head_json":{"title":"Nettvegger og stolper - Industridraperier","robots":{"index":"index","follow":"follow","max-snippet":"max-snippet:-1","max-image-preview":"max-image-preview:large","max-video-preview":"max-video-preview:-1"},"canonical":"https:\/\/www.industridraperier.se\/no\/produkter\/maskinskydd\/natvaggar-och-stolpar\/","og_locale":"nb_NO","og_type":"article","og_title":"Nettvegger og stolper - Industridraperier","og_description":"X-Guard er et unikt system for maskinbeskyttelse som bygges sammen av nettvegger og stolper. Systemet er smidig og enkelt \u00e5 montere, bygge om og komplettere. Beskyttelsesavstanden er kun 200 mm....","og_url":"https:\/\/www.industridraperier.se\/no\/produkter\/maskinskydd\/natvaggar-och-stolpar\/","og_site_name":"Industridraperier","article_publisher":"https:\/\/www.facebook.com\/pages\/Industridraperier-AB\/121686584597179","article_modified_time":"2019-03-06T10:29:20+00:00","og_image":[{"width":720,"height":348,"url":"https:\/\/www.industridraperier.se\/wp\/wp-content\/uploads\/2014\/09\/Maskinskydd_3Dmodell_ingangssida1.jpg","type":"image\/jpeg"}],"schema":{"@context":"https:\/\/schema.org","@graph":[{"@type":"WebPage","@id":"https:\/\/www.industridraperier.se\/no\/produkter\/maskinskydd\/natvaggar-och-stolpar\/","url":"https:\/\/www.industridraperier.se\/no\/produkter\/maskinskydd\/natvaggar-och-stolpar\/","name":"Nettvegger og stolper - Industridraperier","isPartOf":{"@id":"https:\/\/www.industridraperier.se\/#website"},"primaryImageOfPage":{"@id":"https:\/\/www.industridraperier.se\/no\/produkter\/maskinskydd\/natvaggar-och-stolpar\/#primaryimage"},"image":{"@id":"https:\/\/www.industridraperier.se\/no\/produkter\/maskinskydd\/natvaggar-och-stolpar\/#primaryimage"},"thumbnailUrl":"https:\/\/www.industridraperier.se\/wp\/wp-content\/uploads\/2014\/09\/Maskinskydd_3Dmodell_ingangssida1.jpg","datePublished":"2014-09-03T15:32:19+00:00","dateModified":"2019-03-06T10:29:20+00:00","breadcrumb":{"@id":"https:\/\/www.industridraperier.se\/no\/produkter\/maskinskydd\/natvaggar-och-stolpar\/#breadcrumb"},"inLanguage":"nb-NO","potentialAction":[{"@type":"ReadAction","target":["https:\/\/www.industridraperier.se\/no\/produkter\/maskinskydd\/natvaggar-och-stolpar\/"]}]},{"@type":"ImageObject","inLanguage":"nb-NO","@id":"https:\/\/www.industridraperier.se\/no\/produkter\/maskinskydd\/natvaggar-och-stolpar\/#primaryimage","url":"https:\/\/www.industridraperier.se\/wp\/wp-content\/uploads\/2014\/09\/Maskinskydd_3Dmodell_ingangssida1.jpg","contentUrl":"https:\/\/www.industridraperier.se\/wp\/wp-content\/uploads\/2014\/09\/Maskinskydd_3Dmodell_ingangssida1.jpg","width":720,"height":348},{"@type":"BreadcrumbList","@id":"https:\/\/www.industridraperier.se\/no\/produkter\/maskinskydd\/natvaggar-och-stolpar\/#breadcrumb","itemListElement":[{"@type":"ListItem","position":1,"name":"Hem","item":"https:\/\/www.industridraperier.se\/no\/"},{"@type":"ListItem","position":2,"name":"Produkter og tjenester","item":"https:\/\/www.industridraperier.se\/no\/produkter\/"},{"@type":"ListItem","position":3,"name":"Maskinbeskyttelse","item":"https:\/\/www.industridraperier.se\/no\/produkter\/maskinskydd\/"},{"@type":"ListItem","position":4,"name":"Nettvegger og stolper"}]},{"@type":"WebSite","@id":"https:\/\/www.industridraperier.se\/#website","url":"https:\/\/www.industridraperier.se\/","name":"Industridraperier","description":"Slogan","potentialAction":[{"@type":"SearchAction","target":{"@type":"EntryPoint","urlTemplate":"https:\/\/www.industridraperier.se\/?s={search_term_string}"},"query-input":{"@type":"PropertyValueSpecification","valueRequired":true,"valueName":"search_term_string"}}],"inLanguage":"nb-NO"}]}},"_links":{"self":[{"href":"https:\/\/www.industridraperier.se\/no\/wp-json\/wp\/v2\/pages\/1243","targetHints":{"allow":["GET"]}}],"collection":[{"href":"https:\/\/www.industridraperier.se\/no\/wp-json\/wp\/v2\/pages"}],"about":[{"href":"https:\/\/www.industridraperier.se\/no\/wp-json\/wp\/v2\/types\/page"}],"author":[{"embeddable":true,"href":"https:\/\/www.industridraperier.se\/no\/wp-json\/wp\/v2\/users\/2"}],"replies":[{"embeddable":true,"href":"https:\/\/www.industridraperier.se\/no\/wp-json\/wp\/v2\/comments?post=1243"}],"version-history":[{"count":0,"href":"https:\/\/www.industridraperier.se\/no\/wp-json\/wp\/v2\/pages\/1243\/revisions"}],"up":[{"embeddable":true,"href":"https:\/\/www.industridraperier.se\/no\/wp-json\/wp\/v2\/pages\/1241"}],"wp:featuredmedia":[{"embeddable":true,"href":"https:\/\/www.industridraperier.se\/no\/wp-json\/wp\/v2\/media\/2515"}],"wp:attachment":[{"href":"https:\/\/www.industridraperier.se\/no\/wp-json\/wp\/v2\/media?parent=1243"}],"curies":[{"name":"wp","href":"https:\/\/api.w.org\/{rel}","templated":true}]}}