{"id":1221,"date":"2014-09-04T13:32:44","date_gmt":"2014-09-04T11:32:44","guid":{"rendered":"http:\/\/industridraperier.se\/wp\/produkter\/upphangning\/p100-svangarm-i-aluminium\/"},"modified":"2023-06-06T13:07:31","modified_gmt":"2023-06-06T11:07:31","slug":"p100-svangarm-i-aluminium","status":"publish","type":"page","link":"https:\/\/www.industridraperier.se\/no\/produkter\/oppheng\/p100-svangarm-i-aluminium\/","title":{"rendered":"P100 svingarm i aluminium"},"content":{"rendered":"[vc_row type=&#8221;in_container&#8221; full_screen_row_position=&#8221;middle&#8221; column_margin=&#8221;default&#8221; column_direction=&#8221;default&#8221; column_direction_tablet=&#8221;default&#8221; column_direction_phone=&#8221;default&#8221; scene_position=&#8221;center&#8221; text_color=&#8221;dark&#8221; text_align=&#8221;left&#8221; row_border_radius=&#8221;none&#8221; row_border_radius_applies=&#8221;bg&#8221; overflow=&#8221;visible&#8221; overlay_strength=&#8221;0.3&#8243; gradient_direction=&#8221;left_to_right&#8221; shape_divider_position=&#8221;bottom&#8221; bg_image_animation=&#8221;none&#8221;][vc_column column_padding=&#8221;no-extra-padding&#8221; column_padding_tablet=&#8221;inherit&#8221; column_padding_phone=&#8221;inherit&#8221; column_padding_position=&#8221;all&#8221; column_element_direction_desktop=&#8221;default&#8221; column_element_spacing=&#8221;default&#8221; desktop_text_alignment=&#8221;default&#8221; tablet_text_alignment=&#8221;default&#8221; phone_text_alignment=&#8221;default&#8221; background_color_opacity=&#8221;1&#8243; background_hover_color_opacity=&#8221;1&#8243; column_backdrop_filter=&#8221;none&#8221; column_shadow=&#8221;none&#8221; column_border_radius=&#8221;none&#8221; column_link_target=&#8221;_self&#8221; column_position=&#8221;default&#8221; gradient_direction=&#8221;left_to_right&#8221; overlay_strength=&#8221;0.3&#8243; width=&#8221;1\/2&#8243; tablet_width_inherit=&#8221;default&#8221; animation_type=&#8221;default&#8221; bg_image_animation=&#8221;none&#8221; border_type=&#8221;simple&#8221; column_border_width=&#8221;none&#8221; column_border_style=&#8221;solid&#8221;][image_with_animation image_url=&#8221;3208&#8243; image_size=&#8221;full&#8221; animation_type=&#8221;entrance&#8221; animation=&#8221;None&#8221; animation_movement_type=&#8221;transform_y&#8221; hover_animation=&#8221;none&#8221; alignment=&#8221;&#8221; border_radius=&#8221;none&#8221; box_shadow=&#8221;none&#8221; image_loading=&#8221;default&#8221; max_width=&#8221;100%&#8221; max_width_mobile=&#8221;default&#8221;][\/vc_column][vc_column column_padding=&#8221;no-extra-padding&#8221; column_padding_tablet=&#8221;inherit&#8221; column_padding_phone=&#8221;inherit&#8221; column_padding_position=&#8221;all&#8221; column_element_direction_desktop=&#8221;default&#8221; column_element_spacing=&#8221;default&#8221; desktop_text_alignment=&#8221;default&#8221; tablet_text_alignment=&#8221;default&#8221; phone_text_alignment=&#8221;default&#8221; background_color_opacity=&#8221;1&#8243; background_hover_color_opacity=&#8221;1&#8243; column_backdrop_filter=&#8221;none&#8221; column_shadow=&#8221;none&#8221; column_border_radius=&#8221;none&#8221; column_link_target=&#8221;_self&#8221; column_position=&#8221;default&#8221; gradient_direction=&#8221;left_to_right&#8221; overlay_strength=&#8221;0.3&#8243; width=&#8221;1\/2&#8243; tablet_width_inherit=&#8221;default&#8221; animation_type=&#8221;default&#8221; bg_image_animation=&#8221;none&#8221; border_type=&#8221;simple&#8221; column_border_width=&#8221;none&#8221; column_border_style=&#8221;solid&#8221;][vc_column_text]V\u00e5r svingarm i aluminium brukes ofte til oppheng av draperier p\u00e5 traversganger. Den brukes ogs\u00e5 p\u00e5 arbeidsplasser til \u00e5 henge verkt\u00f8y og maskiner i balanseblokker eller i faste h\u00f8yder. Svingarmer med h\u00f8yde 501 mm passer til v\u00e5re <a href=\"https:\/\/www.industridraperier.se\/no\/produkter\/bullerdampning\/bullerdampande-vaggar\/\">st\u00f8ydempende vegger<\/a>. Vendekapasiteten er maks 180\u00b0 med justerbar svingmotstand.<\/p>\n<p><a href=\"https:\/\/www.industridraperier.se\/no\/produkter\/upphangning\/p100-vagnar-andstopp\/\">Tilpassede vogner og endestopp finner du her.<\/a>[\/vc_column_text][\/vc_column][\/vc_row][vc_row type=&#8221;in_container&#8221; full_screen_row_position=&#8221;middle&#8221; column_margin=&#8221;default&#8221; equal_height=&#8221;yes&#8221; content_placement=&#8221;top&#8221; column_direction=&#8221;default&#8221; column_direction_tablet=&#8221;default&#8221; column_direction_phone=&#8221;default&#8221; scene_position=&#8221;center&#8221; top_margin=&#8221;25&#8243; text_color=&#8221;dark&#8221; text_align=&#8221;left&#8221; row_border_radius=&#8221;none&#8221; row_border_radius_applies=&#8221;bg&#8221; overflow=&#8221;visible&#8221; overlay_strength=&#8221;0.3&#8243; gradient_direction=&#8221;left_to_right&#8221; shape_divider_position=&#8221;bottom&#8221; bg_image_animation=&#8221;none&#8221; gradient_type=&#8221;default&#8221; shape_type=&#8221;&#8221;][vc_column column_padding=&#8221;no-extra-padding&#8221; column_padding_tablet=&#8221;inherit&#8221; column_padding_phone=&#8221;inherit&#8221; column_padding_position=&#8221;all&#8221; column_element_direction_desktop=&#8221;default&#8221; column_element_spacing=&#8221;default&#8221; desktop_text_alignment=&#8221;default&#8221; tablet_text_alignment=&#8221;default&#8221; phone_text_alignment=&#8221;default&#8221; background_color_opacity=&#8221;1&#8243; background_hover_color_opacity=&#8221;1&#8243; column_backdrop_filter=&#8221;none&#8221; column_shadow=&#8221;none&#8221; column_border_radius=&#8221;none&#8221; column_link_target=&#8221;_self&#8221; column_position=&#8221;default&#8221; gradient_direction=&#8221;left_to_right&#8221; overlay_strength=&#8221;0.3&#8243; width=&#8221;1\/1&#8243; tablet_width_inherit=&#8221;default&#8221; animation_type=&#8221;default&#8221; bg_image_animation=&#8221;none&#8221; border_type=&#8221;simple&#8221; column_border_width=&#8221;none&#8221; column_border_style=&#8221;solid&#8221;][vc_gallery type=&#8221;flickity_static_height_style&#8221; images=&#8221;3218,2156,3224,2158,2159,3213&#8243; flickity_spacing=&#8221;default&#8221; flickity_controls=&#8221;pagination&#8221; flickity_overflow=&#8221;hidden&#8221; flickity_wrap_around=&#8221;wrap&#8221; flickity_box_shadow=&#8221;none&#8221; image_loading=&#8221;default&#8221; display_title_caption=&#8221;true&#8221; onclick=&#8221;link_no&#8221; flickity_img_height=&#8221;150&#8243; flickity_img_small_desktop_height=&#8221;100&#8243; flickity_img_tablet_height=&#8221;100&#8243; flickity_img_mobile_height=&#8221;100&#8243;][\/vc_column][\/vc_row][vc_row type=&#8221;in_container&#8221; full_screen_row_position=&#8221;middle&#8221; column_margin=&#8221;default&#8221; column_direction=&#8221;default&#8221; column_direction_tablet=&#8221;default&#8221; column_direction_phone=&#8221;default&#8221; scene_position=&#8221;center&#8221; text_color=&#8221;dark&#8221; text_align=&#8221;left&#8221; row_border_radius=&#8221;none&#8221; row_border_radius_applies=&#8221;bg&#8221; overflow=&#8221;visible&#8221; overlay_strength=&#8221;0.3&#8243; gradient_direction=&#8221;left_to_right&#8221; shape_divider_position=&#8221;bottom&#8221; bg_image_animation=&#8221;none&#8221;][vc_column column_padding=&#8221;no-extra-padding&#8221; column_padding_tablet=&#8221;inherit&#8221; column_padding_phone=&#8221;inherit&#8221; column_padding_position=&#8221;all&#8221; column_element_direction_desktop=&#8221;default&#8221; column_element_spacing=&#8221;default&#8221; desktop_text_alignment=&#8221;default&#8221; tablet_text_alignment=&#8221;default&#8221; phone_text_alignment=&#8221;default&#8221; background_color_opacity=&#8221;1&#8243; background_hover_color_opacity=&#8221;1&#8243; column_backdrop_filter=&#8221;none&#8221; column_shadow=&#8221;none&#8221; column_border_radius=&#8221;none&#8221; column_link_target=&#8221;_self&#8221; column_position=&#8221;default&#8221; gradient_direction=&#8221;left_to_right&#8221; overlay_strength=&#8221;0.3&#8243; width=&#8221;1\/1&#8243; tablet_width_inherit=&#8221;default&#8221; animation_type=&#8221;default&#8221; bg_image_animation=&#8221;none&#8221; border_type=&#8221;simple&#8221; column_border_width=&#8221;none&#8221; column_border_style=&#8221;solid&#8221;][divider line_type=&#8221;Small Line&#8221; line_alignment=&#8221;center&#8221; line_thickness=&#8221;1&#8243; divider_color=&#8221;default&#8221; custom_height=&#8221;55&#8243;][vc_column_text]\n<h4 id=\"tw-target-text\" class=\"tw-data-text tw-text-large tw-ta\" dir=\"ltr\" data-placeholder=\"\u00d6vers\u00e4ttning\"><span class=\"Y2IQFc\" lang=\"no\">Teknisk informasjon<\/span><\/h4>\n[\/vc_column_text][vc_column_text]\n<table style=\"border-collapse: collapse; width: 100%;\" border=\"1\">\n<tbody>\n<tr style=\"height: 24px;\">\n<td style=\"width: 25%; height: 24px;\"><strong>DIMENSJONER (MM)<\/strong><\/td>\n<td style=\"width: 25%; height: 24px;\"><strong>MAKSIMAL BELASTNING<\/strong><\/td>\n<td style=\"width: 25%; height: 24px;\"><strong>MONTERINGSINSTRUKSJONER<\/strong><\/td>\n<td style=\"width: 25%; height: 24px;\"><strong>VARENR.<\/strong><\/td>\n<\/tr>\n<tr style=\"height: 24px;\">\n<td style=\"width: 25%; height: 24px;\">L = 1000 H = 501<\/td>\n<td style=\"width: 25%; height: 24px;\">50 kg<\/td>\n<td style=\"width: 25%; height: 24px;\"><a href=\"https:\/\/www.industridraperier.se\/wp\/wp-content\/uploads\/2021\/08\/svangarm-1000-mm-1-stag.pdf\">Montageanvisning<\/a><\/td>\n<td style=\"width: 25%; height: 24px;\">560101<\/td>\n<\/tr>\n<tr style=\"height: 24px;\">\n<td style=\"width: 25%; height: 24px;\">L = 1500\u00a0H = 501<\/td>\n<td style=\"width: 25%; height: 24px;\">50 kg<\/td>\n<td style=\"width: 25%; height: 24px;\"><a href=\"https:\/\/www.industridraperier.se\/wp\/wp-content\/uploads\/2019\/04\/sv\u00e4ngarm-1500-mm-1-stag.pdf\">Montageanvisning<\/a><\/td>\n<td style=\"width: 25%; height: 24px;\">560102<\/td>\n<\/tr>\n<tr style=\"height: 24px;\">\n<td style=\"width: 25%; height: 24px;\">L = 2000 H = 501<\/td>\n<td style=\"width: 25%; height: 24px;\">50 kg<\/td>\n<td style=\"width: 25%; height: 24px;\"><a href=\"https:\/\/www.industridraperier.se\/wp\/wp-content\/uploads\/2019\/04\/sv\u00e4ngarm-2000-mm-1-stag.pdf\">Montageanvisning<\/a><\/td>\n<td style=\"width: 25%; height: 24px;\">560103<\/td>\n<\/tr>\n<tr style=\"height: 24px;\">\n<td style=\"width: 25%; height: 24px;\">L = 2500 H = 501\u00a0\/ 857<\/td>\n<td style=\"width: 25%; height: 24px;\">40 \/ 50 kg<\/td>\n<td style=\"width: 25%; height: 24px;\"><a href=\"https:\/\/www.industridraperier.se\/wp\/wp-content\/uploads\/2021\/08\/svangarm-2500-mm-1-stag.pdf\">Montageanvisning 1<\/a><br \/>\n<a href=\"https:\/\/www.industridraperier.se\/wp\/wp-content\/uploads\/2019\/04\/sv\u00e4ngarm-2500-mm-2-stag.pdf\">Montageanvisning 2<\/a><\/td>\n<td style=\"width: 25%; height: 24px;\">560104\u00a0\/\u00a0560106<\/td>\n<\/tr>\n<tr style=\"height: 24px;\">\n<td style=\"width: 25%; height: 24px;\">L = 3000 H = 501\u00a0\/ 857<\/td>\n<td style=\"width: 25%; height: 24px;\">30 \/ 40 kg<\/td>\n<td style=\"width: 25%; height: 24px;\"><a href=\"https:\/\/www.industridraperier.se\/wp\/wp-content\/uploads\/2019\/04\/sv\u00e4ngarm-3000-mm-1-stag.pdf\">Montageanvisning 1<\/a><br \/>\n<a href=\"https:\/\/www.industridraperier.se\/wp\/wp-content\/uploads\/2019\/04\/sv\u00e4ngarm-3000-mm-2-stag.pdf\">Montageanvisning 2<\/a><\/td>\n<td style=\"width: 25%; height: 24px;\">560105\u00a0\/\u00a0560107<\/td>\n<\/tr>\n<tr style=\"height: 24px;\">\n<td style=\"width: 25%; height: 24px;\">L = 4000 H = 857<\/td>\n<td style=\"width: 25%; height: 24px;\">30 kg<\/td>\n<td style=\"width: 25%; height: 24px;\"><a href=\"https:\/\/www.industridraperier.se\/wp\/wp-content\/uploads\/2019\/04\/sv\u00e4ngarm-4000-mm-2-stag.pdf\">Montageanvisning<\/a><\/td>\n<td style=\"width: 25%; height: 24px;\">560108<\/td>\n<\/tr>\n<tr style=\"height: 24px;\">\n<td style=\"width: 25%; height: 24px;\">L = 5000 H = 857<\/td>\n<td style=\"width: 25%; height: 24px;\">20 kg<\/td>\n<td style=\"width: 25%; height: 24px;\"><a href=\"https:\/\/www.industridraperier.se\/wp\/wp-content\/uploads\/2019\/04\/sv\u00e4ngarm-5000-mm-3-stag.pdf\">Montageanvisning<\/a><\/td>\n<td style=\"width: 25%; height: 24px;\">560109<\/td>\n<\/tr>\n<tr style=\"height: 24px;\">\n<td style=\"width: 25%; height: 24px;\">L = 6000 H = 857<\/td>\n<td style=\"width: 25%; height: 24px;\">20 kg<\/td>\n<td style=\"width: 25%; height: 24px;\"><a href=\"https:\/\/www.industridraperier.se\/wp\/wp-content\/uploads\/2019\/04\/sv\u00e4ngarm-6000-mm-3-stag.pdf\">Montageanvisning<\/a><\/td>\n<td style=\"width: 25%; height: 24px;\">560110<\/td>\n<\/tr>\n<\/tbody>\n<\/table>\n[\/vc_column_text][\/vc_column][\/vc_row]\n","protected":false},"excerpt":{"rendered":"<p>[vc_row type=&#8221;in_container&#8221; full_screen_row_position=&#8221;middle&#8221; column_margin=&#8221;default&#8221; column_direction=&#8221;default&#8221; column_direction_tablet=&#8221;default&#8221; column_direction_phone=&#8221;default&#8221; scene_position=&#8221;center&#8221; text_color=&#8221;dark&#8221; text_align=&#8221;left&#8221; row_border_radius=&#8221;none&#8221; row_border_radius_applies=&#8221;bg&#8221; overflow=&#8221;visible&#8221; overlay_strength=&#8221;0.3&#8243; gradient_direction=&#8221;left_to_right&#8221; shape_divider_position=&#8221;bottom&#8221; bg_image_animation=&#8221;none&#8221;][vc_column column_padding=&#8221;no-extra-padding&#8221; column_padding_tablet=&#8221;inherit&#8221; column_padding_phone=&#8221;inherit&#8221; column_padding_position=&#8221;all&#8221; column_element_direction_desktop=&#8221;default&#8221; column_element_spacing=&#8221;default&#8221; desktop_text_alignment=&#8221;default&#8221; tablet_text_alignment=&#8221;default&#8221; phone_text_alignment=&#8221;default&#8221; background_color_opacity=&#8221;1&#8243; background_hover_color_opacity=&#8221;1&#8243; column_backdrop_filter=&#8221;none&#8221; column_shadow=&#8221;none&#8221;&#8230;<\/p>\n","protected":false},"author":2,"featured_media":3209,"parent":1205,"menu_order":0,"comment_status":"closed","ping_status":"closed","template":"page-left-sidebar.php","meta":{"_acf_changed":false,"footnotes":""},"class_list":["post-1221","page","type-page","status-publish","has-post-thumbnail"],"acf":[],"yoast_head":"<!-- This site is optimized with the Yoast SEO plugin v27.2 - https:\/\/yoast.com\/product\/yoast-seo-wordpress\/ -->\n<title>P100 svingarm i aluminium - Industridraperier<\/title>\n<meta name=\"description\" content=\"V\u00e5r svingarm i aluminium brukes ofte til oppheng av draperier p\u00e5 traversganger. Brukes ogs\u00e5 p\u00e5 arbeidsplasser til \u00e5 henge verkt\u00f8y og maskiner...\" \/>\n<meta name=\"robots\" content=\"index, follow, max-snippet:-1, max-image-preview:large, max-video-preview:-1\" \/>\n<link rel=\"canonical\" href=\"https:\/\/www.industridraperier.se\/no\/produkter\/oppheng\/p100-svangarm-i-aluminium\/\" \/>\n<meta property=\"og:locale\" content=\"nb_NO\" \/>\n<meta property=\"og:type\" content=\"article\" \/>\n<meta property=\"og:title\" content=\"P100 svingarm i aluminium - Industridraperier\" \/>\n<meta property=\"og:description\" content=\"V\u00e5r svingarm i aluminium brukes ofte til oppheng av draperier p\u00e5 traversganger. Brukes ogs\u00e5 p\u00e5 arbeidsplasser til \u00e5 henge verkt\u00f8y og maskiner...\" \/>\n<meta property=\"og:url\" content=\"https:\/\/www.industridraperier.se\/no\/produkter\/oppheng\/p100-svangarm-i-aluminium\/\" \/>\n<meta property=\"og:site_name\" content=\"Industridraperier\" \/>\n<meta property=\"article:publisher\" content=\"https:\/\/www.facebook.com\/pages\/Industridraperier-AB\/121686584597179\" \/>\n<meta property=\"article:modified_time\" content=\"2023-06-06T11:07:31+00:00\" \/>\n<meta property=\"og:image\" content=\"https:\/\/www.industridraperier.se\/wp\/wp-content\/uploads\/2014\/09\/Svangarm-i-alu_startbild-2019-2.jpg\" \/>\n\t<meta property=\"og:image:width\" content=\"354\" \/>\n\t<meta property=\"og:image:height\" content=\"228\" \/>\n\t<meta property=\"og:image:type\" content=\"image\/jpeg\" \/>\n<meta name=\"twitter:label1\" content=\"Ansl. lesetid\" \/>\n\t<meta name=\"twitter:data1\" content=\"4 minutter\" \/>\n<script type=\"application\/ld+json\" class=\"yoast-schema-graph\">{\"@context\":\"https:\/\/schema.org\",\"@graph\":[{\"@type\":\"WebPage\",\"@id\":\"https:\/\/www.industridraperier.se\/no\/produkter\/oppheng\/p100-svangarm-i-aluminium\/\",\"url\":\"https:\/\/www.industridraperier.se\/no\/produkter\/oppheng\/p100-svangarm-i-aluminium\/\",\"name\":\"P100 svingarm i aluminium - Industridraperier\",\"isPartOf\":{\"@id\":\"https:\/\/www.industridraperier.se\/#website\"},\"primaryImageOfPage\":{\"@id\":\"https:\/\/www.industridraperier.se\/no\/produkter\/oppheng\/p100-svangarm-i-aluminium\/#primaryimage\"},\"image\":{\"@id\":\"https:\/\/www.industridraperier.se\/no\/produkter\/oppheng\/p100-svangarm-i-aluminium\/#primaryimage\"},\"thumbnailUrl\":\"https:\/\/www.industridraperier.se\/wp\/wp-content\/uploads\/2014\/09\/Svangarm-i-alu_startbild-2019-2.jpg\",\"datePublished\":\"2014-09-04T11:32:44+00:00\",\"dateModified\":\"2023-06-06T11:07:31+00:00\",\"description\":\"V\u00e5r svingarm i aluminium brukes ofte til oppheng av draperier p\u00e5 traversganger. Brukes ogs\u00e5 p\u00e5 arbeidsplasser til \u00e5 henge verkt\u00f8y og maskiner...\",\"breadcrumb\":{\"@id\":\"https:\/\/www.industridraperier.se\/no\/produkter\/oppheng\/p100-svangarm-i-aluminium\/#breadcrumb\"},\"inLanguage\":\"nb-NO\",\"potentialAction\":[{\"@type\":\"ReadAction\",\"target\":[\"https:\/\/www.industridraperier.se\/no\/produkter\/oppheng\/p100-svangarm-i-aluminium\/\"]}]},{\"@type\":\"ImageObject\",\"inLanguage\":\"nb-NO\",\"@id\":\"https:\/\/www.industridraperier.se\/no\/produkter\/oppheng\/p100-svangarm-i-aluminium\/#primaryimage\",\"url\":\"https:\/\/www.industridraperier.se\/wp\/wp-content\/uploads\/2014\/09\/Svangarm-i-alu_startbild-2019-2.jpg\",\"contentUrl\":\"https:\/\/www.industridraperier.se\/wp\/wp-content\/uploads\/2014\/09\/Svangarm-i-alu_startbild-2019-2.jpg\",\"width\":354,\"height\":228},{\"@type\":\"BreadcrumbList\",\"@id\":\"https:\/\/www.industridraperier.se\/no\/produkter\/oppheng\/p100-svangarm-i-aluminium\/#breadcrumb\",\"itemListElement\":[{\"@type\":\"ListItem\",\"position\":1,\"name\":\"Hem\",\"item\":\"https:\/\/www.industridraperier.se\/no\/\"},{\"@type\":\"ListItem\",\"position\":2,\"name\":\"Produkter og tjenester\",\"item\":\"https:\/\/www.industridraperier.se\/no\/produkter\/\"},{\"@type\":\"ListItem\",\"position\":3,\"name\":\"Oppheng, l\u00f8peskinner og vogner\",\"item\":\"https:\/\/www.industridraperier.se\/no\/produkter\/oppheng\/\"},{\"@type\":\"ListItem\",\"position\":4,\"name\":\"P100 svingarm i aluminium\"}]},{\"@type\":\"WebSite\",\"@id\":\"https:\/\/www.industridraperier.se\/#website\",\"url\":\"https:\/\/www.industridraperier.se\/\",\"name\":\"Industridraperier\",\"description\":\"Slogan\",\"potentialAction\":[{\"@type\":\"SearchAction\",\"target\":{\"@type\":\"EntryPoint\",\"urlTemplate\":\"https:\/\/www.industridraperier.se\/?s={search_term_string}\"},\"query-input\":{\"@type\":\"PropertyValueSpecification\",\"valueRequired\":true,\"valueName\":\"search_term_string\"}}],\"inLanguage\":\"nb-NO\"}]}<\/script>\n<!-- \/ Yoast SEO plugin. -->","yoast_head_json":{"title":"P100 svingarm i aluminium - Industridraperier","description":"V\u00e5r svingarm i aluminium brukes ofte til oppheng av draperier p\u00e5 traversganger. Brukes ogs\u00e5 p\u00e5 arbeidsplasser til \u00e5 henge verkt\u00f8y og maskiner...","robots":{"index":"index","follow":"follow","max-snippet":"max-snippet:-1","max-image-preview":"max-image-preview:large","max-video-preview":"max-video-preview:-1"},"canonical":"https:\/\/www.industridraperier.se\/no\/produkter\/oppheng\/p100-svangarm-i-aluminium\/","og_locale":"nb_NO","og_type":"article","og_title":"P100 svingarm i aluminium - Industridraperier","og_description":"V\u00e5r svingarm i aluminium brukes ofte til oppheng av draperier p\u00e5 traversganger. Brukes ogs\u00e5 p\u00e5 arbeidsplasser til \u00e5 henge verkt\u00f8y og maskiner...","og_url":"https:\/\/www.industridraperier.se\/no\/produkter\/oppheng\/p100-svangarm-i-aluminium\/","og_site_name":"Industridraperier","article_publisher":"https:\/\/www.facebook.com\/pages\/Industridraperier-AB\/121686584597179","article_modified_time":"2023-06-06T11:07:31+00:00","og_image":[{"width":354,"height":228,"url":"https:\/\/www.industridraperier.se\/wp\/wp-content\/uploads\/2014\/09\/Svangarm-i-alu_startbild-2019-2.jpg","type":"image\/jpeg"}],"twitter_misc":{"Ansl. lesetid":"4 minutter"},"schema":{"@context":"https:\/\/schema.org","@graph":[{"@type":"WebPage","@id":"https:\/\/www.industridraperier.se\/no\/produkter\/oppheng\/p100-svangarm-i-aluminium\/","url":"https:\/\/www.industridraperier.se\/no\/produkter\/oppheng\/p100-svangarm-i-aluminium\/","name":"P100 svingarm i aluminium - Industridraperier","isPartOf":{"@id":"https:\/\/www.industridraperier.se\/#website"},"primaryImageOfPage":{"@id":"https:\/\/www.industridraperier.se\/no\/produkter\/oppheng\/p100-svangarm-i-aluminium\/#primaryimage"},"image":{"@id":"https:\/\/www.industridraperier.se\/no\/produkter\/oppheng\/p100-svangarm-i-aluminium\/#primaryimage"},"thumbnailUrl":"https:\/\/www.industridraperier.se\/wp\/wp-content\/uploads\/2014\/09\/Svangarm-i-alu_startbild-2019-2.jpg","datePublished":"2014-09-04T11:32:44+00:00","dateModified":"2023-06-06T11:07:31+00:00","description":"V\u00e5r svingarm i aluminium brukes ofte til oppheng av draperier p\u00e5 traversganger. Brukes ogs\u00e5 p\u00e5 arbeidsplasser til \u00e5 henge verkt\u00f8y og maskiner...","breadcrumb":{"@id":"https:\/\/www.industridraperier.se\/no\/produkter\/oppheng\/p100-svangarm-i-aluminium\/#breadcrumb"},"inLanguage":"nb-NO","potentialAction":[{"@type":"ReadAction","target":["https:\/\/www.industridraperier.se\/no\/produkter\/oppheng\/p100-svangarm-i-aluminium\/"]}]},{"@type":"ImageObject","inLanguage":"nb-NO","@id":"https:\/\/www.industridraperier.se\/no\/produkter\/oppheng\/p100-svangarm-i-aluminium\/#primaryimage","url":"https:\/\/www.industridraperier.se\/wp\/wp-content\/uploads\/2014\/09\/Svangarm-i-alu_startbild-2019-2.jpg","contentUrl":"https:\/\/www.industridraperier.se\/wp\/wp-content\/uploads\/2014\/09\/Svangarm-i-alu_startbild-2019-2.jpg","width":354,"height":228},{"@type":"BreadcrumbList","@id":"https:\/\/www.industridraperier.se\/no\/produkter\/oppheng\/p100-svangarm-i-aluminium\/#breadcrumb","itemListElement":[{"@type":"ListItem","position":1,"name":"Hem","item":"https:\/\/www.industridraperier.se\/no\/"},{"@type":"ListItem","position":2,"name":"Produkter og tjenester","item":"https:\/\/www.industridraperier.se\/no\/produkter\/"},{"@type":"ListItem","position":3,"name":"Oppheng, l\u00f8peskinner og vogner","item":"https:\/\/www.industridraperier.se\/no\/produkter\/oppheng\/"},{"@type":"ListItem","position":4,"name":"P100 svingarm i aluminium"}]},{"@type":"WebSite","@id":"https:\/\/www.industridraperier.se\/#website","url":"https:\/\/www.industridraperier.se\/","name":"Industridraperier","description":"Slogan","potentialAction":[{"@type":"SearchAction","target":{"@type":"EntryPoint","urlTemplate":"https:\/\/www.industridraperier.se\/?s={search_term_string}"},"query-input":{"@type":"PropertyValueSpecification","valueRequired":true,"valueName":"search_term_string"}}],"inLanguage":"nb-NO"}]}},"_links":{"self":[{"href":"https:\/\/www.industridraperier.se\/no\/wp-json\/wp\/v2\/pages\/1221","targetHints":{"allow":["GET"]}}],"collection":[{"href":"https:\/\/www.industridraperier.se\/no\/wp-json\/wp\/v2\/pages"}],"about":[{"href":"https:\/\/www.industridraperier.se\/no\/wp-json\/wp\/v2\/types\/page"}],"author":[{"embeddable":true,"href":"https:\/\/www.industridraperier.se\/no\/wp-json\/wp\/v2\/users\/2"}],"replies":[{"embeddable":true,"href":"https:\/\/www.industridraperier.se\/no\/wp-json\/wp\/v2\/comments?post=1221"}],"version-history":[{"count":0,"href":"https:\/\/www.industridraperier.se\/no\/wp-json\/wp\/v2\/pages\/1221\/revisions"}],"up":[{"embeddable":true,"href":"https:\/\/www.industridraperier.se\/no\/wp-json\/wp\/v2\/pages\/1205"}],"wp:featuredmedia":[{"embeddable":true,"href":"https:\/\/www.industridraperier.se\/no\/wp-json\/wp\/v2\/media\/3209"}],"wp:attachment":[{"href":"https:\/\/www.industridraperier.se\/no\/wp-json\/wp\/v2\/media?parent=1221"}],"curies":[{"name":"wp","href":"https:\/\/api.w.org\/{rel}","templated":true}]}}