{"id":1182,"date":"2014-09-03T16:25:53","date_gmt":"2014-09-03T14:25:53","guid":{"rendered":"http:\/\/industridraperier.se\/wp\/produkter\/bullerdampning\/bullerskarm-smidig\/"},"modified":"2019-10-30T14:18:38","modified_gmt":"2019-10-30T13:18:38","slug":"bullerskarm-smidig","status":"publish","type":"page","link":"https:\/\/www.industridraperier.se\/no\/produkter\/stoydemping\/bullerskarm-smidig\/","title":{"rendered":"St\u00f8yskjermen Smidig"},"content":{"rendered":"<p>En smidig og lett st\u00f8yskjerm som kan brukes p\u00e5 midlertidige eller mindre st\u00f8yende arbeidsplasser. Skjermene er flyttbare. De veier kun 20\u201325 kg og g\u00e5r p\u00e5 hjul (to av dem kan l\u00e5ses). Denne st\u00f8yskjermen best\u00e5r av Maxibell A20 st\u00f8yplate, en 20 mm tykk absorbent av presset mineralull. Den er omsluttet av PVC-nett p\u00e5 den ene siden og en tyngre PVC-duk p\u00e5 den andre siden.<\/p>\n<p>Les mer om <a title=\"Hvordan demper vi st\u00f8y?\" href=\"http:\/\/www.industridraperier.se\/no\/produkter\/bullerdampning\/hur-vi-dampar-buller\/\">hvordon vi demper st\u00f8y.<\/a><\/p>\n","protected":false},"excerpt":{"rendered":"<p>En smidig og lett st\u00f8yskjerm som kan brukes p\u00e5 midlertidige eller mindre st\u00f8yende arbeidsplasser. Skjermene er flyttbare. De veier kun 20\u201325 kg og g\u00e5r p\u00e5 hjul (to av dem kan&#8230;<\/p>\n","protected":false},"author":2,"featured_media":403,"parent":7156,"menu_order":0,"comment_status":"closed","ping_status":"closed","template":"page-left-sidebar.php","meta":{"_acf_changed":false,"footnotes":""},"class_list":["post-1182","page","type-page","status-publish","has-post-thumbnail"],"acf":[],"yoast_head":"<!-- This site is optimized with the Yoast SEO plugin v27.2 - https:\/\/yoast.com\/product\/yoast-seo-wordpress\/ -->\n<title>St\u00f8yskjermen Smidig - Industridraperier<\/title>\n<meta name=\"robots\" content=\"index, follow, max-snippet:-1, max-image-preview:large, max-video-preview:-1\" \/>\n<link rel=\"canonical\" href=\"https:\/\/www.industridraperier.se\/no\/produkter\/stoydemping__trashed\/bullerskarm-smidig\/\" \/>\n<meta property=\"og:locale\" content=\"nb_NO\" \/>\n<meta property=\"og:type\" content=\"article\" \/>\n<meta property=\"og:title\" content=\"St\u00f8yskjermen Smidig - Industridraperier\" \/>\n<meta property=\"og:description\" content=\"En smidig og lett st\u00f8yskjerm som kan brukes p\u00e5 midlertidige eller mindre st\u00f8yende arbeidsplasser. Skjermene er flyttbare. De veier kun 20\u201325 kg og g\u00e5r p\u00e5 hjul (to av dem kan...\" \/>\n<meta property=\"og:url\" content=\"https:\/\/www.industridraperier.se\/no\/produkter\/stoydemping__trashed\/bullerskarm-smidig\/\" \/>\n<meta property=\"og:site_name\" content=\"Industridraperier\" \/>\n<meta property=\"article:publisher\" content=\"https:\/\/www.facebook.com\/pages\/Industridraperier-AB\/121686584597179\" \/>\n<meta property=\"article:modified_time\" content=\"2019-10-30T13:18:38+00:00\" \/>\n<meta property=\"og:image\" content=\"https:\/\/www.industridraperier.se\/wp\/wp-content\/uploads\/2014\/09\/Bullersk\u00e4rm-Smidig.jpg\" \/>\n\t<meta property=\"og:image:width\" content=\"267\" \/>\n\t<meta property=\"og:image:height\" content=\"385\" \/>\n\t<meta property=\"og:image:type\" content=\"image\/jpeg\" \/>\n<script type=\"application\/ld+json\" class=\"yoast-schema-graph\">{\"@context\":\"https:\/\/schema.org\",\"@graph\":[{\"@type\":\"WebPage\",\"@id\":\"https:\/\/www.industridraperier.se\/no\/produkter\/stoydemping__trashed\/bullerskarm-smidig\/\",\"url\":\"https:\/\/www.industridraperier.se\/no\/produkter\/stoydemping__trashed\/bullerskarm-smidig\/\",\"name\":\"St\u00f8yskjermen Smidig - Industridraperier\",\"isPartOf\":{\"@id\":\"https:\/\/www.industridraperier.se\/#website\"},\"primaryImageOfPage\":{\"@id\":\"https:\/\/www.industridraperier.se\/no\/produkter\/stoydemping__trashed\/bullerskarm-smidig\/#primaryimage\"},\"image\":{\"@id\":\"https:\/\/www.industridraperier.se\/no\/produkter\/stoydemping__trashed\/bullerskarm-smidig\/#primaryimage\"},\"thumbnailUrl\":\"https:\/\/www.industridraperier.se\/wp\/wp-content\/uploads\/2014\/09\/Bullersk\u00e4rm-Smidig.jpg\",\"datePublished\":\"2014-09-03T14:25:53+00:00\",\"dateModified\":\"2019-10-30T13:18:38+00:00\",\"breadcrumb\":{\"@id\":\"https:\/\/www.industridraperier.se\/no\/produkter\/stoydemping__trashed\/bullerskarm-smidig\/#breadcrumb\"},\"inLanguage\":\"nb-NO\",\"potentialAction\":[{\"@type\":\"ReadAction\",\"target\":[\"https:\/\/www.industridraperier.se\/no\/produkter\/stoydemping__trashed\/bullerskarm-smidig\/\"]}]},{\"@type\":\"ImageObject\",\"inLanguage\":\"nb-NO\",\"@id\":\"https:\/\/www.industridraperier.se\/no\/produkter\/stoydemping__trashed\/bullerskarm-smidig\/#primaryimage\",\"url\":\"https:\/\/www.industridraperier.se\/wp\/wp-content\/uploads\/2014\/09\/Bullersk\u00e4rm-Smidig.jpg\",\"contentUrl\":\"https:\/\/www.industridraperier.se\/wp\/wp-content\/uploads\/2014\/09\/Bullersk\u00e4rm-Smidig.jpg\",\"width\":267,\"height\":385},{\"@type\":\"BreadcrumbList\",\"@id\":\"https:\/\/www.industridraperier.se\/no\/produkter\/stoydemping__trashed\/bullerskarm-smidig\/#breadcrumb\",\"itemListElement\":[{\"@type\":\"ListItem\",\"position\":1,\"name\":\"Hem\",\"item\":\"https:\/\/www.industridraperier.se\/no\/\"},{\"@type\":\"ListItem\",\"position\":2,\"name\":\"Produkter og tjenester\",\"item\":\"https:\/\/www.industridraperier.se\/no\/produkter\/\"},{\"@type\":\"ListItem\",\"position\":3,\"name\":\"St\u00f8yskjermen Smidig\"}]},{\"@type\":\"WebSite\",\"@id\":\"https:\/\/www.industridraperier.se\/#website\",\"url\":\"https:\/\/www.industridraperier.se\/\",\"name\":\"Industridraperier\",\"description\":\"Slogan\",\"potentialAction\":[{\"@type\":\"SearchAction\",\"target\":{\"@type\":\"EntryPoint\",\"urlTemplate\":\"https:\/\/www.industridraperier.se\/?s={search_term_string}\"},\"query-input\":{\"@type\":\"PropertyValueSpecification\",\"valueRequired\":true,\"valueName\":\"search_term_string\"}}],\"inLanguage\":\"nb-NO\"}]}<\/script>\n<!-- \/ Yoast SEO plugin. -->","yoast_head_json":{"title":"St\u00f8yskjermen Smidig - Industridraperier","robots":{"index":"index","follow":"follow","max-snippet":"max-snippet:-1","max-image-preview":"max-image-preview:large","max-video-preview":"max-video-preview:-1"},"canonical":"https:\/\/www.industridraperier.se\/no\/produkter\/stoydemping__trashed\/bullerskarm-smidig\/","og_locale":"nb_NO","og_type":"article","og_title":"St\u00f8yskjermen Smidig - Industridraperier","og_description":"En smidig og lett st\u00f8yskjerm som kan brukes p\u00e5 midlertidige eller mindre st\u00f8yende arbeidsplasser. Skjermene er flyttbare. De veier kun 20\u201325 kg og g\u00e5r p\u00e5 hjul (to av dem kan...","og_url":"https:\/\/www.industridraperier.se\/no\/produkter\/stoydemping__trashed\/bullerskarm-smidig\/","og_site_name":"Industridraperier","article_publisher":"https:\/\/www.facebook.com\/pages\/Industridraperier-AB\/121686584597179","article_modified_time":"2019-10-30T13:18:38+00:00","og_image":[{"width":267,"height":385,"url":"https:\/\/www.industridraperier.se\/wp\/wp-content\/uploads\/2014\/09\/Bullersk\u00e4rm-Smidig.jpg","type":"image\/jpeg"}],"schema":{"@context":"https:\/\/schema.org","@graph":[{"@type":"WebPage","@id":"https:\/\/www.industridraperier.se\/no\/produkter\/stoydemping__trashed\/bullerskarm-smidig\/","url":"https:\/\/www.industridraperier.se\/no\/produkter\/stoydemping__trashed\/bullerskarm-smidig\/","name":"St\u00f8yskjermen Smidig - Industridraperier","isPartOf":{"@id":"https:\/\/www.industridraperier.se\/#website"},"primaryImageOfPage":{"@id":"https:\/\/www.industridraperier.se\/no\/produkter\/stoydemping__trashed\/bullerskarm-smidig\/#primaryimage"},"image":{"@id":"https:\/\/www.industridraperier.se\/no\/produkter\/stoydemping__trashed\/bullerskarm-smidig\/#primaryimage"},"thumbnailUrl":"https:\/\/www.industridraperier.se\/wp\/wp-content\/uploads\/2014\/09\/Bullersk\u00e4rm-Smidig.jpg","datePublished":"2014-09-03T14:25:53+00:00","dateModified":"2019-10-30T13:18:38+00:00","breadcrumb":{"@id":"https:\/\/www.industridraperier.se\/no\/produkter\/stoydemping__trashed\/bullerskarm-smidig\/#breadcrumb"},"inLanguage":"nb-NO","potentialAction":[{"@type":"ReadAction","target":["https:\/\/www.industridraperier.se\/no\/produkter\/stoydemping__trashed\/bullerskarm-smidig\/"]}]},{"@type":"ImageObject","inLanguage":"nb-NO","@id":"https:\/\/www.industridraperier.se\/no\/produkter\/stoydemping__trashed\/bullerskarm-smidig\/#primaryimage","url":"https:\/\/www.industridraperier.se\/wp\/wp-content\/uploads\/2014\/09\/Bullersk\u00e4rm-Smidig.jpg","contentUrl":"https:\/\/www.industridraperier.se\/wp\/wp-content\/uploads\/2014\/09\/Bullersk\u00e4rm-Smidig.jpg","width":267,"height":385},{"@type":"BreadcrumbList","@id":"https:\/\/www.industridraperier.se\/no\/produkter\/stoydemping__trashed\/bullerskarm-smidig\/#breadcrumb","itemListElement":[{"@type":"ListItem","position":1,"name":"Hem","item":"https:\/\/www.industridraperier.se\/no\/"},{"@type":"ListItem","position":2,"name":"Produkter og tjenester","item":"https:\/\/www.industridraperier.se\/no\/produkter\/"},{"@type":"ListItem","position":3,"name":"St\u00f8yskjermen Smidig"}]},{"@type":"WebSite","@id":"https:\/\/www.industridraperier.se\/#website","url":"https:\/\/www.industridraperier.se\/","name":"Industridraperier","description":"Slogan","potentialAction":[{"@type":"SearchAction","target":{"@type":"EntryPoint","urlTemplate":"https:\/\/www.industridraperier.se\/?s={search_term_string}"},"query-input":{"@type":"PropertyValueSpecification","valueRequired":true,"valueName":"search_term_string"}}],"inLanguage":"nb-NO"}]}},"_links":{"self":[{"href":"https:\/\/www.industridraperier.se\/no\/wp-json\/wp\/v2\/pages\/1182","targetHints":{"allow":["GET"]}}],"collection":[{"href":"https:\/\/www.industridraperier.se\/no\/wp-json\/wp\/v2\/pages"}],"about":[{"href":"https:\/\/www.industridraperier.se\/no\/wp-json\/wp\/v2\/types\/page"}],"author":[{"embeddable":true,"href":"https:\/\/www.industridraperier.se\/no\/wp-json\/wp\/v2\/users\/2"}],"replies":[{"embeddable":true,"href":"https:\/\/www.industridraperier.se\/no\/wp-json\/wp\/v2\/comments?post=1182"}],"version-history":[{"count":0,"href":"https:\/\/www.industridraperier.se\/no\/wp-json\/wp\/v2\/pages\/1182\/revisions"}],"up":[{"embeddable":true,"href":"https:\/\/www.industridraperier.se\/no\/wp-json\/wp\/v2\/pages\/7156"}],"wp:featuredmedia":[{"embeddable":true,"href":"https:\/\/www.industridraperier.se\/no\/wp-json\/wp\/v2\/media\/403"}],"wp:attachment":[{"href":"https:\/\/www.industridraperier.se\/no\/wp-json\/wp\/v2\/media?parent=1182"}],"curies":[{"name":"wp","href":"https:\/\/api.w.org\/{rel}","templated":true}]}}