{"id":1176,"date":"2014-09-03T16:14:02","date_gmt":"2014-09-03T14:14:02","guid":{"rendered":"http:\/\/industridraperier.se\/wp\/produkter\/bullerdampning\/bullerskarm-pa-hjul-eller-fot\/"},"modified":"2022-01-17T11:35:54","modified_gmt":"2022-01-17T10:35:54","slug":"bullerskarm-pa-hjul-eller-fot","status":"publish","type":"page","link":"https:\/\/www.industridraperier.se\/no\/produkter\/stoydemping\/bullerskarm-pa-hjul-eller-fot\/","title":{"rendered":"St\u00f8yskjerm p\u00e5 hjul eller fot"},"content":{"rendered":"<p>St\u00f8yskjermer som enkelt kan flyttes, med overflate av alu-forsinket st\u00e5lplate. F\u00e5s b\u00e5de p\u00e5 hjul og p\u00e5 fot. Panelplaten er perforert p\u00e5 en side. Kjernematerialet er st\u00f8ydempende mineralull. Tykkelsen p\u00e5 skjermene er 50 mm.<\/p>\n<p>Les mer om <a title=\"Hvordan demper vi st\u00f8y?\" href=\"http:\/\/www.industridraperier.se\/no\/produkter\/bullerdampning\/hur-vi-dampar-buller\/\">hvordon vi demper st\u00f8y.<\/a><\/p>\n","protected":false},"excerpt":{"rendered":"<p>St\u00f8yskjermer som enkelt kan flyttes, med overflate av alu-forsinket st\u00e5lplate. F\u00e5s b\u00e5de p\u00e5 hjul og p\u00e5 fot. Panelplaten er perforert p\u00e5 en side. Kjernematerialet er st\u00f8ydempende mineralull. Tykkelsen p\u00e5 skjermene&#8230;<\/p>\n","protected":false},"author":2,"featured_media":0,"parent":7156,"menu_order":0,"comment_status":"closed","ping_status":"closed","template":"page-left-sidebar.php","meta":{"_acf_changed":false,"footnotes":""},"class_list":["post-1176","page","type-page","status-publish"],"acf":[],"yoast_head":"<!-- This site is optimized with the Yoast SEO plugin v27.2 - https:\/\/yoast.com\/product\/yoast-seo-wordpress\/ -->\n<title>St\u00f8yskjerm p\u00e5 hjul eller fot - Industridraperier<\/title>\n<meta name=\"robots\" content=\"index, follow, max-snippet:-1, max-image-preview:large, max-video-preview:-1\" \/>\n<link rel=\"canonical\" href=\"https:\/\/www.industridraperier.se\/no\/produkter\/stoydemping__trashed\/bullerskarm-pa-hjul-eller-fot\/\" \/>\n<meta property=\"og:locale\" content=\"nb_NO\" \/>\n<meta property=\"og:type\" content=\"article\" \/>\n<meta property=\"og:title\" content=\"St\u00f8yskjerm p\u00e5 hjul eller fot - Industridraperier\" \/>\n<meta property=\"og:description\" content=\"St\u00f8yskjermer som enkelt kan flyttes, med overflate av alu-forsinket st\u00e5lplate. F\u00e5s b\u00e5de p\u00e5 hjul og p\u00e5 fot. Panelplaten er perforert p\u00e5 en side. Kjernematerialet er st\u00f8ydempende mineralull. Tykkelsen p\u00e5 skjermene...\" \/>\n<meta property=\"og:url\" content=\"https:\/\/www.industridraperier.se\/no\/produkter\/stoydemping__trashed\/bullerskarm-pa-hjul-eller-fot\/\" \/>\n<meta property=\"og:site_name\" content=\"Industridraperier\" \/>\n<meta property=\"article:publisher\" content=\"https:\/\/www.facebook.com\/pages\/Industridraperier-AB\/121686584597179\" \/>\n<meta property=\"article:modified_time\" content=\"2022-01-17T10:35:54+00:00\" \/>\n<meta name=\"twitter:label1\" content=\"Ansl. lesetid\" \/>\n\t<meta name=\"twitter:data1\" content=\"1 minutt\" \/>\n<script type=\"application\/ld+json\" class=\"yoast-schema-graph\">{\"@context\":\"https:\/\/schema.org\",\"@graph\":[{\"@type\":\"WebPage\",\"@id\":\"https:\/\/www.industridraperier.se\/no\/produkter\/stoydemping__trashed\/bullerskarm-pa-hjul-eller-fot\/\",\"url\":\"https:\/\/www.industridraperier.se\/no\/produkter\/stoydemping__trashed\/bullerskarm-pa-hjul-eller-fot\/\",\"name\":\"St\u00f8yskjerm p\u00e5 hjul eller fot - Industridraperier\",\"isPartOf\":{\"@id\":\"https:\/\/www.industridraperier.se\/#website\"},\"datePublished\":\"2014-09-03T14:14:02+00:00\",\"dateModified\":\"2022-01-17T10:35:54+00:00\",\"breadcrumb\":{\"@id\":\"https:\/\/www.industridraperier.se\/no\/produkter\/stoydemping__trashed\/bullerskarm-pa-hjul-eller-fot\/#breadcrumb\"},\"inLanguage\":\"nb-NO\",\"potentialAction\":[{\"@type\":\"ReadAction\",\"target\":[\"https:\/\/www.industridraperier.se\/no\/produkter\/stoydemping__trashed\/bullerskarm-pa-hjul-eller-fot\/\"]}]},{\"@type\":\"BreadcrumbList\",\"@id\":\"https:\/\/www.industridraperier.se\/no\/produkter\/stoydemping__trashed\/bullerskarm-pa-hjul-eller-fot\/#breadcrumb\",\"itemListElement\":[{\"@type\":\"ListItem\",\"position\":1,\"name\":\"Hem\",\"item\":\"https:\/\/www.industridraperier.se\/no\/\"},{\"@type\":\"ListItem\",\"position\":2,\"name\":\"Produkter og tjenester\",\"item\":\"https:\/\/www.industridraperier.se\/no\/produkter\/\"},{\"@type\":\"ListItem\",\"position\":3,\"name\":\"St\u00f8yskjerm p\u00e5 hjul eller fot\"}]},{\"@type\":\"WebSite\",\"@id\":\"https:\/\/www.industridraperier.se\/#website\",\"url\":\"https:\/\/www.industridraperier.se\/\",\"name\":\"Industridraperier\",\"description\":\"Slogan\",\"potentialAction\":[{\"@type\":\"SearchAction\",\"target\":{\"@type\":\"EntryPoint\",\"urlTemplate\":\"https:\/\/www.industridraperier.se\/?s={search_term_string}\"},\"query-input\":{\"@type\":\"PropertyValueSpecification\",\"valueRequired\":true,\"valueName\":\"search_term_string\"}}],\"inLanguage\":\"nb-NO\"}]}<\/script>\n<!-- \/ Yoast SEO plugin. -->","yoast_head_json":{"title":"St\u00f8yskjerm p\u00e5 hjul eller fot - Industridraperier","robots":{"index":"index","follow":"follow","max-snippet":"max-snippet:-1","max-image-preview":"max-image-preview:large","max-video-preview":"max-video-preview:-1"},"canonical":"https:\/\/www.industridraperier.se\/no\/produkter\/stoydemping__trashed\/bullerskarm-pa-hjul-eller-fot\/","og_locale":"nb_NO","og_type":"article","og_title":"St\u00f8yskjerm p\u00e5 hjul eller fot - Industridraperier","og_description":"St\u00f8yskjermer som enkelt kan flyttes, med overflate av alu-forsinket st\u00e5lplate. F\u00e5s b\u00e5de p\u00e5 hjul og p\u00e5 fot. Panelplaten er perforert p\u00e5 en side. Kjernematerialet er st\u00f8ydempende mineralull. Tykkelsen p\u00e5 skjermene...","og_url":"https:\/\/www.industridraperier.se\/no\/produkter\/stoydemping__trashed\/bullerskarm-pa-hjul-eller-fot\/","og_site_name":"Industridraperier","article_publisher":"https:\/\/www.facebook.com\/pages\/Industridraperier-AB\/121686584597179","article_modified_time":"2022-01-17T10:35:54+00:00","twitter_misc":{"Ansl. lesetid":"1 minutt"},"schema":{"@context":"https:\/\/schema.org","@graph":[{"@type":"WebPage","@id":"https:\/\/www.industridraperier.se\/no\/produkter\/stoydemping__trashed\/bullerskarm-pa-hjul-eller-fot\/","url":"https:\/\/www.industridraperier.se\/no\/produkter\/stoydemping__trashed\/bullerskarm-pa-hjul-eller-fot\/","name":"St\u00f8yskjerm p\u00e5 hjul eller fot - Industridraperier","isPartOf":{"@id":"https:\/\/www.industridraperier.se\/#website"},"datePublished":"2014-09-03T14:14:02+00:00","dateModified":"2022-01-17T10:35:54+00:00","breadcrumb":{"@id":"https:\/\/www.industridraperier.se\/no\/produkter\/stoydemping__trashed\/bullerskarm-pa-hjul-eller-fot\/#breadcrumb"},"inLanguage":"nb-NO","potentialAction":[{"@type":"ReadAction","target":["https:\/\/www.industridraperier.se\/no\/produkter\/stoydemping__trashed\/bullerskarm-pa-hjul-eller-fot\/"]}]},{"@type":"BreadcrumbList","@id":"https:\/\/www.industridraperier.se\/no\/produkter\/stoydemping__trashed\/bullerskarm-pa-hjul-eller-fot\/#breadcrumb","itemListElement":[{"@type":"ListItem","position":1,"name":"Hem","item":"https:\/\/www.industridraperier.se\/no\/"},{"@type":"ListItem","position":2,"name":"Produkter og tjenester","item":"https:\/\/www.industridraperier.se\/no\/produkter\/"},{"@type":"ListItem","position":3,"name":"St\u00f8yskjerm p\u00e5 hjul eller fot"}]},{"@type":"WebSite","@id":"https:\/\/www.industridraperier.se\/#website","url":"https:\/\/www.industridraperier.se\/","name":"Industridraperier","description":"Slogan","potentialAction":[{"@type":"SearchAction","target":{"@type":"EntryPoint","urlTemplate":"https:\/\/www.industridraperier.se\/?s={search_term_string}"},"query-input":{"@type":"PropertyValueSpecification","valueRequired":true,"valueName":"search_term_string"}}],"inLanguage":"nb-NO"}]}},"_links":{"self":[{"href":"https:\/\/www.industridraperier.se\/no\/wp-json\/wp\/v2\/pages\/1176","targetHints":{"allow":["GET"]}}],"collection":[{"href":"https:\/\/www.industridraperier.se\/no\/wp-json\/wp\/v2\/pages"}],"about":[{"href":"https:\/\/www.industridraperier.se\/no\/wp-json\/wp\/v2\/types\/page"}],"author":[{"embeddable":true,"href":"https:\/\/www.industridraperier.se\/no\/wp-json\/wp\/v2\/users\/2"}],"replies":[{"embeddable":true,"href":"https:\/\/www.industridraperier.se\/no\/wp-json\/wp\/v2\/comments?post=1176"}],"version-history":[{"count":0,"href":"https:\/\/www.industridraperier.se\/no\/wp-json\/wp\/v2\/pages\/1176\/revisions"}],"up":[{"embeddable":true,"href":"https:\/\/www.industridraperier.se\/no\/wp-json\/wp\/v2\/pages\/7156"}],"wp:attachment":[{"href":"https:\/\/www.industridraperier.se\/no\/wp-json\/wp\/v2\/media?parent=1176"}],"curies":[{"name":"wp","href":"https:\/\/api.w.org\/{rel}","templated":true}]}}