{"id":1164,"date":"2014-09-03T16:02:25","date_gmt":"2014-09-03T14:02:25","guid":{"rendered":"http:\/\/industridraperier.se\/wp\/produkter\/bullerdampning\/bullerdraperi-a10\/"},"modified":"2019-10-30T14:15:24","modified_gmt":"2019-10-30T13:15:24","slug":"bullerdraperi-a10","status":"publish","type":"page","link":"https:\/\/www.industridraperier.se\/no\/produkter\/stoydemping\/bullerdraperi-a10\/","title":{"rendered":"St\u00f8yforheng A10"},"content":{"rendered":"<p>St\u00f8yforhenget A10 er v\u00e5r serie av lyddempende forheng.\u00a0De er slitesterke og motstandsdyktige mot fukt, oljer og slipesprut. Kjernematerialet er 10 mm st\u00f8ydempende PVC-skum.\u00a0Forhengene f\u00e5s i standardst\u00f8rrelser, men for \u00e5 oppn\u00e5 mest effektiv st\u00f8ydemping b\u00f8r de m\u00e5lbestilles slik at de passer til nettopp din arbeidsplass.\u00a0St\u00f8yforhenget A10 kan utstyres med siktruter av myk PVC-plast.<\/p>\n<p>Les mer om <a title=\"Hvordan demper vi st\u00f8y?\" href=\"http:\/\/www.industridraperier.se\/no\/produkter\/bullerdampning\/hur-vi-dampar-buller\/\">hvordon vi demper st\u00f8y.<\/a><\/p>\n","protected":false},"excerpt":{"rendered":"<p>St\u00f8yforhenget A10 er v\u00e5r serie av lyddempende forheng.\u00a0De er slitesterke og motstandsdyktige mot fukt, oljer og slipesprut. Kjernematerialet er 10 mm st\u00f8ydempende PVC-skum.\u00a0Forhengene f\u00e5s i standardst\u00f8rrelser, men for \u00e5 oppn\u00e5&#8230;<\/p>\n","protected":false},"author":2,"featured_media":384,"parent":7156,"menu_order":0,"comment_status":"closed","ping_status":"closed","template":"page-left-sidebar.php","meta":{"_acf_changed":false,"footnotes":""},"class_list":["post-1164","page","type-page","status-publish","has-post-thumbnail"],"acf":[],"yoast_head":"<!-- This site is optimized with the Yoast SEO plugin v27.2 - https:\/\/yoast.com\/product\/yoast-seo-wordpress\/ -->\n<title>St\u00f8yforheng A10 - Industridraperier<\/title>\n<meta name=\"robots\" content=\"index, follow, max-snippet:-1, max-image-preview:large, max-video-preview:-1\" \/>\n<link rel=\"canonical\" href=\"https:\/\/www.industridraperier.se\/no\/produkter\/stoydemping__trashed\/bullerdraperi-a10\/\" \/>\n<meta property=\"og:locale\" content=\"nb_NO\" \/>\n<meta property=\"og:type\" content=\"article\" \/>\n<meta property=\"og:title\" content=\"St\u00f8yforheng A10 - Industridraperier\" \/>\n<meta property=\"og:description\" content=\"St\u00f8yforhenget A10 er v\u00e5r serie av lyddempende forheng.\u00a0De er slitesterke og motstandsdyktige mot fukt, oljer og slipesprut. Kjernematerialet er 10 mm st\u00f8ydempende PVC-skum.\u00a0Forhengene f\u00e5s i standardst\u00f8rrelser, men for \u00e5 oppn\u00e5...\" \/>\n<meta property=\"og:url\" content=\"https:\/\/www.industridraperier.se\/no\/produkter\/stoydemping__trashed\/bullerdraperi-a10\/\" \/>\n<meta property=\"og:site_name\" content=\"Industridraperier\" \/>\n<meta property=\"article:publisher\" content=\"https:\/\/www.facebook.com\/pages\/Industridraperier-AB\/121686584597179\" \/>\n<meta property=\"article:modified_time\" content=\"2019-10-30T13:15:24+00:00\" \/>\n<meta property=\"og:image\" content=\"https:\/\/www.industridraperier.se\/wp\/wp-content\/uploads\/2014\/09\/Bullerdraperi-A10.jpg\" \/>\n\t<meta property=\"og:image:width\" content=\"720\" \/>\n\t<meta property=\"og:image:height\" content=\"405\" \/>\n\t<meta property=\"og:image:type\" content=\"image\/jpeg\" \/>\n<script type=\"application\/ld+json\" class=\"yoast-schema-graph\">{\"@context\":\"https:\/\/schema.org\",\"@graph\":[{\"@type\":\"WebPage\",\"@id\":\"https:\/\/www.industridraperier.se\/no\/produkter\/stoydemping__trashed\/bullerdraperi-a10\/\",\"url\":\"https:\/\/www.industridraperier.se\/no\/produkter\/stoydemping__trashed\/bullerdraperi-a10\/\",\"name\":\"St\u00f8yforheng A10 - Industridraperier\",\"isPartOf\":{\"@id\":\"https:\/\/www.industridraperier.se\/#website\"},\"primaryImageOfPage\":{\"@id\":\"https:\/\/www.industridraperier.se\/no\/produkter\/stoydemping__trashed\/bullerdraperi-a10\/#primaryimage\"},\"image\":{\"@id\":\"https:\/\/www.industridraperier.se\/no\/produkter\/stoydemping__trashed\/bullerdraperi-a10\/#primaryimage\"},\"thumbnailUrl\":\"https:\/\/www.industridraperier.se\/wp\/wp-content\/uploads\/2014\/09\/Bullerdraperi-A10.jpg\",\"datePublished\":\"2014-09-03T14:02:25+00:00\",\"dateModified\":\"2019-10-30T13:15:24+00:00\",\"breadcrumb\":{\"@id\":\"https:\/\/www.industridraperier.se\/no\/produkter\/stoydemping__trashed\/bullerdraperi-a10\/#breadcrumb\"},\"inLanguage\":\"nb-NO\",\"potentialAction\":[{\"@type\":\"ReadAction\",\"target\":[\"https:\/\/www.industridraperier.se\/no\/produkter\/stoydemping__trashed\/bullerdraperi-a10\/\"]}]},{\"@type\":\"ImageObject\",\"inLanguage\":\"nb-NO\",\"@id\":\"https:\/\/www.industridraperier.se\/no\/produkter\/stoydemping__trashed\/bullerdraperi-a10\/#primaryimage\",\"url\":\"https:\/\/www.industridraperier.se\/wp\/wp-content\/uploads\/2014\/09\/Bullerdraperi-A10.jpg\",\"contentUrl\":\"https:\/\/www.industridraperier.se\/wp\/wp-content\/uploads\/2014\/09\/Bullerdraperi-A10.jpg\",\"width\":720,\"height\":405,\"caption\":\"Ljudd\u00e4mpat draperi f\u00f6r industrier bullerdraperi a10\"},{\"@type\":\"BreadcrumbList\",\"@id\":\"https:\/\/www.industridraperier.se\/no\/produkter\/stoydemping__trashed\/bullerdraperi-a10\/#breadcrumb\",\"itemListElement\":[{\"@type\":\"ListItem\",\"position\":1,\"name\":\"Hem\",\"item\":\"https:\/\/www.industridraperier.se\/no\/\"},{\"@type\":\"ListItem\",\"position\":2,\"name\":\"Produkter og tjenester\",\"item\":\"https:\/\/www.industridraperier.se\/no\/produkter\/\"},{\"@type\":\"ListItem\",\"position\":3,\"name\":\"St\u00f8yforheng A10\"}]},{\"@type\":\"WebSite\",\"@id\":\"https:\/\/www.industridraperier.se\/#website\",\"url\":\"https:\/\/www.industridraperier.se\/\",\"name\":\"Industridraperier\",\"description\":\"Slogan\",\"potentialAction\":[{\"@type\":\"SearchAction\",\"target\":{\"@type\":\"EntryPoint\",\"urlTemplate\":\"https:\/\/www.industridraperier.se\/?s={search_term_string}\"},\"query-input\":{\"@type\":\"PropertyValueSpecification\",\"valueRequired\":true,\"valueName\":\"search_term_string\"}}],\"inLanguage\":\"nb-NO\"}]}<\/script>\n<!-- \/ Yoast SEO plugin. -->","yoast_head_json":{"title":"St\u00f8yforheng A10 - Industridraperier","robots":{"index":"index","follow":"follow","max-snippet":"max-snippet:-1","max-image-preview":"max-image-preview:large","max-video-preview":"max-video-preview:-1"},"canonical":"https:\/\/www.industridraperier.se\/no\/produkter\/stoydemping__trashed\/bullerdraperi-a10\/","og_locale":"nb_NO","og_type":"article","og_title":"St\u00f8yforheng A10 - Industridraperier","og_description":"St\u00f8yforhenget A10 er v\u00e5r serie av lyddempende forheng.\u00a0De er slitesterke og motstandsdyktige mot fukt, oljer og slipesprut. Kjernematerialet er 10 mm st\u00f8ydempende PVC-skum.\u00a0Forhengene f\u00e5s i standardst\u00f8rrelser, men for \u00e5 oppn\u00e5...","og_url":"https:\/\/www.industridraperier.se\/no\/produkter\/stoydemping__trashed\/bullerdraperi-a10\/","og_site_name":"Industridraperier","article_publisher":"https:\/\/www.facebook.com\/pages\/Industridraperier-AB\/121686584597179","article_modified_time":"2019-10-30T13:15:24+00:00","og_image":[{"width":720,"height":405,"url":"https:\/\/www.industridraperier.se\/wp\/wp-content\/uploads\/2014\/09\/Bullerdraperi-A10.jpg","type":"image\/jpeg"}],"schema":{"@context":"https:\/\/schema.org","@graph":[{"@type":"WebPage","@id":"https:\/\/www.industridraperier.se\/no\/produkter\/stoydemping__trashed\/bullerdraperi-a10\/","url":"https:\/\/www.industridraperier.se\/no\/produkter\/stoydemping__trashed\/bullerdraperi-a10\/","name":"St\u00f8yforheng A10 - Industridraperier","isPartOf":{"@id":"https:\/\/www.industridraperier.se\/#website"},"primaryImageOfPage":{"@id":"https:\/\/www.industridraperier.se\/no\/produkter\/stoydemping__trashed\/bullerdraperi-a10\/#primaryimage"},"image":{"@id":"https:\/\/www.industridraperier.se\/no\/produkter\/stoydemping__trashed\/bullerdraperi-a10\/#primaryimage"},"thumbnailUrl":"https:\/\/www.industridraperier.se\/wp\/wp-content\/uploads\/2014\/09\/Bullerdraperi-A10.jpg","datePublished":"2014-09-03T14:02:25+00:00","dateModified":"2019-10-30T13:15:24+00:00","breadcrumb":{"@id":"https:\/\/www.industridraperier.se\/no\/produkter\/stoydemping__trashed\/bullerdraperi-a10\/#breadcrumb"},"inLanguage":"nb-NO","potentialAction":[{"@type":"ReadAction","target":["https:\/\/www.industridraperier.se\/no\/produkter\/stoydemping__trashed\/bullerdraperi-a10\/"]}]},{"@type":"ImageObject","inLanguage":"nb-NO","@id":"https:\/\/www.industridraperier.se\/no\/produkter\/stoydemping__trashed\/bullerdraperi-a10\/#primaryimage","url":"https:\/\/www.industridraperier.se\/wp\/wp-content\/uploads\/2014\/09\/Bullerdraperi-A10.jpg","contentUrl":"https:\/\/www.industridraperier.se\/wp\/wp-content\/uploads\/2014\/09\/Bullerdraperi-A10.jpg","width":720,"height":405,"caption":"Ljudd\u00e4mpat draperi f\u00f6r industrier bullerdraperi a10"},{"@type":"BreadcrumbList","@id":"https:\/\/www.industridraperier.se\/no\/produkter\/stoydemping__trashed\/bullerdraperi-a10\/#breadcrumb","itemListElement":[{"@type":"ListItem","position":1,"name":"Hem","item":"https:\/\/www.industridraperier.se\/no\/"},{"@type":"ListItem","position":2,"name":"Produkter og tjenester","item":"https:\/\/www.industridraperier.se\/no\/produkter\/"},{"@type":"ListItem","position":3,"name":"St\u00f8yforheng A10"}]},{"@type":"WebSite","@id":"https:\/\/www.industridraperier.se\/#website","url":"https:\/\/www.industridraperier.se\/","name":"Industridraperier","description":"Slogan","potentialAction":[{"@type":"SearchAction","target":{"@type":"EntryPoint","urlTemplate":"https:\/\/www.industridraperier.se\/?s={search_term_string}"},"query-input":{"@type":"PropertyValueSpecification","valueRequired":true,"valueName":"search_term_string"}}],"inLanguage":"nb-NO"}]}},"_links":{"self":[{"href":"https:\/\/www.industridraperier.se\/no\/wp-json\/wp\/v2\/pages\/1164","targetHints":{"allow":["GET"]}}],"collection":[{"href":"https:\/\/www.industridraperier.se\/no\/wp-json\/wp\/v2\/pages"}],"about":[{"href":"https:\/\/www.industridraperier.se\/no\/wp-json\/wp\/v2\/types\/page"}],"author":[{"embeddable":true,"href":"https:\/\/www.industridraperier.se\/no\/wp-json\/wp\/v2\/users\/2"}],"replies":[{"embeddable":true,"href":"https:\/\/www.industridraperier.se\/no\/wp-json\/wp\/v2\/comments?post=1164"}],"version-history":[{"count":0,"href":"https:\/\/www.industridraperier.se\/no\/wp-json\/wp\/v2\/pages\/1164\/revisions"}],"up":[{"embeddable":true,"href":"https:\/\/www.industridraperier.se\/no\/wp-json\/wp\/v2\/pages\/7156"}],"wp:featuredmedia":[{"embeddable":true,"href":"https:\/\/www.industridraperier.se\/no\/wp-json\/wp\/v2\/media\/384"}],"wp:attachment":[{"href":"https:\/\/www.industridraperier.se\/no\/wp-json\/wp\/v2\/media?parent=1164"}],"curies":[{"name":"wp","href":"https:\/\/api.w.org\/{rel}","templated":true}]}}