{"id":1126,"date":"2014-09-03T14:31:03","date_gmt":"2014-09-03T12:31:03","guid":{"rendered":"http:\/\/industridraperier.se\/wp\/produkter\/draperier-och-skarmar\/draperiskarm-smidig-pa-fot\/"},"modified":"2025-08-19T10:34:36","modified_gmt":"2025-08-19T08:34:36","slug":"draperiskjermer","status":"publish","type":"page","link":"https:\/\/www.industridraperier.se\/no\/produkter\/draperier-og-skjermer\/draperiskjermer\/","title":{"rendered":"Draperiskjermer"},"content":{"rendered":"<p>En stabil og smidig draperiskjerm med lav vekt som er lett \u00e5 flytte. Draperiskjermen brukes til avskjerming av sveiselys, kjemikalier, h\u00f8ye temperaturer m.m. Rammen best\u00e5r av 30&#215;30 mm alu-firkantr\u00f8r og veier ca. 8\u201312 kg. Velg riktig draperimateriale ut fra hva du vil avskjerme, se nedenfor.<\/p>\n","protected":false},"excerpt":{"rendered":"<p>En stabil og smidig draperiskjerm med lav vekt som er lett \u00e5 flytte. Draperiskjermen brukes til avskjerming av sveiselys, kjemikalier, h\u00f8ye temperaturer m.m. Rammen best\u00e5r av 30&#215;30 mm alu-firkantr\u00f8r og&#8230;<\/p>\n","protected":false},"author":2,"featured_media":1778,"parent":1090,"menu_order":0,"comment_status":"closed","ping_status":"closed","template":"","meta":{"_acf_changed":false,"footnotes":""},"class_list":["post-1126","page","type-page","status-publish","has-post-thumbnail"],"acf":[],"yoast_head":"<!-- This site is optimized with the Yoast SEO plugin v27.2 - https:\/\/yoast.com\/product\/yoast-seo-wordpress\/ -->\n<title>Draperiskjermer - Industridraperier<\/title>\n<meta name=\"description\" content=\"En stabil og smidig forhengsskjerm med lav vekt som er lett \u00e5 flytte. Forhengsskjermen brukes til avskjerming av sveiselys, kjemikalier, h\u00f8ye temperaturer\" \/>\n<meta name=\"robots\" content=\"index, follow, max-snippet:-1, max-image-preview:large, max-video-preview:-1\" \/>\n<link rel=\"canonical\" href=\"https:\/\/www.industridraperier.se\/no\/produkter\/draperier-og-skjermer\/draperiskjermer\/\" \/>\n<meta property=\"og:locale\" content=\"nb_NO\" \/>\n<meta property=\"og:type\" content=\"article\" \/>\n<meta property=\"og:title\" content=\"Draperiskjermer - Industridraperier\" \/>\n<meta property=\"og:description\" content=\"En stabil og smidig forhengsskjerm med lav vekt som er lett \u00e5 flytte. Forhengsskjermen brukes til avskjerming av sveiselys, kjemikalier, h\u00f8ye temperaturer\" \/>\n<meta property=\"og:url\" content=\"https:\/\/www.industridraperier.se\/no\/produkter\/draperier-og-skjermer\/draperiskjermer\/\" \/>\n<meta property=\"og:site_name\" content=\"Industridraperier\" \/>\n<meta property=\"article:publisher\" content=\"https:\/\/www.facebook.com\/pages\/Industridraperier-AB\/121686584597179\" \/>\n<meta property=\"article:modified_time\" content=\"2025-08-19T08:34:36+00:00\" \/>\n<meta property=\"og:image\" content=\"https:\/\/www.industridraperier.se\/wp\/wp-content\/uploads\/2014\/09\/Smidig-pa-fot1.jpg\" \/>\n\t<meta property=\"og:image:width\" content=\"720\" \/>\n\t<meta property=\"og:image:height\" content=\"435\" \/>\n\t<meta property=\"og:image:type\" content=\"image\/jpeg\" \/>\n<meta name=\"twitter:label1\" content=\"Ansl. lesetid\" \/>\n\t<meta name=\"twitter:data1\" content=\"1 minutt\" \/>\n<script type=\"application\/ld+json\" class=\"yoast-schema-graph\">{\"@context\":\"https:\/\/schema.org\",\"@graph\":[{\"@type\":\"WebPage\",\"@id\":\"https:\/\/www.industridraperier.se\/no\/produkter\/draperier-og-skjermer\/draperiskjermer\/\",\"url\":\"https:\/\/www.industridraperier.se\/no\/produkter\/draperier-og-skjermer\/draperiskjermer\/\",\"name\":\"Draperiskjermer - Industridraperier\",\"isPartOf\":{\"@id\":\"https:\/\/www.industridraperier.se\/#website\"},\"primaryImageOfPage\":{\"@id\":\"https:\/\/www.industridraperier.se\/no\/produkter\/draperier-og-skjermer\/draperiskjermer\/#primaryimage\"},\"image\":{\"@id\":\"https:\/\/www.industridraperier.se\/no\/produkter\/draperier-og-skjermer\/draperiskjermer\/#primaryimage\"},\"thumbnailUrl\":\"https:\/\/www.industridraperier.se\/wp\/wp-content\/uploads\/2014\/09\/Smidig-pa-fot1.jpg\",\"datePublished\":\"2014-09-03T12:31:03+00:00\",\"dateModified\":\"2025-08-19T08:34:36+00:00\",\"description\":\"En stabil og smidig forhengsskjerm med lav vekt som er lett \u00e5 flytte. Forhengsskjermen brukes til avskjerming av sveiselys, kjemikalier, h\u00f8ye temperaturer\",\"breadcrumb\":{\"@id\":\"https:\/\/www.industridraperier.se\/no\/produkter\/draperier-og-skjermer\/draperiskjermer\/#breadcrumb\"},\"inLanguage\":\"nb-NO\",\"potentialAction\":[{\"@type\":\"ReadAction\",\"target\":[\"https:\/\/www.industridraperier.se\/no\/produkter\/draperier-og-skjermer\/draperiskjermer\/\"]}]},{\"@type\":\"ImageObject\",\"inLanguage\":\"nb-NO\",\"@id\":\"https:\/\/www.industridraperier.se\/no\/produkter\/draperier-og-skjermer\/draperiskjermer\/#primaryimage\",\"url\":\"https:\/\/www.industridraperier.se\/wp\/wp-content\/uploads\/2014\/09\/Smidig-pa-fot1.jpg\",\"contentUrl\":\"https:\/\/www.industridraperier.se\/wp\/wp-content\/uploads\/2014\/09\/Smidig-pa-fot1.jpg\",\"width\":720,\"height\":435},{\"@type\":\"BreadcrumbList\",\"@id\":\"https:\/\/www.industridraperier.se\/no\/produkter\/draperier-og-skjermer\/draperiskjermer\/#breadcrumb\",\"itemListElement\":[{\"@type\":\"ListItem\",\"position\":1,\"name\":\"Hem\",\"item\":\"https:\/\/www.industridraperier.se\/no\/\"},{\"@type\":\"ListItem\",\"position\":2,\"name\":\"Produkter og tjenester\",\"item\":\"https:\/\/www.industridraperier.se\/no\/produkter\/\"},{\"@type\":\"ListItem\",\"position\":3,\"name\":\"Draperier og skjermer\",\"item\":\"https:\/\/www.industridraperier.se\/no\/produkter\/draperier-og-skjermer\/\"},{\"@type\":\"ListItem\",\"position\":4,\"name\":\"Draperiskjermer\"}]},{\"@type\":\"WebSite\",\"@id\":\"https:\/\/www.industridraperier.se\/#website\",\"url\":\"https:\/\/www.industridraperier.se\/\",\"name\":\"Industridraperier\",\"description\":\"Slogan\",\"potentialAction\":[{\"@type\":\"SearchAction\",\"target\":{\"@type\":\"EntryPoint\",\"urlTemplate\":\"https:\/\/www.industridraperier.se\/?s={search_term_string}\"},\"query-input\":{\"@type\":\"PropertyValueSpecification\",\"valueRequired\":true,\"valueName\":\"search_term_string\"}}],\"inLanguage\":\"nb-NO\"}]}<\/script>\n<!-- \/ Yoast SEO plugin. -->","yoast_head_json":{"title":"Draperiskjermer - Industridraperier","description":"En stabil og smidig forhengsskjerm med lav vekt som er lett \u00e5 flytte. Forhengsskjermen brukes til avskjerming av sveiselys, kjemikalier, h\u00f8ye temperaturer","robots":{"index":"index","follow":"follow","max-snippet":"max-snippet:-1","max-image-preview":"max-image-preview:large","max-video-preview":"max-video-preview:-1"},"canonical":"https:\/\/www.industridraperier.se\/no\/produkter\/draperier-og-skjermer\/draperiskjermer\/","og_locale":"nb_NO","og_type":"article","og_title":"Draperiskjermer - Industridraperier","og_description":"En stabil og smidig forhengsskjerm med lav vekt som er lett \u00e5 flytte. Forhengsskjermen brukes til avskjerming av sveiselys, kjemikalier, h\u00f8ye temperaturer","og_url":"https:\/\/www.industridraperier.se\/no\/produkter\/draperier-og-skjermer\/draperiskjermer\/","og_site_name":"Industridraperier","article_publisher":"https:\/\/www.facebook.com\/pages\/Industridraperier-AB\/121686584597179","article_modified_time":"2025-08-19T08:34:36+00:00","og_image":[{"width":720,"height":435,"url":"https:\/\/www.industridraperier.se\/wp\/wp-content\/uploads\/2014\/09\/Smidig-pa-fot1.jpg","type":"image\/jpeg"}],"twitter_misc":{"Ansl. lesetid":"1 minutt"},"schema":{"@context":"https:\/\/schema.org","@graph":[{"@type":"WebPage","@id":"https:\/\/www.industridraperier.se\/no\/produkter\/draperier-og-skjermer\/draperiskjermer\/","url":"https:\/\/www.industridraperier.se\/no\/produkter\/draperier-og-skjermer\/draperiskjermer\/","name":"Draperiskjermer - Industridraperier","isPartOf":{"@id":"https:\/\/www.industridraperier.se\/#website"},"primaryImageOfPage":{"@id":"https:\/\/www.industridraperier.se\/no\/produkter\/draperier-og-skjermer\/draperiskjermer\/#primaryimage"},"image":{"@id":"https:\/\/www.industridraperier.se\/no\/produkter\/draperier-og-skjermer\/draperiskjermer\/#primaryimage"},"thumbnailUrl":"https:\/\/www.industridraperier.se\/wp\/wp-content\/uploads\/2014\/09\/Smidig-pa-fot1.jpg","datePublished":"2014-09-03T12:31:03+00:00","dateModified":"2025-08-19T08:34:36+00:00","description":"En stabil og smidig forhengsskjerm med lav vekt som er lett \u00e5 flytte. Forhengsskjermen brukes til avskjerming av sveiselys, kjemikalier, h\u00f8ye temperaturer","breadcrumb":{"@id":"https:\/\/www.industridraperier.se\/no\/produkter\/draperier-og-skjermer\/draperiskjermer\/#breadcrumb"},"inLanguage":"nb-NO","potentialAction":[{"@type":"ReadAction","target":["https:\/\/www.industridraperier.se\/no\/produkter\/draperier-og-skjermer\/draperiskjermer\/"]}]},{"@type":"ImageObject","inLanguage":"nb-NO","@id":"https:\/\/www.industridraperier.se\/no\/produkter\/draperier-og-skjermer\/draperiskjermer\/#primaryimage","url":"https:\/\/www.industridraperier.se\/wp\/wp-content\/uploads\/2014\/09\/Smidig-pa-fot1.jpg","contentUrl":"https:\/\/www.industridraperier.se\/wp\/wp-content\/uploads\/2014\/09\/Smidig-pa-fot1.jpg","width":720,"height":435},{"@type":"BreadcrumbList","@id":"https:\/\/www.industridraperier.se\/no\/produkter\/draperier-og-skjermer\/draperiskjermer\/#breadcrumb","itemListElement":[{"@type":"ListItem","position":1,"name":"Hem","item":"https:\/\/www.industridraperier.se\/no\/"},{"@type":"ListItem","position":2,"name":"Produkter og tjenester","item":"https:\/\/www.industridraperier.se\/no\/produkter\/"},{"@type":"ListItem","position":3,"name":"Draperier og skjermer","item":"https:\/\/www.industridraperier.se\/no\/produkter\/draperier-og-skjermer\/"},{"@type":"ListItem","position":4,"name":"Draperiskjermer"}]},{"@type":"WebSite","@id":"https:\/\/www.industridraperier.se\/#website","url":"https:\/\/www.industridraperier.se\/","name":"Industridraperier","description":"Slogan","potentialAction":[{"@type":"SearchAction","target":{"@type":"EntryPoint","urlTemplate":"https:\/\/www.industridraperier.se\/?s={search_term_string}"},"query-input":{"@type":"PropertyValueSpecification","valueRequired":true,"valueName":"search_term_string"}}],"inLanguage":"nb-NO"}]}},"_links":{"self":[{"href":"https:\/\/www.industridraperier.se\/no\/wp-json\/wp\/v2\/pages\/1126","targetHints":{"allow":["GET"]}}],"collection":[{"href":"https:\/\/www.industridraperier.se\/no\/wp-json\/wp\/v2\/pages"}],"about":[{"href":"https:\/\/www.industridraperier.se\/no\/wp-json\/wp\/v2\/types\/page"}],"author":[{"embeddable":true,"href":"https:\/\/www.industridraperier.se\/no\/wp-json\/wp\/v2\/users\/2"}],"replies":[{"embeddable":true,"href":"https:\/\/www.industridraperier.se\/no\/wp-json\/wp\/v2\/comments?post=1126"}],"version-history":[{"count":2,"href":"https:\/\/www.industridraperier.se\/no\/wp-json\/wp\/v2\/pages\/1126\/revisions"}],"predecessor-version":[{"id":7046,"href":"https:\/\/www.industridraperier.se\/no\/wp-json\/wp\/v2\/pages\/1126\/revisions\/7046"}],"up":[{"embeddable":true,"href":"https:\/\/www.industridraperier.se\/no\/wp-json\/wp\/v2\/pages\/1090"}],"wp:featuredmedia":[{"embeddable":true,"href":"https:\/\/www.industridraperier.se\/no\/wp-json\/wp\/v2\/media\/1778"}],"wp:attachment":[{"href":"https:\/\/www.industridraperier.se\/no\/wp-json\/wp\/v2\/media?parent=1126"}],"curies":[{"name":"wp","href":"https:\/\/api.w.org\/{rel}","templated":true}]}}