{"id":1090,"date":"2014-09-02T15:03:59","date_gmt":"2014-09-02T13:03:59","guid":{"rendered":"http:\/\/industridraperier.se\/wp\/produkter\/draperier-och-skarmar\/"},"modified":"2025-08-19T10:31:28","modified_gmt":"2025-08-19T08:31:28","slug":"draperier-og-skjermer","status":"publish","type":"page","link":"https:\/\/www.industridraperier.se\/no\/produkter\/draperier-og-skjermer\/","title":{"rendered":"Draperier og skjermer"},"content":{"rendered":"<h3>Bj\u00f6rndraperiet \u2013 for effektiv avskjerming<\/h3>\n<p>Bj\u00f6rndraperiet gir enkel og effektiv avskjerming av h\u00f8yeste klasse og beskytter mot sveiselys, h\u00f8ye temperaturer, kjemikalier m.m.\u00a0Bj\u00f6rndraperiet f\u00e5s som forhengsskjerm, vanlig forheng eller motordrevet rulleforheng. Velg mellom en rekke ulike materialer og farger. Vi skreddersyr forhengene etter behov og \u00f8nsker. Vi hjelper selvf\u00f8lgelig ogs\u00e5 til med monteringen.<\/p>\n","protected":false},"excerpt":{"rendered":"<p>Bj\u00f6rndraperiet \u2013 for effektiv avskjerming Bj\u00f6rndraperiet gir enkel og effektiv avskjerming av h\u00f8yeste klasse og beskytter mot sveiselys, h\u00f8ye temperaturer, kjemikalier m.m.\u00a0Bj\u00f6rndraperiet f\u00e5s som forhengsskjerm, vanlig forheng eller motordrevet rulleforheng&#8230;.<\/p>\n","protected":false},"author":10,"featured_media":204,"parent":152,"menu_order":2,"comment_status":"closed","ping_status":"closed","template":"page-left-sidebar.php","meta":{"_acf_changed":false,"footnotes":""},"class_list":["post-1090","page","type-page","status-publish","has-post-thumbnail"],"acf":[],"yoast_head":"<!-- This site is optimized with the Yoast SEO plugin v27.2 - https:\/\/yoast.com\/product\/yoast-seo-wordpress\/ -->\n<title>Draperier og skjermer - Industridraperier<\/title>\n<meta name=\"description\" content=\"Bj\u00f6rndraperiet gir enkel og effektiv avskjerming av h\u00f8yeste klasse og beskytter mot sveiselys, h\u00f8ye temperaturer, kjemikalier m.m. Bj\u00f6rndraperiet...\" \/>\n<meta name=\"robots\" content=\"index, follow, max-snippet:-1, max-image-preview:large, max-video-preview:-1\" \/>\n<link rel=\"canonical\" href=\"https:\/\/www.industridraperier.se\/no\/produkter\/draperier-og-skjermer\/\" \/>\n<meta property=\"og:locale\" content=\"nb_NO\" \/>\n<meta property=\"og:type\" content=\"article\" \/>\n<meta property=\"og:title\" content=\"Draperier og skjermer - Industridraperier\" \/>\n<meta property=\"og:description\" content=\"Bj\u00f6rndraperiet gir enkel og effektiv avskjerming av h\u00f8yeste klasse og beskytter mot sveiselys, h\u00f8ye temperaturer, kjemikalier m.m. Bj\u00f6rndraperiet...\" \/>\n<meta property=\"og:url\" content=\"https:\/\/www.industridraperier.se\/no\/produkter\/draperier-og-skjermer\/\" \/>\n<meta property=\"og:site_name\" content=\"Industridraperier\" \/>\n<meta property=\"article:publisher\" content=\"https:\/\/www.facebook.com\/pages\/Industridraperier-AB\/121686584597179\" \/>\n<meta property=\"article:modified_time\" content=\"2025-08-19T08:31:28+00:00\" \/>\n<meta property=\"og:image\" content=\"https:\/\/www.industridraperier.se\/wp\/wp-content\/uploads\/2014\/09\/Draperier-och-skarmar.jpg\" \/>\n\t<meta property=\"og:image:width\" content=\"720\" \/>\n\t<meta property=\"og:image:height\" content=\"479\" \/>\n\t<meta property=\"og:image:type\" content=\"image\/jpeg\" \/>\n<meta name=\"twitter:label1\" content=\"Ansl. lesetid\" \/>\n\t<meta name=\"twitter:data1\" content=\"1 minutt\" \/>\n<script type=\"application\/ld+json\" class=\"yoast-schema-graph\">{\"@context\":\"https:\/\/schema.org\",\"@graph\":[{\"@type\":\"WebPage\",\"@id\":\"https:\/\/www.industridraperier.se\/no\/produkter\/draperier-og-skjermer\/\",\"url\":\"https:\/\/www.industridraperier.se\/no\/produkter\/draperier-og-skjermer\/\",\"name\":\"Draperier og skjermer - Industridraperier\",\"isPartOf\":{\"@id\":\"https:\/\/www.industridraperier.se\/#website\"},\"primaryImageOfPage\":{\"@id\":\"https:\/\/www.industridraperier.se\/no\/produkter\/draperier-og-skjermer\/#primaryimage\"},\"image\":{\"@id\":\"https:\/\/www.industridraperier.se\/no\/produkter\/draperier-og-skjermer\/#primaryimage\"},\"thumbnailUrl\":\"https:\/\/www.industridraperier.se\/wp\/wp-content\/uploads\/2014\/09\/Draperier-och-skarmar.jpg\",\"datePublished\":\"2014-09-02T13:03:59+00:00\",\"dateModified\":\"2025-08-19T08:31:28+00:00\",\"description\":\"Bj\u00f6rndraperiet gir enkel og effektiv avskjerming av h\u00f8yeste klasse og beskytter mot sveiselys, h\u00f8ye temperaturer, kjemikalier m.m. Bj\u00f6rndraperiet...\",\"breadcrumb\":{\"@id\":\"https:\/\/www.industridraperier.se\/no\/produkter\/draperier-og-skjermer\/#breadcrumb\"},\"inLanguage\":\"nb-NO\",\"potentialAction\":[{\"@type\":\"ReadAction\",\"target\":[\"https:\/\/www.industridraperier.se\/no\/produkter\/draperier-og-skjermer\/\"]}]},{\"@type\":\"ImageObject\",\"inLanguage\":\"nb-NO\",\"@id\":\"https:\/\/www.industridraperier.se\/no\/produkter\/draperier-og-skjermer\/#primaryimage\",\"url\":\"https:\/\/www.industridraperier.se\/wp\/wp-content\/uploads\/2014\/09\/Draperier-och-skarmar.jpg\",\"contentUrl\":\"https:\/\/www.industridraperier.se\/wp\/wp-content\/uploads\/2014\/09\/Draperier-och-skarmar.jpg\",\"width\":720,\"height\":479},{\"@type\":\"BreadcrumbList\",\"@id\":\"https:\/\/www.industridraperier.se\/no\/produkter\/draperier-og-skjermer\/#breadcrumb\",\"itemListElement\":[{\"@type\":\"ListItem\",\"position\":1,\"name\":\"Hem\",\"item\":\"https:\/\/www.industridraperier.se\/no\/\"},{\"@type\":\"ListItem\",\"position\":2,\"name\":\"Produkter og tjenester\",\"item\":\"https:\/\/www.industridraperier.se\/no\/produkter\/\"},{\"@type\":\"ListItem\",\"position\":3,\"name\":\"Draperier og skjermer\"}]},{\"@type\":\"WebSite\",\"@id\":\"https:\/\/www.industridraperier.se\/#website\",\"url\":\"https:\/\/www.industridraperier.se\/\",\"name\":\"Industridraperier\",\"description\":\"Slogan\",\"potentialAction\":[{\"@type\":\"SearchAction\",\"target\":{\"@type\":\"EntryPoint\",\"urlTemplate\":\"https:\/\/www.industridraperier.se\/?s={search_term_string}\"},\"query-input\":{\"@type\":\"PropertyValueSpecification\",\"valueRequired\":true,\"valueName\":\"search_term_string\"}}],\"inLanguage\":\"nb-NO\"}]}<\/script>\n<!-- \/ Yoast SEO plugin. -->","yoast_head_json":{"title":"Draperier og skjermer - Industridraperier","description":"Bj\u00f6rndraperiet gir enkel og effektiv avskjerming av h\u00f8yeste klasse og beskytter mot sveiselys, h\u00f8ye temperaturer, kjemikalier m.m. Bj\u00f6rndraperiet...","robots":{"index":"index","follow":"follow","max-snippet":"max-snippet:-1","max-image-preview":"max-image-preview:large","max-video-preview":"max-video-preview:-1"},"canonical":"https:\/\/www.industridraperier.se\/no\/produkter\/draperier-og-skjermer\/","og_locale":"nb_NO","og_type":"article","og_title":"Draperier og skjermer - Industridraperier","og_description":"Bj\u00f6rndraperiet gir enkel og effektiv avskjerming av h\u00f8yeste klasse og beskytter mot sveiselys, h\u00f8ye temperaturer, kjemikalier m.m. Bj\u00f6rndraperiet...","og_url":"https:\/\/www.industridraperier.se\/no\/produkter\/draperier-og-skjermer\/","og_site_name":"Industridraperier","article_publisher":"https:\/\/www.facebook.com\/pages\/Industridraperier-AB\/121686584597179","article_modified_time":"2025-08-19T08:31:28+00:00","og_image":[{"width":720,"height":479,"url":"https:\/\/www.industridraperier.se\/wp\/wp-content\/uploads\/2014\/09\/Draperier-och-skarmar.jpg","type":"image\/jpeg"}],"twitter_misc":{"Ansl. lesetid":"1 minutt"},"schema":{"@context":"https:\/\/schema.org","@graph":[{"@type":"WebPage","@id":"https:\/\/www.industridraperier.se\/no\/produkter\/draperier-og-skjermer\/","url":"https:\/\/www.industridraperier.se\/no\/produkter\/draperier-og-skjermer\/","name":"Draperier og skjermer - Industridraperier","isPartOf":{"@id":"https:\/\/www.industridraperier.se\/#website"},"primaryImageOfPage":{"@id":"https:\/\/www.industridraperier.se\/no\/produkter\/draperier-og-skjermer\/#primaryimage"},"image":{"@id":"https:\/\/www.industridraperier.se\/no\/produkter\/draperier-og-skjermer\/#primaryimage"},"thumbnailUrl":"https:\/\/www.industridraperier.se\/wp\/wp-content\/uploads\/2014\/09\/Draperier-och-skarmar.jpg","datePublished":"2014-09-02T13:03:59+00:00","dateModified":"2025-08-19T08:31:28+00:00","description":"Bj\u00f6rndraperiet gir enkel og effektiv avskjerming av h\u00f8yeste klasse og beskytter mot sveiselys, h\u00f8ye temperaturer, kjemikalier m.m. Bj\u00f6rndraperiet...","breadcrumb":{"@id":"https:\/\/www.industridraperier.se\/no\/produkter\/draperier-og-skjermer\/#breadcrumb"},"inLanguage":"nb-NO","potentialAction":[{"@type":"ReadAction","target":["https:\/\/www.industridraperier.se\/no\/produkter\/draperier-og-skjermer\/"]}]},{"@type":"ImageObject","inLanguage":"nb-NO","@id":"https:\/\/www.industridraperier.se\/no\/produkter\/draperier-og-skjermer\/#primaryimage","url":"https:\/\/www.industridraperier.se\/wp\/wp-content\/uploads\/2014\/09\/Draperier-och-skarmar.jpg","contentUrl":"https:\/\/www.industridraperier.se\/wp\/wp-content\/uploads\/2014\/09\/Draperier-och-skarmar.jpg","width":720,"height":479},{"@type":"BreadcrumbList","@id":"https:\/\/www.industridraperier.se\/no\/produkter\/draperier-og-skjermer\/#breadcrumb","itemListElement":[{"@type":"ListItem","position":1,"name":"Hem","item":"https:\/\/www.industridraperier.se\/no\/"},{"@type":"ListItem","position":2,"name":"Produkter og tjenester","item":"https:\/\/www.industridraperier.se\/no\/produkter\/"},{"@type":"ListItem","position":3,"name":"Draperier og skjermer"}]},{"@type":"WebSite","@id":"https:\/\/www.industridraperier.se\/#website","url":"https:\/\/www.industridraperier.se\/","name":"Industridraperier","description":"Slogan","potentialAction":[{"@type":"SearchAction","target":{"@type":"EntryPoint","urlTemplate":"https:\/\/www.industridraperier.se\/?s={search_term_string}"},"query-input":{"@type":"PropertyValueSpecification","valueRequired":true,"valueName":"search_term_string"}}],"inLanguage":"nb-NO"}]}},"_links":{"self":[{"href":"https:\/\/www.industridraperier.se\/no\/wp-json\/wp\/v2\/pages\/1090","targetHints":{"allow":["GET"]}}],"collection":[{"href":"https:\/\/www.industridraperier.se\/no\/wp-json\/wp\/v2\/pages"}],"about":[{"href":"https:\/\/www.industridraperier.se\/no\/wp-json\/wp\/v2\/types\/page"}],"author":[{"embeddable":true,"href":"https:\/\/www.industridraperier.se\/no\/wp-json\/wp\/v2\/users\/10"}],"replies":[{"embeddable":true,"href":"https:\/\/www.industridraperier.se\/no\/wp-json\/wp\/v2\/comments?post=1090"}],"version-history":[{"count":1,"href":"https:\/\/www.industridraperier.se\/no\/wp-json\/wp\/v2\/pages\/1090\/revisions"}],"predecessor-version":[{"id":7044,"href":"https:\/\/www.industridraperier.se\/no\/wp-json\/wp\/v2\/pages\/1090\/revisions\/7044"}],"up":[{"embeddable":true,"href":"https:\/\/www.industridraperier.se\/no\/wp-json\/wp\/v2\/pages\/152"}],"wp:featuredmedia":[{"embeddable":true,"href":"https:\/\/www.industridraperier.se\/no\/wp-json\/wp\/v2\/media\/204"}],"wp:attachment":[{"href":"https:\/\/www.industridraperier.se\/no\/wp-json\/wp\/v2\/media?parent=1090"}],"curies":[{"name":"wp","href":"https:\/\/api.w.org\/{rel}","templated":true}]}}