{"id":1076,"date":"2014-09-03T13:11:54","date_gmt":"2014-09-03T11:11:54","guid":{"rendered":"http:\/\/industridraperier.se\/wp\/produkter\/pvc-rida-och-pendelport\/pendelport\/"},"modified":"2016-09-22T11:26:48","modified_gmt":"2016-09-22T09:26:48","slug":"pendelport","status":"publish","type":"page","link":"https:\/\/www.industridraperier.se\/no\/produkter\/pvc-rida-och-pendelport\/pendelport\/","title":{"rendered":"Pendelport"},"content":{"rendered":"<p>En enkel og stabil pendelport som t\u00e5ler det meste. Den er enkel \u00e5 g\u00e5 og kj\u00f8re gjennom, samtidig som den t\u00e5ler hard slitasje. En pendelport m\u00e5ltilpasses alltid etter dag\u00e5pningen (maks. 3 x 3 meter).<\/p>\n<h3>Passer utmerket som truckport<\/h3>\n<p>V\u00e5r pendelport f\u00e5s i helt transparent PVC og som kombi-l\u00f8sning med svart PVC.<\/p>\n","protected":false},"excerpt":{"rendered":"<p>En enkel og stabil pendelport som t\u00e5ler det meste. Den er enkel \u00e5 g\u00e5 og kj\u00f8re gjennom, samtidig som den t\u00e5ler hard slitasje. En pendelport m\u00e5ltilpasses alltid etter dag\u00e5pningen (maks&#8230;.<\/p>\n","protected":false},"author":2,"featured_media":2711,"parent":1047,"menu_order":0,"comment_status":"closed","ping_status":"closed","template":"page-left-sidebar.php","meta":{"_acf_changed":false,"footnotes":""},"class_list":["post-1076","page","type-page","status-publish","has-post-thumbnail"],"acf":[],"yoast_head":"<!-- This site is optimized with the Yoast SEO plugin v27.2 - https:\/\/yoast.com\/product\/yoast-seo-wordpress\/ -->\n<title>Pendelport - Industridraperier<\/title>\n<meta name=\"robots\" content=\"index, follow, max-snippet:-1, max-image-preview:large, max-video-preview:-1\" \/>\n<link rel=\"canonical\" href=\"https:\/\/www.industridraperier.se\/no\/produkter\/pvc-rida-och-pendelport\/pendelport\/\" \/>\n<meta property=\"og:locale\" content=\"nb_NO\" \/>\n<meta property=\"og:type\" content=\"article\" \/>\n<meta property=\"og:title\" content=\"Pendelport - Industridraperier\" \/>\n<meta property=\"og:description\" content=\"En enkel og stabil pendelport som t\u00e5ler det meste. Den er enkel \u00e5 g\u00e5 og kj\u00f8re gjennom, samtidig som den t\u00e5ler hard slitasje. En pendelport m\u00e5ltilpasses alltid etter dag\u00e5pningen (maks....\" \/>\n<meta property=\"og:url\" content=\"https:\/\/www.industridraperier.se\/no\/produkter\/pvc-rida-och-pendelport\/pendelport\/\" \/>\n<meta property=\"og:site_name\" content=\"Industridraperier\" \/>\n<meta property=\"article:publisher\" content=\"https:\/\/www.facebook.com\/pages\/Industridraperier-AB\/121686584597179\" \/>\n<meta property=\"article:modified_time\" content=\"2016-09-22T09:26:48+00:00\" \/>\n<meta property=\"og:image\" content=\"https:\/\/www.industridraperier.se\/wp\/wp-content\/uploads\/2014\/09\/Pendelport_2016_3.jpg\" \/>\n\t<meta property=\"og:image:width\" content=\"425\" \/>\n\t<meta property=\"og:image:height\" content=\"425\" \/>\n\t<meta property=\"og:image:type\" content=\"image\/jpeg\" \/>\n<script type=\"application\/ld+json\" class=\"yoast-schema-graph\">{\"@context\":\"https:\/\/schema.org\",\"@graph\":[{\"@type\":\"WebPage\",\"@id\":\"https:\/\/www.industridraperier.se\/no\/produkter\/pvc-rida-och-pendelport\/pendelport\/\",\"url\":\"https:\/\/www.industridraperier.se\/no\/produkter\/pvc-rida-och-pendelport\/pendelport\/\",\"name\":\"Pendelport - Industridraperier\",\"isPartOf\":{\"@id\":\"https:\/\/www.industridraperier.se\/#website\"},\"primaryImageOfPage\":{\"@id\":\"https:\/\/www.industridraperier.se\/no\/produkter\/pvc-rida-och-pendelport\/pendelport\/#primaryimage\"},\"image\":{\"@id\":\"https:\/\/www.industridraperier.se\/no\/produkter\/pvc-rida-och-pendelport\/pendelport\/#primaryimage\"},\"thumbnailUrl\":\"https:\/\/www.industridraperier.se\/wp\/wp-content\/uploads\/2014\/09\/Pendelport_2016_3.jpg\",\"datePublished\":\"2014-09-03T11:11:54+00:00\",\"dateModified\":\"2016-09-22T09:26:48+00:00\",\"breadcrumb\":{\"@id\":\"https:\/\/www.industridraperier.se\/no\/produkter\/pvc-rida-och-pendelport\/pendelport\/#breadcrumb\"},\"inLanguage\":\"nb-NO\",\"potentialAction\":[{\"@type\":\"ReadAction\",\"target\":[\"https:\/\/www.industridraperier.se\/no\/produkter\/pvc-rida-och-pendelport\/pendelport\/\"]}]},{\"@type\":\"ImageObject\",\"inLanguage\":\"nb-NO\",\"@id\":\"https:\/\/www.industridraperier.se\/no\/produkter\/pvc-rida-och-pendelport\/pendelport\/#primaryimage\",\"url\":\"https:\/\/www.industridraperier.se\/wp\/wp-content\/uploads\/2014\/09\/Pendelport_2016_3.jpg\",\"contentUrl\":\"https:\/\/www.industridraperier.se\/wp\/wp-content\/uploads\/2014\/09\/Pendelport_2016_3.jpg\",\"width\":425,\"height\":425},{\"@type\":\"BreadcrumbList\",\"@id\":\"https:\/\/www.industridraperier.se\/no\/produkter\/pvc-rida-och-pendelport\/pendelport\/#breadcrumb\",\"itemListElement\":[{\"@type\":\"ListItem\",\"position\":1,\"name\":\"Hem\",\"item\":\"https:\/\/www.industridraperier.se\/no\/\"},{\"@type\":\"ListItem\",\"position\":2,\"name\":\"Produkter og tjenester\",\"item\":\"https:\/\/www.industridraperier.se\/no\/produkter\/\"},{\"@type\":\"ListItem\",\"position\":3,\"name\":\"PVC-gardin og pendelport\",\"item\":\"https:\/\/www.industridraperier.se\/no\/produkter\/pvc-rida-och-pendelport\/\"},{\"@type\":\"ListItem\",\"position\":4,\"name\":\"Pendelport\"}]},{\"@type\":\"WebSite\",\"@id\":\"https:\/\/www.industridraperier.se\/#website\",\"url\":\"https:\/\/www.industridraperier.se\/\",\"name\":\"Industridraperier\",\"description\":\"Slogan\",\"potentialAction\":[{\"@type\":\"SearchAction\",\"target\":{\"@type\":\"EntryPoint\",\"urlTemplate\":\"https:\/\/www.industridraperier.se\/?s={search_term_string}\"},\"query-input\":{\"@type\":\"PropertyValueSpecification\",\"valueRequired\":true,\"valueName\":\"search_term_string\"}}],\"inLanguage\":\"nb-NO\"}]}<\/script>\n<!-- \/ Yoast SEO plugin. -->","yoast_head_json":{"title":"Pendelport - Industridraperier","robots":{"index":"index","follow":"follow","max-snippet":"max-snippet:-1","max-image-preview":"max-image-preview:large","max-video-preview":"max-video-preview:-1"},"canonical":"https:\/\/www.industridraperier.se\/no\/produkter\/pvc-rida-och-pendelport\/pendelport\/","og_locale":"nb_NO","og_type":"article","og_title":"Pendelport - Industridraperier","og_description":"En enkel og stabil pendelport som t\u00e5ler det meste. Den er enkel \u00e5 g\u00e5 og kj\u00f8re gjennom, samtidig som den t\u00e5ler hard slitasje. En pendelport m\u00e5ltilpasses alltid etter dag\u00e5pningen (maks....","og_url":"https:\/\/www.industridraperier.se\/no\/produkter\/pvc-rida-och-pendelport\/pendelport\/","og_site_name":"Industridraperier","article_publisher":"https:\/\/www.facebook.com\/pages\/Industridraperier-AB\/121686584597179","article_modified_time":"2016-09-22T09:26:48+00:00","og_image":[{"width":425,"height":425,"url":"https:\/\/www.industridraperier.se\/wp\/wp-content\/uploads\/2014\/09\/Pendelport_2016_3.jpg","type":"image\/jpeg"}],"schema":{"@context":"https:\/\/schema.org","@graph":[{"@type":"WebPage","@id":"https:\/\/www.industridraperier.se\/no\/produkter\/pvc-rida-och-pendelport\/pendelport\/","url":"https:\/\/www.industridraperier.se\/no\/produkter\/pvc-rida-och-pendelport\/pendelport\/","name":"Pendelport - Industridraperier","isPartOf":{"@id":"https:\/\/www.industridraperier.se\/#website"},"primaryImageOfPage":{"@id":"https:\/\/www.industridraperier.se\/no\/produkter\/pvc-rida-och-pendelport\/pendelport\/#primaryimage"},"image":{"@id":"https:\/\/www.industridraperier.se\/no\/produkter\/pvc-rida-och-pendelport\/pendelport\/#primaryimage"},"thumbnailUrl":"https:\/\/www.industridraperier.se\/wp\/wp-content\/uploads\/2014\/09\/Pendelport_2016_3.jpg","datePublished":"2014-09-03T11:11:54+00:00","dateModified":"2016-09-22T09:26:48+00:00","breadcrumb":{"@id":"https:\/\/www.industridraperier.se\/no\/produkter\/pvc-rida-och-pendelport\/pendelport\/#breadcrumb"},"inLanguage":"nb-NO","potentialAction":[{"@type":"ReadAction","target":["https:\/\/www.industridraperier.se\/no\/produkter\/pvc-rida-och-pendelport\/pendelport\/"]}]},{"@type":"ImageObject","inLanguage":"nb-NO","@id":"https:\/\/www.industridraperier.se\/no\/produkter\/pvc-rida-och-pendelport\/pendelport\/#primaryimage","url":"https:\/\/www.industridraperier.se\/wp\/wp-content\/uploads\/2014\/09\/Pendelport_2016_3.jpg","contentUrl":"https:\/\/www.industridraperier.se\/wp\/wp-content\/uploads\/2014\/09\/Pendelport_2016_3.jpg","width":425,"height":425},{"@type":"BreadcrumbList","@id":"https:\/\/www.industridraperier.se\/no\/produkter\/pvc-rida-och-pendelport\/pendelport\/#breadcrumb","itemListElement":[{"@type":"ListItem","position":1,"name":"Hem","item":"https:\/\/www.industridraperier.se\/no\/"},{"@type":"ListItem","position":2,"name":"Produkter og tjenester","item":"https:\/\/www.industridraperier.se\/no\/produkter\/"},{"@type":"ListItem","position":3,"name":"PVC-gardin og pendelport","item":"https:\/\/www.industridraperier.se\/no\/produkter\/pvc-rida-och-pendelport\/"},{"@type":"ListItem","position":4,"name":"Pendelport"}]},{"@type":"WebSite","@id":"https:\/\/www.industridraperier.se\/#website","url":"https:\/\/www.industridraperier.se\/","name":"Industridraperier","description":"Slogan","potentialAction":[{"@type":"SearchAction","target":{"@type":"EntryPoint","urlTemplate":"https:\/\/www.industridraperier.se\/?s={search_term_string}"},"query-input":{"@type":"PropertyValueSpecification","valueRequired":true,"valueName":"search_term_string"}}],"inLanguage":"nb-NO"}]}},"_links":{"self":[{"href":"https:\/\/www.industridraperier.se\/no\/wp-json\/wp\/v2\/pages\/1076","targetHints":{"allow":["GET"]}}],"collection":[{"href":"https:\/\/www.industridraperier.se\/no\/wp-json\/wp\/v2\/pages"}],"about":[{"href":"https:\/\/www.industridraperier.se\/no\/wp-json\/wp\/v2\/types\/page"}],"author":[{"embeddable":true,"href":"https:\/\/www.industridraperier.se\/no\/wp-json\/wp\/v2\/users\/2"}],"replies":[{"embeddable":true,"href":"https:\/\/www.industridraperier.se\/no\/wp-json\/wp\/v2\/comments?post=1076"}],"version-history":[{"count":0,"href":"https:\/\/www.industridraperier.se\/no\/wp-json\/wp\/v2\/pages\/1076\/revisions"}],"up":[{"embeddable":true,"href":"https:\/\/www.industridraperier.se\/no\/wp-json\/wp\/v2\/pages\/1047"}],"wp:featuredmedia":[{"embeddable":true,"href":"https:\/\/www.industridraperier.se\/no\/wp-json\/wp\/v2\/media\/2711"}],"wp:attachment":[{"href":"https:\/\/www.industridraperier.se\/no\/wp-json\/wp\/v2\/media?parent=1076"}],"curies":[{"name":"wp","href":"https:\/\/api.w.org\/{rel}","templated":true}]}}